{"id":421,"date":"2024-08-09T07:21:19","date_gmt":"2024-08-09T07:21:19","guid":{"rendered":"https:\/\/banquyen.karogroup.vn\/?post_type=product&#038;p=421"},"modified":"2024-08-09T07:35:11","modified_gmt":"2024-08-09T07:35:11","slug":"khoa-hoc-chung-chi-quoc-te-unity-cho-games-developer","status":"publish","type":"product","link":"https:\/\/banquyen.karogroup.vn\/?product=khoa-hoc-chung-chi-quoc-te-unity-cho-games-developer","title":{"rendered":"Kh\u00f3a h\u1ecdc &#038; ch\u1ee9ng ch\u1ec9 qu\u1ed1c t\u1ebf Unity cho Games Developer"},"content":{"rendered":"<p>Kh\u00f3a h\u1ecdc <strong>Unity Certified Expert Gameplay Programmer<\/strong> \u0111\u01b0\u1ee3c thi\u1ebft k\u1ebf d\u00e0nh cho c\u00e1c l\u1eadp tr\u00ecnh vi\u00ean game \u0111\u00e3 c\u00f3 kinh nghi\u1ec7m, nh\u1eb1m n\u00e2ng cao k\u1ef9 n\u0103ng l\u1eadp tr\u00ecnh gameplay v\u00e0 c\u00e1c h\u1ec7 th\u1ed1ng tr\u00f2 ch\u01a1i ph\u1ee9c t\u1ea1p b\u1eb1ng Unity. Kh\u00f3a h\u1ecdc n\u00e0y gi\u00fap b\u1ea1n l\u00e0m ch\u1ee7 c\u00e1c k\u1ef9 thu\u1eadt l\u1eadp tr\u00ecnh ti\u00ean ti\u1ebfn, t\u1eeb vi\u1ec7c x\u00e2y d\u1ef1ng c\u00e1c c\u01a1 ch\u1ebf gameplay \u0111\u1ed9c \u0111\u00e1o cho \u0111\u1ebfn t\u1ed1i \u01b0u h\u00f3a hi\u1ec7u su\u1ea5t v\u00e0 \u0111\u1ea3m b\u1ea3o t\u00ednh \u1ed5n \u0111\u1ecbnh c\u1ee7a game.<\/p>\n<h4>N\u1ed9i dung kh\u00f3a h\u1ecdc bao g\u1ed3m:<\/h4>\n<ol>\n<li><strong>Ki\u1ebfn th\u1ee9c c\u01a1 b\u1ea3n v\u1ec1 Unity v\u00e0 l\u1eadp tr\u00ecnh gameplay<\/strong>: C\u1ee7ng c\u1ed1 ki\u1ebfn th\u1ee9c v\u1ec1 m\u00f4i tr\u01b0\u1eddng Unity, quy tr\u00ecnh ph\u00e1t tri\u1ec3n game, v\u00e0 c\u00e1c nguy\u00ean t\u1eafc c\u01a1 b\u1ea3n trong l\u1eadp tr\u00ecnh gameplay.<\/li>\n<li><strong>X\u00e2y d\u1ef1ng c\u01a1 ch\u1ebf gameplay ph\u1ee9c t\u1ea1p<\/strong>: H\u1ecdc c\u00e1ch l\u1eadp tr\u00ecnh c\u00e1c c\u01a1 ch\u1ebf gameplay ti\u00ean ti\u1ebfn nh\u01b0 AI, h\u1ec7 th\u1ed1ng chi\u1ebfn \u0111\u1ea5u, \u0111i\u1ec1u khi\u1ec3n nh\u00e2n v\u1eadt, v\u00e0 t\u01b0\u01a1ng t\u00e1c ng\u01b0\u1eddi ch\u01a1i.<\/li>\n<li><strong>T\u1ed1i \u01b0u h\u00f3a v\u00e0 qu\u1ea3n l\u00fd t\u00e0i nguy\u00ean<\/strong>: T\u00ecm hi\u1ec3u v\u1ec1 t\u1ed1i \u01b0u h\u00f3a m\u00e3 ngu\u1ed3n, qu\u1ea3n l\u00fd b\u1ed9 nh\u1edb, v\u00e0 s\u1eed d\u1ee5ng hi\u1ec7u qu\u1ea3 t\u00e0i nguy\u00ean \u0111\u1ec3 \u0111\u1ea3m b\u1ea3o game ch\u1ea1y m\u01b0\u1ee3t m\u00e0 tr\u00ean c\u00e1c n\u1ec1n t\u1ea3ng kh\u00e1c nhau.<\/li>\n<li><strong>Thi\u1ebft k\u1ebf v\u00e0 tri\u1ec3n khai h\u1ec7 th\u1ed1ng v\u1eadt l\u00fd<\/strong>: N\u1eafm v\u1eefng c\u00e1c c\u00f4ng c\u1ee5 v\u00e0 k\u1ef9 thu\u1eadt \u0111\u1ec3 x\u00e2y d\u1ef1ng h\u1ec7 th\u1ed1ng v\u1eadt l\u00fd th\u1ef1c t\u1ebf, bao g\u1ed3m va ch\u1ea1m, l\u1ef1c, v\u00e0 m\u00f4 ph\u1ecfng m\u00f4i tr\u01b0\u1eddng.<\/li>\n<li><strong>Qu\u1ea3n l\u00fd c\u1ea5u tr\u00fac d\u1eef li\u1ec7u v\u00e0 l\u01b0u tr\u1eef<\/strong>: L\u00e0m quen v\u1edbi c\u00e1ch qu\u1ea3n l\u00fd c\u1ea5u tr\u00fac d\u1eef li\u1ec7u ph\u1ee9c t\u1ea1p v\u00e0 l\u01b0u tr\u1eef th\u00f4ng tin game m\u1ed9t c\u00e1ch hi\u1ec7u qu\u1ea3, \u0111\u1ea3m b\u1ea3o t\u00ednh to\u00e0n v\u1eb9n v\u00e0 d\u1ec5 d\u00e0ng b\u1ea3o tr\u00ec.<\/li>\n<li><strong>X\u00e2y d\u1ef1ng v\u00e0 qu\u1ea3n l\u00fd quy tr\u00ecnh ph\u00e1t tri\u1ec3n tr\u00f2 ch\u01a1i<\/strong>: H\u1ecdc c\u00e1ch qu\u1ea3n l\u00fd c\u00e1c giai \u0111o\u1ea1n kh\u00e1c nhau trong qu\u00e1 tr\u00ecnh ph\u00e1t tri\u1ec3n game, t\u1eeb thi\u1ebft k\u1ebf \u0111\u1ebfn th\u1eed nghi\u1ec7m v\u00e0 ph\u00e1t h\u00e0nh.<\/li>\n<li><strong>L\u1eadp tr\u00ecnh m\u1ea1ng cho game multiplayer<\/strong>: T\u00ecm hi\u1ec3u c\u00e1ch tri\u1ec3n khai v\u00e0 t\u1ed1i \u01b0u h\u00f3a c\u00e1c h\u1ec7 th\u1ed1ng multiplayer, t\u1eeb vi\u1ec7c thi\u1ebft l\u1eadp server \u0111\u1ebfn qu\u1ea3n l\u00fd k\u1ebft n\u1ed1i v\u00e0 d\u1eef li\u1ec7u gi\u1eefa c\u00e1c ng\u01b0\u1eddi ch\u01a1i.<\/li>\n<\/ol>\n<h4>Ch\u1ee9ng ch\u1ec9 qu\u1ed1c t\u1ebf:<\/h4>\n<p>Sau khi ho\u00e0n th\u00e0nh kh\u00f3a h\u1ecdc, b\u1ea1n s\u1ebd nh\u1eadn \u0111\u01b0\u1ee3c <strong>Ch\u1ee9ng ch\u1ec9 Unity Certified Expert Gameplay Programmer<\/strong>. \u0110\u00e2y l\u00e0 ch\u1ee9ng ch\u1ec9 c\u1ea5p cao t\u1eeb Unity, c\u00f4ng nh\u1eadn r\u1eb1ng b\u1ea1n \u0111\u00e3 n\u1eafm v\u1eefng c\u00e1c k\u1ef9 n\u0103ng v\u00e0 ki\u1ebfn th\u1ee9c c\u1ea7n thi\u1ebft \u0111\u1ec3 l\u1eadp tr\u00ecnh c\u00e1c h\u1ec7 th\u1ed1ng gameplay ph\u1ee9c t\u1ea1p trong c\u00e1c d\u1ef1 \u00e1n game chuy\u00ean nghi\u1ec7p. Ch\u1ee9ng ch\u1ec9 n\u00e0y l\u00e0 m\u1ed9t minh ch\u1ee9ng m\u1ea1nh m\u1ebd cho n\u0103ng l\u1ef1c c\u1ee7a b\u1ea1n, gi\u00fap b\u1ea1n d\u1ec5 d\u00e0ng n\u1ed5i b\u1eadt khi \u1ee9ng tuy\u1ec3n v\u00e0o c\u00e1c v\u1ecb tr\u00ed ph\u00e1t tri\u1ec3n game h\u00e0ng \u0111\u1ea7u ho\u1eb7c mu\u1ed1n th\u0103ng ti\u1ebfn trong s\u1ef1 nghi\u1ec7p.<\/p>\n<p>Kh\u00f3a h\u1ecdc n\u00e0y ph\u00f9 h\u1ee3p cho nh\u1eefng l\u1eadp tr\u00ecnh vi\u00ean game \u0111\u00e3 c\u00f3 kinh nghi\u1ec7m, \u0111ang mu\u1ed1n n\u00e2ng cao tr\u00ecnh \u0111\u1ed9 v\u00e0 chuy\u00ean m\u00f4n c\u1ee7a m\u00ecnh, \u0111\u1eb7c bi\u1ec7t l\u00e0 nh\u1eefng ai mu\u1ed1n chuy\u00ean s\u00e2u v\u00e0o l\u0129nh v\u1ef1c l\u1eadp tr\u00ecnh gameplay. Kh\u00f3a h\u1ecdc kh\u00f4ng ch\u1ec9 cung c\u1ea5p ki\u1ebfn th\u1ee9c l\u00fd thuy\u1ebft m\u00e0 c\u00f2n t\u1eadp trung v\u00e0o c\u00e1c b\u00e0i t\u1eadp th\u1ef1c h\u00e0nh, gi\u00fap b\u1ea1n c\u00f3 th\u1ec3 \u00e1p d\u1ee5ng ngay v\u00e0o c\u00f4ng vi\u1ec7c th\u1ef1c t\u1ebf.<\/p>\n","protected":false},"excerpt":{"rendered":"<p>Kh\u00f3a h\u1ecdc n\u00e0y ph\u00f9 h\u1ee3p cho nh\u1eefng l\u1eadp tr\u00ecnh vi\u00ean game \u0111\u00e3 c\u00f3 kinh nghi\u1ec7m, \u0111ang mu\u1ed1n n\u00e2ng cao tr\u00ecnh \u0111\u1ed9 v\u00e0 chuy\u00ean m\u00f4n c\u1ee7a m\u00ecnh, \u0111\u1eb7c bi\u1ec7t l\u00e0 nh\u1eefng ai mu\u1ed1n chuy\u00ean s\u00e2u v\u00e0o l\u0129nh v\u1ef1c l\u1eadp tr\u00ecnh gameplay. Kh\u00f3a h\u1ecdc kh\u00f4ng ch\u1ec9 cung c\u1ea5p ki\u1ebfn th\u1ee9c l\u00fd thuy\u1ebft m\u00e0 c\u00f2n t\u1eadp trung v\u00e0o c\u00e1c b\u00e0i t\u1eadp th\u1ef1c h\u00e0nh, gi\u00fap b\u1ea1n c\u00f3 th\u1ec3 \u00e1p d\u1ee5ng ngay v\u00e0o c\u00f4ng vi\u1ec7c th\u1ef1c t\u1ebf.<\/p>\n","protected":false},"featured_media":423,"comment_status":"open","ping_status":"closed","template":"","meta":{"_monsterinsights_skip_tracking":false,"_monsterinsights_sitenote_active":false,"_monsterinsights_sitenote_note":"","_monsterinsights_sitenote_category":0},"product_cat":[46],"product_tag":[],"_links":{"self":[{"href":"https:\/\/banquyen.karogroup.vn\/index.php?rest_route=\/wp\/v2\/product\/421"}],"collection":[{"href":"https:\/\/banquyen.karogroup.vn\/index.php?rest_route=\/wp\/v2\/product"}],"about":[{"href":"https:\/\/banquyen.karogroup.vn\/index.php?rest_route=\/wp\/v2\/types\/product"}],"replies":[{"embeddable":true,"href":"https:\/\/banquyen.karogroup.vn\/index.php?rest_route=%2Fwp%2Fv2%2Fcomments&post=421"}],"wp:featuredmedia":[{"embeddable":true,"href":"https:\/\/banquyen.karogroup.vn\/index.php?rest_route=\/wp\/v2\/media\/423"}],"wp:attachment":[{"href":"https:\/\/banquyen.karogroup.vn\/index.php?rest_route=%2Fwp%2Fv2%2Fmedia&parent=421"}],"wp:term":[{"taxonomy":"product_cat","embeddable":true,"href":"https:\/\/banquyen.karogroup.vn\/index.php?rest_route=%2Fwp%2Fv2%2Fproduct_cat&post=421"},{"taxonomy":"product_tag","embeddable":true,"href":"https:\/\/banquyen.karogroup.vn\/index.php?rest_route=%2Fwp%2Fv2%2Fproduct_tag&post=421"}],"curies":[{"name":"wp","href":"https:\/\/api.w.org\/{rel}","templated":true}]}}