{"id":419,"date":"2024-08-09T07:16:38","date_gmt":"2024-08-09T07:16:38","guid":{"rendered":"https:\/\/banquyen.karogroup.vn\/?post_type=product&#038;p=419"},"modified":"2024-08-09T07:19:36","modified_gmt":"2024-08-09T07:19:36","slug":"khoa-hoc-chung-chi-quoc-te-unity-cho-3d-artist","status":"publish","type":"product","link":"https:\/\/banquyen.karogroup.vn\/?product=khoa-hoc-chung-chi-quoc-te-unity-cho-3d-artist","title":{"rendered":"Kh\u00f3a h\u1ecdc &#038; ch\u1ee9ng ch\u1ec9 qu\u1ed1c t\u1ebf Unity cho 3D Artist"},"content":{"rendered":"<p>Kh\u00f3a h\u1ecdc <strong>Unity cho 3D Artist<\/strong> \u0111\u01b0\u1ee3c thi\u1ebft k\u1ebf d\u00e0nh ri\u00eang cho nh\u1eefng ngh\u1ec7 s\u0129 3D mu\u1ed1n n\u00e2ng cao k\u1ef9 n\u0103ng c\u1ee7a m\u00ecnh trong vi\u1ec7c t\u1ea1o ra c\u00e1c m\u00f4i tr\u01b0\u1eddng 3D v\u00e0 m\u00f4 h\u00ecnh h\u00f3a trong Unity, m\u1ed9t trong nh\u1eefng c\u00f4ng c\u1ee5 ph\u00e1t tri\u1ec3n game v\u00e0 \u1ee9ng d\u1ee5ng 3D ph\u1ed5 bi\u1ebfn nh\u1ea5t th\u1ebf gi\u1edbi. Kh\u00f3a h\u1ecdc cung c\u1ea5p m\u1ed9t l\u1ed9 tr\u00ecnh h\u1ecdc t\u1eadp t\u1eeb c\u01a1 b\u1ea3n \u0111\u1ebfn n\u00e2ng cao, gi\u00fap b\u1ea1n l\u00e0m ch\u1ee7 c\u00e1c c\u00f4ng c\u1ee5 v\u00e0 k\u1ef9 thu\u1eadt c\u1ea7n thi\u1ebft \u0111\u1ec3 t\u1ea1o ra c\u00e1c s\u1ea3n ph\u1ea9m 3D chuy\u00ean nghi\u1ec7p trong Unity.<\/p>\n<h4>N\u1ed9i dung kh\u00f3a h\u1ecdc bao g\u1ed3m:<\/h4>\n<ol>\n<li><strong>Gi\u1edbi thi\u1ec7u v\u1ec1 Unity v\u00e0 ngh\u1ec7 thu\u1eadt 3D<\/strong>: Hi\u1ec3u r\u00f5 v\u1ec1 m\u00f4i tr\u01b0\u1eddng ph\u00e1t tri\u1ec3n Unity v\u00e0 c\u00e1c c\u00f4ng c\u1ee5 ngh\u1ec7 thu\u1eadt 3D c\u01a1 b\u1ea3n.<\/li>\n<li><strong>M\u00f4 h\u00ecnh h\u00f3a 3D trong Unity<\/strong>: H\u1ecdc c\u00e1ch t\u1ea1o ra c\u00e1c m\u00f4 h\u00ecnh 3D chi ti\u1ebft v\u00e0 t\u1ed1i \u01b0u h\u00f3a ch\u00fang \u0111\u1ec3 s\u1eed d\u1ee5ng trong Unity.<\/li>\n<li><strong>T\u1ea1o v\u00e0 qu\u1ea3n l\u00fd v\u1eadt li\u1ec7u (Materials)<\/strong>: L\u00e0m quen v\u1edbi c\u00e1ch t\u1ea1o v\u00e0 \u00e1p d\u1ee5ng c\u00e1c v\u1eadt li\u1ec7u, shader trong Unity \u0111\u1ec3 t\u1ea1o ra nh\u1eefng hi\u1ec7u \u1ee9ng h\u00ecnh \u1ea3nh ch\u00e2n th\u1ef1c.<\/li>\n<li><strong>\u00c1nh s\u00e1ng v\u00e0 b\u00f3ng \u0111\u1ed5 (Lighting and Shadows)<\/strong>: N\u1eafm v\u1eefng c\u00e1ch thi\u1ebft l\u1eadp \u00e1nh s\u00e1ng v\u00e0 b\u00f3ng \u0111\u1ed5 \u0111\u1ec3 t\u1ea1o ra kh\u00f4ng gian 3D s\u1ed1ng \u0111\u1ed9ng v\u00e0 h\u1ea5p d\u1eabn.<\/li>\n<li><strong>T\u1ea1o v\u00e0 thi\u1ebft l\u1eadp c\u1ea3nh quan (Terrain and Environment)<\/strong>: H\u1ecdc c\u00e1ch x\u00e2y d\u1ef1ng v\u00e0 t\u1ed1i \u01b0u h\u00f3a c\u00e1c c\u1ea3nh quan l\u1edbn v\u1edbi c\u00e1c chi ti\u1ebft \u0111\u1ecba h\u00ecnh v\u00e0 v\u1eadt th\u1ec3 t\u1ef1 nhi\u00ean.<\/li>\n<li><strong>Hi\u1ec7u \u1ee9ng h\u00ecnh \u1ea3nh (Visual Effects)<\/strong>: Kh\u00e1m ph\u00e1 c\u00e1ch t\u1ea1o ra c\u00e1c hi\u1ec7u \u1ee9ng h\u00ecnh \u1ea3nh \u0111\u1ed9ng nh\u01b0 l\u1eeda, kh\u00f3i, n\u01b0\u1edbc, v\u00e0 c\u00e1c hi\u1ec7u \u1ee9ng \u0111\u1eb7c bi\u1ec7t kh\u00e1c trong Unity.<\/li>\n<li><strong>T\u1ed1i \u01b0u h\u00f3a v\u00e0 tri\u1ec3n khai<\/strong>: T\u00ecm hi\u1ec3u c\u00e1ch t\u1ed1i \u01b0u h\u00f3a c\u00e1c t\u00e1c ph\u1ea9m 3D \u0111\u1ec3 \u0111\u1ea3m b\u1ea3o hi\u1ec7u su\u1ea5t t\u1ed1t nh\u1ea5t v\u00e0 tri\u1ec3n khai tr\u00ean c\u00e1c n\u1ec1n t\u1ea3ng kh\u00e1c nhau.<\/li>\n<\/ol>\n<h4>Ch\u1ee9ng ch\u1ec9 qu\u1ed1c t\u1ebf:<\/h4>\n<p>Sau khi ho\u00e0n th\u00e0nh kh\u00f3a h\u1ecdc, b\u1ea1n s\u1ebd nh\u1eadn \u0111\u01b0\u1ee3c <strong>Ch\u1ee9ng ch\u1ec9 Unity Certified 3D Artist<\/strong>. \u0110\u00e2y l\u00e0 ch\u1ee9ng ch\u1ec9 \u0111\u01b0\u1ee3c Unity c\u00f4ng nh\u1eadn tr\u00ean to\u00e0n c\u1ea7u, x\u00e1c nh\u1eadn k\u1ef9 n\u0103ng v\u00e0 ki\u1ebfn th\u1ee9c c\u1ee7a b\u1ea1n trong vi\u1ec7c t\u1ea1o ra c\u00e1c n\u1ed9i dung 3D ch\u1ea5t l\u01b0\u1ee3ng cao s\u1eed d\u1ee5ng Unity. Ch\u1ee9ng ch\u1ec9 n\u00e0y s\u1ebd gi\u00fap b\u1ea1n n\u1ed5i b\u1eadt trong l\u0129nh v\u1ef1c ngh\u1ec7 thu\u1eadt s\u1ed1, game development, v\u00e0 c\u00e1c ng\u00e0nh c\u00f4ng nghi\u1ec7p li\u00ean quan.<\/p>\n<p>Kh\u00f3a h\u1ecdc n\u00e0y l\u00fd t\u01b0\u1edfng cho nh\u1eefng ai \u0111\u00e3 c\u00f3 n\u1ec1n t\u1ea3ng v\u1ec1 ngh\u1ec7 thu\u1eadt 3D v\u00e0 mu\u1ed1n chuy\u1ec3n sang l\u00e0m vi\u1ec7c v\u1edbi Unity, ho\u1eb7c nh\u1eefng ng\u01b0\u1eddi \u0111ang t\u00ecm ki\u1ebfm c\u01a1 h\u1ed9i \u0111\u1ec3 c\u1ea3i thi\u1ec7n kh\u1ea3 n\u0103ng t\u1ea1o ra c\u00e1c s\u1ea3n ph\u1ea9m 3D t\u01b0\u01a1ng t\u00e1c, c\u00f3 th\u1ec3 \u1ee9ng d\u1ee5ng trong game, VR, AR, v\u00e0 nhi\u1ec1u l\u0129nh v\u1ef1c s\u00e1ng t\u1ea1o kh\u00e1c.<\/p>\n","protected":false},"excerpt":{"rendered":"<p>Kh\u00f3a h\u1ecdc <strong>Unity cho 3D Artist<\/strong> \u0111\u01b0\u1ee3c thi\u1ebft k\u1ebf d\u00e0nh ri\u00eang cho nh\u1eefng ngh\u1ec7 s\u0129 3D mu\u1ed1n n\u00e2ng cao k\u1ef9 n\u0103ng c\u1ee7a m\u00ecnh trong vi\u1ec7c t\u1ea1o ra c\u00e1c m\u00f4i tr\u01b0\u1eddng 3D v\u00e0 m\u00f4 h\u00ecnh h\u00f3a trong Unity, m\u1ed9t trong nh\u1eefng c\u00f4ng c\u1ee5 ph\u00e1t tri\u1ec3n game v\u00e0 \u1ee9ng d\u1ee5ng 3D ph\u1ed5 bi\u1ebfn nh\u1ea5t th\u1ebf gi\u1edbi. Kh\u00f3a h\u1ecdc cung c\u1ea5p m\u1ed9t l\u1ed9 tr\u00ecnh h\u1ecdc t\u1eadp t\u1eeb c\u01a1 b\u1ea3n \u0111\u1ebfn n\u00e2ng cao, gi\u00fap b\u1ea1n l\u00e0m ch\u1ee7 c\u00e1c c\u00f4ng c\u1ee5 v\u00e0 k\u1ef9 thu\u1eadt c\u1ea7n thi\u1ebft \u0111\u1ec3 t\u1ea1o ra c\u00e1c s\u1ea3n ph\u1ea9m 3D chuy\u00ean nghi\u1ec7p trong Unity.<\/p>\n","protected":false},"featured_media":420,"comment_status":"open","ping_status":"closed","template":"","meta":{"_monsterinsights_skip_tracking":false,"_monsterinsights_sitenote_active":false,"_monsterinsights_sitenote_note":"","_monsterinsights_sitenote_category":0},"product_cat":[46],"product_tag":[],"_links":{"self":[{"href":"https:\/\/banquyen.karogroup.vn\/index.php?rest_route=\/wp\/v2\/product\/419"}],"collection":[{"href":"https:\/\/banquyen.karogroup.vn\/index.php?rest_route=\/wp\/v2\/product"}],"about":[{"href":"https:\/\/banquyen.karogroup.vn\/index.php?rest_route=\/wp\/v2\/types\/product"}],"replies":[{"embeddable":true,"href":"https:\/\/banquyen.karogroup.vn\/index.php?rest_route=%2Fwp%2Fv2%2Fcomments&post=419"}],"wp:featuredmedia":[{"embeddable":true,"href":"https:\/\/banquyen.karogroup.vn\/index.php?rest_route=\/wp\/v2\/media\/420"}],"wp:attachment":[{"href":"https:\/\/banquyen.karogroup.vn\/index.php?rest_route=%2Fwp%2Fv2%2Fmedia&parent=419"}],"wp:term":[{"taxonomy":"product_cat","embeddable":true,"href":"https:\/\/banquyen.karogroup.vn\/index.php?rest_route=%2Fwp%2Fv2%2Fproduct_cat&post=419"},{"taxonomy":"product_tag","embeddable":true,"href":"https:\/\/banquyen.karogroup.vn\/index.php?rest_route=%2Fwp%2Fv2%2Fproduct_tag&post=419"}],"curies":[{"name":"wp","href":"https:\/\/api.w.org\/{rel}","templated":true}]}}