{"id":417,"date":"2024-08-09T07:15:50","date_gmt":"2024-08-09T07:15:50","guid":{"rendered":"https:\/\/banquyen.karogroup.vn\/?post_type=product&#038;p=417"},"modified":"2024-08-09T07:15:50","modified_gmt":"2024-08-09T07:15:50","slug":"khoa-hoc-chung-chi-quoc-te-unity-developer-cho-vr","status":"publish","type":"product","link":"https:\/\/banquyen.karogroup.vn\/?product=khoa-hoc-chung-chi-quoc-te-unity-developer-cho-vr","title":{"rendered":"Kh\u00f3a h\u1ecdc &#038; ch\u1ee9ng ch\u1ec9 qu\u1ed1c t\u1ebf Unity Developer cho VR"},"content":{"rendered":"<p>Kh\u00f3a h\u1ecdc <strong>Unity Developer cho VR<\/strong> \u0111\u01b0\u1ee3c thi\u1ebft k\u1ebf nh\u1eb1m gi\u00fap b\u1ea1n n\u1eafm v\u1eefng c\u00e1c k\u1ef9 n\u0103ng c\u1ea7n thi\u1ebft \u0111\u1ec3 ph\u00e1t tri\u1ec3n \u1ee9ng d\u1ee5ng v\u00e0 tr\u00f2 ch\u01a1i th\u1ef1c t\u1ebf \u1ea3o (VR) b\u1eb1ng c\u00e1ch s\u1eed d\u1ee5ng Unity, m\u1ed9t trong nh\u1eefng n\u1ec1n t\u1ea3ng ph\u00e1t tri\u1ec3n game m\u1ea1nh m\u1ebd nh\u1ea5t hi\u1ec7n nay. Kh\u00f3a h\u1ecdc cung c\u1ea5p ki\u1ebfn th\u1ee9c t\u1eeb c\u01a1 b\u1ea3n \u0111\u1ebfn n\u00e2ng cao, bao g\u1ed3m c\u00e1c kh\u00eda c\u1ea1nh nh\u01b0 l\u1eadp tr\u00ecnh C#, thi\u1ebft k\u1ebf tr\u1ea3i nghi\u1ec7m VR, t\u1ed1i \u01b0u h\u00f3a hi\u1ec7u su\u1ea5t v\u00e0 ph\u00e1t tri\u1ec3n \u1ee9ng d\u1ee5ng tr\u00ean c\u00e1c thi\u1ebft b\u1ecb VR ph\u1ed5 bi\u1ebfn nh\u01b0 Oculus, HTC Vive, v\u00e0 PlayStation VR.<\/p>\n<h4>N\u1ed9i dung kh\u00f3a h\u1ecdc bao g\u1ed3m:<\/h4>\n<ol>\n<li><strong>Gi\u1edbi thi\u1ec7u v\u1ec1 Unity v\u00e0 VR<\/strong>: Hi\u1ec3u r\u00f5 v\u1ec1 m\u00f4i tr\u01b0\u1eddng ph\u00e1t tri\u1ec3n Unity v\u00e0 c\u00e1c kh\u00e1i ni\u1ec7m c\u01a1 b\u1ea3n v\u1ec1 th\u1ef1c t\u1ebf \u1ea3o.<\/li>\n<li><strong>L\u1eadp tr\u00ecnh C# c\u01a1 b\u1ea3n v\u00e0 n\u00e2ng cao<\/strong>: L\u00e0m quen v\u1edbi C# v\u00e0 \u00e1p d\u1ee5ng c\u00e1c k\u1ef9 thu\u1eadt l\u1eadp tr\u00ecnh n\u00e2ng cao trong ph\u00e1t tri\u1ec3n VR.<\/li>\n<li><strong>Thi\u1ebft k\u1ebf v\u00e0 tri\u1ec3n khai m\u00f4i tr\u01b0\u1eddng VR<\/strong>: H\u1ecdc c\u00e1ch t\u1ea1o ra m\u00f4i tr\u01b0\u1eddng v\u00e0 \u0111\u1ed1i t\u01b0\u1ee3ng 3D s\u1ed1ng \u0111\u1ed9ng, t\u1ed1i \u01b0u h\u00f3a tr\u1ea3i nghi\u1ec7m ng\u01b0\u1eddi d\u00f9ng.<\/li>\n<li><strong>T\u01b0\u01a1ng t\u00e1c ng\u01b0\u1eddi d\u00f9ng trong VR<\/strong>: X\u00e2y d\u1ef1ng v\u00e0 qu\u1ea3n l\u00fd c\u00e1c t\u01b0\u01a1ng t\u00e1c ng\u01b0\u1eddi d\u00f9ng, bao g\u1ed3m vi\u1ec7c s\u1eed d\u1ee5ng b\u1ed9 \u0111i\u1ec1u khi\u1ec3n VR v\u00e0 c\u1eed ch\u1ec9 tay.<\/li>\n<li><strong>T\u1ed1i \u01b0u h\u00f3a hi\u1ec7u su\u1ea5t \u1ee9ng d\u1ee5ng VR<\/strong>: T\u00ecm hi\u1ec3u v\u1ec1 c\u00e1c ph\u01b0\u01a1ng ph\u00e1p t\u1ed1i \u01b0u h\u00f3a \u0111\u1ec3 \u0111\u1ea3m b\u1ea3o tr\u1ea3i nghi\u1ec7m VR m\u01b0\u1ee3t m\u00e0 v\u00e0 kh\u00f4ng g\u00e2y kh\u00f3 ch\u1ecbu cho ng\u01b0\u1eddi d\u00f9ng.<\/li>\n<li><strong>Tri\u1ec3n khai v\u00e0 xu\u1ea5t b\u1ea3n \u1ee9ng d\u1ee5ng VR<\/strong>: H\u01b0\u1edbng d\u1eabn c\u00e1ch \u0111\u01b0a s\u1ea3n ph\u1ea9m VR c\u1ee7a b\u1ea1n l\u00ean c\u00e1c n\u1ec1n t\u1ea3ng nh\u01b0 Oculus Store, SteamVR v\u00e0 PlayStation VR.<\/li>\n<\/ol>\n<h4>Ch\u1ee9ng ch\u1ec9 qu\u1ed1c t\u1ebf:<\/h4>\n<p>Sau khi ho\u00e0n th\u00e0nh kh\u00f3a h\u1ecdc, b\u1ea1n s\u1ebd nh\u1eadn \u0111\u01b0\u1ee3c <strong>Ch\u1ee9ng ch\u1ec9 Unity Developer cho VR<\/strong> t\u1eeb Unity. Ch\u1ee9ng ch\u1ec9 n\u00e0y \u0111\u01b0\u1ee3c c\u00f4ng nh\u1eadn tr\u00ean to\u00e0n c\u1ea7u v\u00e0 l\u00e0 b\u1eb1ng ch\u1ee9ng v\u1ec1 kh\u1ea3 n\u0103ng c\u1ee7a b\u1ea1n trong vi\u1ec7c ph\u00e1t tri\u1ec3n c\u00e1c \u1ee9ng d\u1ee5ng v\u00e0 tr\u00f2 ch\u01a1i VR chuy\u00ean nghi\u1ec7p. \u0110\u00e2y c\u0169ng l\u00e0 m\u1ed9t \u0111i\u1ec3m c\u1ed9ng l\u1edbn khi b\u1ea1n \u1ee9ng tuy\u1ec3n v\u00e0o c\u00e1c v\u1ecb tr\u00ed li\u00ean quan \u0111\u1ebfn ph\u00e1t tri\u1ec3n VR ho\u1eb7c c\u00f4ng ngh\u1ec7 tr\u00f2 ch\u01a1i.<\/p>\n<p>Kh\u00f3a h\u1ecdc n\u00e0y ph\u00f9 h\u1ee3p cho c\u1ea3 ng\u01b0\u1eddi m\u1edbi b\u1eaft \u0111\u1ea7u v\u00e0 nh\u1eefng ng\u01b0\u1eddi \u0111\u00e3 c\u00f3 kinh nghi\u1ec7m trong l\u0129nh v\u1ef1c ph\u00e1t tri\u1ec3n ph\u1ea7n m\u1ec1m ho\u1eb7c thi\u1ebft k\u1ebf tr\u00f2 ch\u01a1i, nh\u1eefng ng\u01b0\u1eddi mu\u1ed1n m\u1edf r\u1ed9ng ki\u1ebfn th\u1ee9c v\u00e0 k\u1ef9 n\u0103ng c\u1ee7a m\u00ecnh v\u00e0o l\u0129nh v\u1ef1c th\u1ef1c t\u1ebf \u1ea3o.<\/p>\n","protected":false},"excerpt":{"rendered":"<p>Kh\u00f3a h\u1ecdc <strong>Unity Developer cho VR<\/strong> \u0111\u01b0\u1ee3c thi\u1ebft k\u1ebf nh\u1eb1m gi\u00fap b\u1ea1n n\u1eafm v\u1eefng c\u00e1c k\u1ef9 n\u0103ng c\u1ea7n thi\u1ebft \u0111\u1ec3 ph\u00e1t tri\u1ec3n \u1ee9ng d\u1ee5ng v\u00e0 tr\u00f2 ch\u01a1i th\u1ef1c t\u1ebf \u1ea3o (VR) b\u1eb1ng c\u00e1ch s\u1eed d\u1ee5ng Unity, m\u1ed9t trong nh\u1eefng n\u1ec1n t\u1ea3ng ph\u00e1t tri\u1ec3n game m\u1ea1nh m\u1ebd nh\u1ea5t hi\u1ec7n nay. Kh\u00f3a h\u1ecdc cung c\u1ea5p ki\u1ebfn th\u1ee9c t\u1eeb c\u01a1 b\u1ea3n \u0111\u1ebfn n\u00e2ng cao, bao g\u1ed3m c\u00e1c kh\u00eda c\u1ea1nh nh\u01b0 l\u1eadp tr\u00ecnh C#, thi\u1ebft k\u1ebf tr\u1ea3i nghi\u1ec7m VR, t\u1ed1i \u01b0u h\u00f3a hi\u1ec7u su\u1ea5t v\u00e0 ph\u00e1t tri\u1ec3n \u1ee9ng d\u1ee5ng tr\u00ean c\u00e1c thi\u1ebft b\u1ecb VR ph\u1ed5 bi\u1ebfn nh\u01b0 Oculus, HTC Vive, v\u00e0 PlayStation VR.<\/p>\n","protected":false},"featured_media":418,"comment_status":"open","ping_status":"closed","template":"","meta":{"_monsterinsights_skip_tracking":false,"_monsterinsights_sitenote_active":false,"_monsterinsights_sitenote_note":"","_monsterinsights_sitenote_category":0},"product_cat":[46],"product_tag":[],"_links":{"self":[{"href":"https:\/\/banquyen.karogroup.vn\/index.php?rest_route=\/wp\/v2\/product\/417"}],"collection":[{"href":"https:\/\/banquyen.karogroup.vn\/index.php?rest_route=\/wp\/v2\/product"}],"about":[{"href":"https:\/\/banquyen.karogroup.vn\/index.php?rest_route=\/wp\/v2\/types\/product"}],"replies":[{"embeddable":true,"href":"https:\/\/banquyen.karogroup.vn\/index.php?rest_route=%2Fwp%2Fv2%2Fcomments&post=417"}],"wp:featuredmedia":[{"embeddable":true,"href":"https:\/\/banquyen.karogroup.vn\/index.php?rest_route=\/wp\/v2\/media\/418"}],"wp:attachment":[{"href":"https:\/\/banquyen.karogroup.vn\/index.php?rest_route=%2Fwp%2Fv2%2Fmedia&parent=417"}],"wp:term":[{"taxonomy":"product_cat","embeddable":true,"href":"https:\/\/banquyen.karogroup.vn\/index.php?rest_route=%2Fwp%2Fv2%2Fproduct_cat&post=417"},{"taxonomy":"product_tag","embeddable":true,"href":"https:\/\/banquyen.karogroup.vn\/index.php?rest_route=%2Fwp%2Fv2%2Fproduct_tag&post=417"}],"curies":[{"name":"wp","href":"https:\/\/api.w.org\/{rel}","templated":true}]}}