{"id":399,"date":"2024-08-08T09:43:27","date_gmt":"2024-08-08T09:43:27","guid":{"rendered":"https:\/\/banquyen.karogroup.vn\/?post_type=product&#038;p=399"},"modified":"2024-08-08T09:51:49","modified_gmt":"2024-08-08T09:51:49","slug":"phan-mem-unity-industry-ban-quyen","status":"publish","type":"product","link":"https:\/\/banquyen.karogroup.vn\/?product=phan-mem-unity-industry-ban-quyen","title":{"rendered":"Ph\u1ea7n m\u1ec1m Unity Industry b\u1ea3n quy\u1ec1n"},"content":{"rendered":"<p><strong>Unity Industry<\/strong> l\u00e0 m\u1ed9t b\u1ed9 c\u00f4ng c\u1ee5 ph\u00e1t tri\u1ec3n ph\u1ea7n m\u1ec1m \u0111a n\u1ec1n t\u1ea3ng v\u00e0 m\u00f4i tr\u01b0\u1eddng ph\u00e1t tri\u1ec3n t\u00edch h\u1ee3p (IDE) \u0111\u01b0\u1ee3c thi\u1ebft k\u1ebf cho vi\u1ec7c ph\u00e1t tri\u1ec3n c\u00e1c \u1ee9ng d\u1ee5ng 3D, 2D, th\u1ef1c t\u1ebf \u1ea3o (VR), th\u1ef1c t\u1ebf t\u0103ng c\u01b0\u1eddng (AR) v\u00e0 h\u01a1n th\u1ebf n\u1eefa. Unity Industry cung c\u1ea5p m\u1ed9t lo\u1ea1t c\u00e1c t\u00ednh n\u0103ng v\u00e0 c\u00f4ng c\u1ee5 \u0111\u1ec3 t\u1ea1o ra c\u00e1c tr\u1ea3i nghi\u1ec7m t\u01b0\u01a1ng t\u00e1c phong ph\u00fa v\u00e0 ph\u1ee9c t\u1ea1p, ph\u00f9 h\u1ee3p cho nhi\u1ec1u ng\u00e0nh c\u00f4ng nghi\u1ec7p nh\u01b0 game, ki\u1ebfn tr\u00fac, y t\u1ebf, \u0111\u00e0o t\u1ea1o, v\u00e0 s\u1ea3n xu\u1ea5t.<\/p>\n<p><img loading=\"lazy\" class=\"alignnone wp-image-401\" src=\"https:\/\/banquyen.karogroup.vn\/wp-content\/uploads\/2024\/08\/unity-industry-300x150.jpeg\" alt=\"\" width=\"660\" height=\"330\" srcset=\"https:\/\/banquyen.karogroup.vn\/wp-content\/uploads\/2024\/08\/unity-industry-300x150.jpeg 300w, https:\/\/banquyen.karogroup.vn\/wp-content\/uploads\/2024\/08\/unity-industry.jpeg 318w\" sizes=\"(max-width: 660px) 100vw, 660px\" \/><\/p>\n<h3><strong>C\u00e1c T\u00ednh N\u0103ng Ch\u00ednh c\u1ee7a Unity Industry:<\/strong><\/h3>\n<ol>\n<li><strong>3D &amp; 2D Development:<\/strong>\n<ul>\n<li>C\u00f4ng c\u1ee5 m\u1ea1nh m\u1ebd \u0111\u1ec3 t\u1ea1o v\u00e0 ch\u1ec9nh s\u1eeda c\u00e1c m\u00f4 h\u00ecnh 3D v\u00e0 2D.<\/li>\n<li>H\u1ed7 tr\u1ee3 ho\u1ea1t h\u00ecnh, v\u1eadt l\u00fd v\u00e0 \u00e2m thanh.<\/li>\n<\/ul>\n<\/li>\n<li><strong>Cross-Platform Development:<\/strong>\n<ul>\n<li>H\u1ed7 tr\u1ee3 xu\u1ea5t b\u1ea3n \u1ee9ng d\u1ee5ng tr\u00ean nhi\u1ec1u n\u1ec1n t\u1ea3ng kh\u00e1c nhau nh\u01b0 Windows, macOS, iOS, Android, v\u00e0 c\u00e1c n\u1ec1n t\u1ea3ng game console.<\/li>\n<\/ul>\n<\/li>\n<li><strong>Real-Time Rendering:<\/strong>\n<ul>\n<li>Kh\u1ea3 n\u0103ng k\u1ebft xu\u1ea5t th\u1eddi gian th\u1ef1c gi\u00fap ph\u00e1t tri\u1ec3n c\u00e1c \u1ee9ng d\u1ee5ng v\u1edbi \u0111\u1ed3 h\u1ecda ch\u1ea5t l\u01b0\u1ee3ng cao v\u00e0 hi\u1ec7u n\u0103ng t\u1ed1t.<\/li>\n<\/ul>\n<\/li>\n<li><strong>VR &amp; AR Support:<\/strong>\n<ul>\n<li>C\u00f4ng c\u1ee5 v\u00e0 SDK d\u00e0nh cho ph\u00e1t tri\u1ec3n \u1ee9ng d\u1ee5ng th\u1ef1c t\u1ebf \u1ea3o v\u00e0 th\u1ef1c t\u1ebf t\u0103ng c\u01b0\u1eddng.<\/li>\n<\/ul>\n<\/li>\n<li><strong>Collaboration Tools:<\/strong>\n<ul>\n<li>T\u00edch h\u1ee3p c\u00e1c c\u00f4ng c\u1ee5 \u0111\u1ec3 l\u00e0m vi\u1ec7c nh\u00f3m, qu\u1ea3n l\u00fd phi\u00ean b\u1ea3n v\u00e0 chia s\u1ebb d\u1ef1 \u00e1n.<\/li>\n<\/ul>\n<\/li>\n<li><strong>Extensive Asset Store:<\/strong>\n<ul>\n<li>Cung c\u1ea5p m\u1ed9t kho t\u00e0i nguy\u00ean phong ph\u00fa bao g\u1ed3m c\u00e1c m\u1eabu, m\u00e3 ngu\u1ed3n, v\u00e0 c\u00e1c c\u00f4ng c\u1ee5 b\u1ed5 tr\u1ee3 kh\u00e1c.<\/li>\n<\/ul>\n<\/li>\n<\/ol>\n<h3><strong>License \u0111i k\u00e8m v\u1edbi Unity Industry:<\/strong><\/h3>\n<p>Unity cung c\u1ea5p c\u00e1c lo\u1ea1i gi\u1ea5y ph\u00e9p kh\u00e1c nhau t\u00f9y thu\u1ed9c v\u00e0o nhu c\u1ea7u v\u00e0 quy m\u00f4 c\u1ee7a ng\u01b0\u1eddi s\u1eed d\u1ee5ng. C\u00e1c lo\u1ea1i gi\u1ea5y ph\u00e9p ch\u00ednh bao g\u1ed3m:<\/p>\n<ol>\n<li><strong>Personal License:<\/strong>\n<ul>\n<li>Mi\u1ec5n ph\u00ed cho nh\u1eefng ng\u01b0\u1eddi d\u00f9ng v\u00e0 t\u1ed5 ch\u1ee9c c\u00f3 doanh thu d\u01b0\u1edbi m\u1ed9t m\u1ee9c ng\u01b0\u1ee1ng nh\u1ea5t \u0111\u1ecbnh (th\u01b0\u1eddng l\u00e0 $100,000\/n\u0103m).<\/li>\n<li>Bao g\u1ed3m \u0111\u1ea7y \u0111\u1ee7 t\u00ednh n\u0103ng c\u01a1 b\u1ea3n c\u1ee7a Unity, nh\u01b0ng c\u00f3 gi\u1edbi h\u1ea1n v\u1ec1 branding v\u00e0 h\u1ed7 tr\u1ee3.<\/li>\n<\/ul>\n<\/li>\n<li><strong>Unity Plus:<\/strong>\n<ul>\n<li>D\u00e0nh cho c\u00e1c nh\u00e0 ph\u00e1t tri\u1ec3n v\u00e0 c\u00f4ng ty c\u00f3 doanh thu t\u1eeb $100,000 \u0111\u1ebfn $200,000\/n\u0103m.<\/li>\n<li>Cung c\u1ea5p c\u00e1c t\u00ednh n\u0103ng b\u1ed5 sung nh\u01b0 b\u00e1o c\u00e1o hi\u1ec7u n\u0103ng, v\u00e0 t\u00f9y ch\u1ecdn branding.<\/li>\n<\/ul>\n<\/li>\n<li><strong>Unity Pro:<\/strong>\n<ul>\n<li>D\u00e0nh cho c\u00e1c c\u00f4ng ty v\u00e0 t\u1ed5 ch\u1ee9c l\u1edbn c\u00f3 doanh thu tr\u00ean $200,000\/n\u0103m.<\/li>\n<li>Bao g\u1ed3m t\u1ea5t c\u1ea3 c\u00e1c t\u00ednh n\u0103ng c\u1ee7a Unity, h\u1ed7 tr\u1ee3 \u01b0u ti\u00ean v\u00e0 kh\u00f4ng gi\u1edbi h\u1ea1n v\u1ec1 branding.<\/li>\n<\/ul>\n<\/li>\n<li><strong>Unity Enterprise:<\/strong>\n<ul>\n<li>D\u00e0nh cho c\u00e1c doanh nghi\u1ec7p l\u1edbn v\u00e0 c\u00e1c d\u1ef1 \u00e1n y\u00eau c\u1ea7u s\u1ef1 h\u1ed7 tr\u1ee3 v\u00e0 t\u00f9y ch\u1ec9nh \u0111\u1eb7c bi\u1ec7t.<\/li>\n<li>Cung c\u1ea5p h\u1ed7 tr\u1ee3 tr\u1ef1c ti\u1ebfp t\u1eeb Unity, c\u00e1c c\u00f4ng c\u1ee5 v\u00e0 d\u1ecbch v\u1ee5 t\u00f9y ch\u1ec9nh theo nhu c\u1ea7u c\u1ee5 th\u1ec3 c\u1ee7a doanh nghi\u1ec7p.<\/li>\n<\/ul>\n<\/li>\n<\/ol>\n<p>Unity Industry v\u00e0 c\u00e1c g\u00f3i gi\u1ea5y ph\u00e9p \u0111i k\u00e8m \u0111\u01b0\u1ee3c thi\u1ebft k\u1ebf \u0111\u1ec3 ph\u1ee5c v\u1ee5 c\u00e1c nhu c\u1ea7u \u0111a d\u1ea1ng c\u1ee7a c\u00e1c nh\u00e0 ph\u00e1t tri\u1ec3n v\u00e0 doanh nghi\u1ec7p trong vi\u1ec7c t\u1ea1o ra c\u00e1c tr\u1ea3i nghi\u1ec7m t\u01b0\u01a1ng t\u00e1c phong ph\u00fa v\u00e0 \u0111a d\u1ea1ng tr\u00ean nhi\u1ec1u n\u1ec1n t\u1ea3ng kh\u00e1c nhau.<\/p>\n","protected":false},"excerpt":{"rendered":"<p><strong>Unity Industry<\/strong> l\u00e0 m\u1ed9t b\u1ed9 c\u00f4ng c\u1ee5 ph\u00e1t tri\u1ec3n ph\u1ea7n m\u1ec1m \u0111a n\u1ec1n t\u1ea3ng v\u00e0 m\u00f4i tr\u01b0\u1eddng ph\u00e1t tri\u1ec3n t\u00edch h\u1ee3p (IDE) \u0111\u01b0\u1ee3c thi\u1ebft k\u1ebf cho vi\u1ec7c ph\u00e1t tri\u1ec3n c\u00e1c \u1ee9ng d\u1ee5ng 3D, 2D, th\u1ef1c t\u1ebf \u1ea3o (VR), th\u1ef1c t\u1ebf t\u0103ng c\u01b0\u1eddng (AR) v\u00e0 h\u01a1n th\u1ebf n\u1eefa. Unity Industry cung c\u1ea5p m\u1ed9t lo\u1ea1t c\u00e1c t\u00ednh n\u0103ng v\u00e0 c\u00f4ng c\u1ee5 \u0111\u1ec3 t\u1ea1o ra c\u00e1c tr\u1ea3i nghi\u1ec7m t\u01b0\u01a1ng t\u00e1c phong ph\u00fa v\u00e0 ph\u1ee9c t\u1ea1p, ph\u00f9 h\u1ee3p cho nhi\u1ec1u ng\u00e0nh c\u00f4ng nghi\u1ec7p nh\u01b0 game, ki\u1ebfn tr\u00fac, y t\u1ebf, \u0111\u00e0o t\u1ea1o, v\u00e0 s\u1ea3n xu\u1ea5t.<\/p>\n","protected":false},"featured_media":402,"comment_status":"open","ping_status":"closed","template":"","meta":{"_monsterinsights_skip_tracking":false,"_monsterinsights_sitenote_active":false,"_monsterinsights_sitenote_note":"","_monsterinsights_sitenote_category":0},"product_cat":[46],"product_tag":[],"_links":{"self":[{"href":"https:\/\/banquyen.karogroup.vn\/index.php?rest_route=\/wp\/v2\/product\/399"}],"collection":[{"href":"https:\/\/banquyen.karogroup.vn\/index.php?rest_route=\/wp\/v2\/product"}],"about":[{"href":"https:\/\/banquyen.karogroup.vn\/index.php?rest_route=\/wp\/v2\/types\/product"}],"replies":[{"embeddable":true,"href":"https:\/\/banquyen.karogroup.vn\/index.php?rest_route=%2Fwp%2Fv2%2Fcomments&post=399"}],"wp:featuredmedia":[{"embeddable":true,"href":"https:\/\/banquyen.karogroup.vn\/index.php?rest_route=\/wp\/v2\/media\/402"}],"wp:attachment":[{"href":"https:\/\/banquyen.karogroup.vn\/index.php?rest_route=%2Fwp%2Fv2%2Fmedia&parent=399"}],"wp:term":[{"taxonomy":"product_cat","embeddable":true,"href":"https:\/\/banquyen.karogroup.vn\/index.php?rest_route=%2Fwp%2Fv2%2Fproduct_cat&post=399"},{"taxonomy":"product_tag","embeddable":true,"href":"https:\/\/banquyen.karogroup.vn\/index.php?rest_route=%2Fwp%2Fv2%2Fproduct_tag&post=399"}],"curies":[{"name":"wp","href":"https:\/\/api.w.org\/{rel}","templated":true}]}}