{"id":380,"date":"2024-08-01T14:12:22","date_gmt":"2024-08-01T14:12:22","guid":{"rendered":"https:\/\/banquyen.karogroup.vn\/?post_type=product&#038;p=380"},"modified":"2024-08-01T14:20:37","modified_gmt":"2024-08-01T14:20:37","slug":"snaptrude-the-collaborative-browser-based-conceptual-bim-tool","status":"publish","type":"product","link":"https:\/\/banquyen.karogroup.vn\/?product=snaptrude-the-collaborative-browser-based-conceptual-bim-tool","title":{"rendered":"Snaptrude &#8211; The collaborative, browser-based conceptual BIM tool"},"content":{"rendered":"<p><strong>Snaptrude<\/strong>\u00a0l\u00e0 m\u1ed9t trong nh\u1eefng c\u00f4ng ty h\u00e0ng \u0111\u1ea7u v\u1ec1 ph\u00e1t tri\u1ec3n c\u00e1c gi\u1ea3i ph\u00e1p BIM (Building Information Modeling). S\u1ea3n ph\u1ea9m BIM c\u1ee7a Snaptrude n\u1ed5i b\u1eadt v\u1edbi c\u00e1c t\u00ednh n\u0103ng sau:<\/p>\n<ol>\n<li><strong>T\u00edch h\u1ee3p to\u00e0n di\u1ec7n<\/strong>: Snaptrude BIM cung c\u1ea5p m\u1ed9t h\u1ec7 th\u1ed1ng t\u00edch h\u1ee3p t\u1eeb thi\u1ebft k\u1ebf, m\u00f4 ph\u1ecfng, x\u00e2y d\u1ef1ng \u0111\u1ebfn qu\u1ea3n l\u00fd. \u0110i\u1ec1u n\u00e0y gi\u00fap t\u1ed1i \u01b0u h\u00f3a quy tr\u00ecnh v\u00e0 ti\u1ebft ki\u1ec7m th\u1eddi gian cho c\u00e1c d\u1ef1 \u00e1n x\u00e2y d\u1ef1ng.<\/li>\n<li><strong>T\u00ednh n\u0103ng c\u1ed9ng t\u00e1c m\u1ea1nh m\u1ebd<\/strong>: S\u1ea3n ph\u1ea9m c\u1ee7a Sanptrude cho ph\u00e9p nhi\u1ec1u ng\u01b0\u1eddi d\u00f9ng l\u00e0m vi\u1ec7c c\u00f9ng m\u1ed9t l\u00fac tr\u00ean c\u00f9ng m\u1ed9t m\u00f4 h\u00ecnh, \u0111\u1ea3m b\u1ea3o t\u00ednh nh\u1ea5t qu\u00e1n v\u00e0 tr\u00e1nh xung \u0111\u1ed9t d\u1eef li\u1ec7u.<\/li>\n<li><strong>Giao di\u1ec7n th\u00e2n thi\u1ec7n ng\u01b0\u1eddi d\u00f9ng<\/strong>: Snaptrude BIM \u0111\u01b0\u1ee3c thi\u1ebft k\u1ebf v\u1edbi giao di\u1ec7n tr\u1ef1c quan, d\u1ec5 s\u1eed d\u1ee5ng, gi\u00fap ng\u01b0\u1eddi d\u00f9ng d\u1ec5 d\u00e0ng thao t\u00e1c v\u00e0 l\u00e0m quen v\u1edbi ph\u1ea7n m\u1ec1m.<\/li>\n<li><strong>C\u00f4ng c\u1ee5 m\u00f4 ph\u1ecfng v\u00e0 ph\u00e2n t\u00edch ti\u00ean ti\u1ebfn<\/strong>: Snaptrude cung c\u1ea5p c\u00e1c c\u00f4ng c\u1ee5 m\u1ea1nh m\u1ebd \u0111\u1ec3 m\u00f4 ph\u1ecfng v\u00e0 ph\u00e2n t\u00edch c\u00e1c y\u1ebfu t\u1ed1 c\u1ea5u tr\u00fac, c\u01a1 \u0111i\u1ec7n, nhi\u1ec7t \u0111\u1ed9 v\u00e0 nhi\u1ec1u y\u1ebfu t\u1ed1 kh\u00e1c.<\/li>\n<\/ol>\n<p><img loading=\"lazy\" class=\"alignnone wp-image-376\" src=\"https:\/\/banquyen.karogroup.vn\/wp-content\/uploads\/2024\/08\/Snaptrude-2-300x188.png\" sizes=\"(max-width: 720px) 100vw, 720px\" srcset=\"https:\/\/banquyen.karogroup.vn\/wp-content\/uploads\/2024\/08\/Snaptrude-2-300x188.png 300w, https:\/\/banquyen.karogroup.vn\/wp-content\/uploads\/2024\/08\/Snaptrude-2-1024x641.png 1024w, https:\/\/banquyen.karogroup.vn\/wp-content\/uploads\/2024\/08\/Snaptrude-2-768x481.png 768w, https:\/\/banquyen.karogroup.vn\/wp-content\/uploads\/2024\/08\/Snaptrude-2-600x376.png 600w, https:\/\/banquyen.karogroup.vn\/wp-content\/uploads\/2024\/08\/Snaptrude-2.png 1447w\" alt=\"\" width=\"720\" height=\"451\" \/><\/p>\n<p>Snaptrude l\u00e0 m\u1ed9t ph\u1ea7n m\u1ec1m thi\u1ebft k\u1ebf v\u00e0 d\u1ef1ng h\u00ecnh 3D \u0111\u01b0\u1ee3c ph\u00e1t tri\u1ec3n \u0111\u1ec3 h\u1ed7 tr\u1ee3 c\u00e1c ki\u1ebfn tr\u00fac s\u01b0, nh\u00e0 thi\u1ebft k\u1ebf n\u1ed9i th\u1ea5t, v\u00e0 c\u00e1c chuy\u00ean gia x\u00e2y d\u1ef1ng. D\u01b0\u1edbi \u0111\u00e2y l\u00e0 m\u00f4 t\u1ea3 chi ti\u1ebft v\u1ec1 s\u1ea3n ph\u1ea9m Snaptrude:<\/p>\n<h3><strong>1. Giao di\u1ec7n tr\u1ef1c quan v\u00e0 d\u1ec5 s\u1eed d\u1ee5ng<\/strong><\/h3>\n<p>Snaptrude c\u00f3 giao di\u1ec7n ng\u01b0\u1eddi d\u00f9ng th\u00e2n thi\u1ec7n, gi\u00fap ng\u01b0\u1eddi d\u00f9ng d\u1ec5 d\u00e0ng l\u00e0m quen v\u00e0 thao t\u00e1c. C\u00e1c c\u00f4ng c\u1ee5 v\u00e0 t\u00ednh n\u0103ng \u0111\u01b0\u1ee3c b\u1ed1 tr\u00ed h\u1ee3p l\u00fd, h\u1ed7 tr\u1ee3 ng\u01b0\u1eddi d\u00f9ng t\u00ecm ki\u1ebfm v\u00e0 s\u1eed d\u1ee5ng m\u1ed9t c\u00e1ch nhanh ch\u00f3ng.<\/p>\n<h3><strong>2. T\u00edch h\u1ee3p t\u00ednh n\u0103ng d\u1ef1ng h\u00ecnh 3D m\u1ea1nh m\u1ebd<\/strong><\/h3>\n<p>Snaptrude cung c\u1ea5p c\u00e1c c\u00f4ng c\u1ee5 d\u1ef1ng h\u00ecnh 3D m\u1ea1nh m\u1ebd, gi\u00fap ng\u01b0\u1eddi d\u00f9ng t\u1ea1o ra c\u00e1c m\u00f4 h\u00ecnh ki\u1ebfn tr\u00fac chi ti\u1ebft v\u00e0 ch\u00ednh x\u00e1c. Ph\u1ea7n m\u1ec1m h\u1ed7 tr\u1ee3 t\u1ea1o v\u00e0 ch\u1ec9nh s\u1eeda c\u00e1c \u0111\u1ed1i t\u01b0\u1ee3ng 3D m\u1ed9t c\u00e1ch linh ho\u1ea1t, t\u1eeb vi\u1ec7c d\u1ef1ng khung s\u01b0\u1eddn cho \u0111\u1ebfn ho\u00e0n thi\u1ec7n chi ti\u1ebft n\u1ed9i th\u1ea5t.<\/p>\n<h3><strong>3. H\u1ed7 tr\u1ee3 nhi\u1ec1u \u0111\u1ecbnh d\u1ea1ng t\u1ec7p<\/strong><\/h3>\n<p>Snaptrude h\u1ed7 tr\u1ee3 nhi\u1ec1u \u0111\u1ecbnh d\u1ea1ng t\u1ec7p kh\u00e1c nhau, bao g\u1ed3m c\u1ea3 c\u00e1c t\u1ec7p CAD v\u00e0 BIM, gi\u00fap ng\u01b0\u1eddi d\u00f9ng d\u1ec5 d\u00e0ng nh\u1eadp v\u00e0 xu\u1ea5t d\u1eef li\u1ec7u t\u1eeb c\u00e1c ph\u1ea7n m\u1ec1m kh\u00e1c nh\u01b0 AutoCAD, Revit, SketchUp, v\u00e0 nhi\u1ec1u h\u01a1n n\u1eefa. \u0110i\u1ec1u n\u00e0y t\u1ea1o \u0111i\u1ec1u ki\u1ec7n thu\u1eadn l\u1ee3i cho vi\u1ec7c h\u1ee3p t\u00e1c v\u00e0 trao \u0111\u1ed5i th\u00f4ng tin gi\u1eefa c\u00e1c b\u00ean li\u00ean quan.<\/p>\n<h3><strong>4. T\u00ednh n\u0103ng t\u1ef1 \u0111\u1ed9ng h\u00f3a th\u00f4ng minh<\/strong><\/h3>\n<p>Snaptrude t\u00edch h\u1ee3p c\u00e1c t\u00ednh n\u0103ng t\u1ef1 \u0111\u1ed9ng h\u00f3a th\u00f4ng minh, gi\u00fap ng\u01b0\u1eddi d\u00f9ng ti\u1ebft ki\u1ec7m th\u1eddi gian v\u00e0 c\u00f4ng s\u1ee9c trong qu\u00e1 tr\u00ecnh thi\u1ebft k\u1ebf. V\u00ed d\u1ee5, ph\u1ea7n m\u1ec1m c\u00f3 th\u1ec3 t\u1ef1 \u0111\u1ed9ng t\u1ea1o c\u00e1c b\u1ee9c t\u01b0\u1eddng, s\u00e0n, v\u00e0 m\u00e1i d\u1ef1a tr\u00ean c\u00e1c th\u00f4ng s\u1ed1 \u0111\u00e3 \u0111\u01b0\u1ee3c thi\u1ebft l\u1eadp tr\u01b0\u1edbc.<\/p>\n<h3><strong>5. T\u00edch h\u1ee3p th\u01b0 vi\u1ec7n v\u1eadt li\u1ec7u phong ph\u00fa<\/strong><\/h3>\n<p>Snaptrude \u0111i k\u00e8m v\u1edbi m\u1ed9t th\u01b0 vi\u1ec7n v\u1eadt li\u1ec7u phong ph\u00fa, bao g\u1ed3m c\u00e1c lo\u1ea1i v\u1eadt li\u1ec7u x\u00e2y d\u1ef1ng v\u00e0 n\u1ed9i th\u1ea5t ph\u1ed5 bi\u1ebfn. Ng\u01b0\u1eddi d\u00f9ng c\u00f3 th\u1ec3 d\u1ec5 d\u00e0ng ch\u1ecdn v\u00e0 \u00e1p d\u1ee5ng c\u00e1c v\u1eadt li\u1ec7u n\u00e0y v\u00e0o m\u00f4 h\u00ecnh c\u1ee7a m\u00ecnh \u0111\u1ec3 t\u1ea1o ra c\u00e1c thi\u1ebft k\u1ebf ch\u00e2n th\u1ef1c v\u00e0 s\u1ed1ng \u0111\u1ed9ng.<\/p>\n<h3><strong>6. Kh\u1ea3 n\u0103ng t\u01b0\u01a1ng th\u00edch v\u00e0 m\u1edf r\u1ed9ng<\/strong><\/h3>\n<p>Snaptrude h\u1ed7 tr\u1ee3 c\u00e1c plugin v\u00e0 ti\u1ec7n \u00edch m\u1edf r\u1ed9ng, cho ph\u00e9p ng\u01b0\u1eddi d\u00f9ng t\u00f9y ch\u1ec9nh v\u00e0 m\u1edf r\u1ed9ng t\u00ednh n\u0103ng c\u1ee7a ph\u1ea7n m\u1ec1m theo nhu c\u1ea7u c\u1ee5 th\u1ec3 c\u1ee7a m\u00ecnh. \u0110i\u1ec1u n\u00e0y gi\u00fap ph\u1ea7n m\u1ec1m lu\u00f4n ph\u00f9 h\u1ee3p v\u00e0 \u0111\u00e1p \u1ee9ng \u0111\u01b0\u1ee3c y\u00eau c\u1ea7u \u0111a d\u1ea1ng c\u1ee7a c\u00e1c d\u1ef1 \u00e1n kh\u00e1c nhau.<\/p>\n<h3><strong>7. Hi\u1ec7u su\u1ea5t cao v\u00e0 \u1ed5n \u0111\u1ecbnh<\/strong><\/h3>\n<p>Snaptrude \u0111\u01b0\u1ee3c thi\u1ebft k\u1ebf \u0111\u1ec3 ho\u1ea1t \u0111\u1ed9ng m\u01b0\u1ee3t m\u00e0 v\u00e0 \u1ed5n \u0111\u1ecbnh tr\u00ean nhi\u1ec1u c\u1ea5u h\u00ecnh ph\u1ea7n c\u1ee9ng kh\u00e1c nhau. Ph\u1ea7n m\u1ec1m t\u1ed1i \u01b0u h\u00f3a hi\u1ec7u su\u1ea5t \u0111\u1ec3 \u0111\u1ea3m b\u1ea3o qu\u00e1 tr\u00ecnh thi\u1ebft k\u1ebf kh\u00f4ng b\u1ecb gi\u00e1n \u0111o\u1ea1n v\u00e0 cho ph\u00e9p x\u1eed l\u00fd c\u00e1c m\u00f4 h\u00ecnh ph\u1ee9c t\u1ea1p m\u1ed9t c\u00e1ch hi\u1ec7u qu\u1ea3.<\/p>\n<h3><strong>8. H\u1ed7 tr\u1ee3 c\u1ed9ng \u0111\u1ed3ng v\u00e0 t\u00e0i li\u1ec7u h\u01b0\u1edbng d\u1eabn \u0111\u1ea7y \u0111\u1ee7<\/strong><\/h3>\n<p>Snaptrude cung c\u1ea5p c\u00e1c t\u00e0i li\u1ec7u h\u01b0\u1edbng d\u1eabn chi ti\u1ebft v\u00e0 h\u1ed7 tr\u1ee3 c\u1ed9ng \u0111\u1ed3ng tr\u1ef1c tuy\u1ebfn, gi\u00fap ng\u01b0\u1eddi d\u00f9ng d\u1ec5 d\u00e0ng t\u00ecm ki\u1ebfm th\u00f4ng tin v\u00e0 nh\u1eadn \u0111\u01b0\u1ee3c s\u1ef1 tr\u1ee3 gi\u00fap khi c\u1ea7n thi\u1ebft. C\u00e1c t\u00e0i li\u1ec7u n\u00e0y bao g\u1ed3m c\u00e1c video h\u01b0\u1edbng d\u1eabn, b\u00e0i vi\u1ebft, v\u00e0 c\u00e1c di\u1ec5n \u0111\u00e0n th\u1ea3o lu\u1eadn.<\/p>\n<p>Snaptrude l\u00e0 m\u1ed9t c\u00f4ng c\u1ee5 h\u1eefu \u00edch v\u00e0 hi\u1ec7u qu\u1ea3 cho c\u00e1c chuy\u00ean gia trong ng\u00e0nh x\u00e2y d\u1ef1ng v\u00e0 thi\u1ebft k\u1ebf, gi\u00fap t\u1ed1i \u01b0u h\u00f3a quy tr\u00ecnh l\u00e0m vi\u1ec7c v\u00e0 t\u1ea1o ra c\u00e1c s\u1ea3n ph\u1ea9m ch\u1ea5t l\u01b0\u1ee3ng cao<\/p>\n<p><iframe loading=\"lazy\" title=\"AEME Building Part 8: Climate control and facade treatment | Snaptrude Showcase\" width=\"1020\" height=\"574\" src=\"https:\/\/www.youtube.com\/embed\/XH-V32XXMk8?feature=oembed\" frameborder=\"0\" allow=\"accelerometer; autoplay; clipboard-write; encrypted-media; gyroscope; picture-in-picture; web-share\" referrerpolicy=\"strict-origin-when-cross-origin\" allowfullscreen><\/iframe><\/p>\n<h3><strong>So S\u00e1nh v\u1edbi BIM c\u1ee7a Autodesk<\/strong><\/h3>\n<p><strong>Autodesk<\/strong>\u00a0l\u00e0 m\u1ed9t trong nh\u1eefng nh\u00e0 cung c\u1ea5p gi\u1ea3i ph\u00e1p BIM h\u00e0ng \u0111\u1ea7u th\u1ebf gi\u1edbi v\u1edbi c\u00e1c s\u1ea3n ph\u1ea9m nh\u01b0 Revit, Navisworks v\u00e0 AutoCAD. D\u01b0\u1edbi \u0111\u00e2y l\u00e0 so s\u00e1nh gi\u1eefa BIM c\u1ee7a Snaptrude v\u00e0 Autodesk:<\/p>\n<ol>\n<li><strong>Ph\u1ea1m vi \u1ee9ng d\u1ee5ng<\/strong>:\n<ul>\n<li><strong>Snaptrude<\/strong>: T\u1eadp trung v\u00e0o t\u00edch h\u1ee3p to\u00e0n di\u1ec7n t\u1eeb thi\u1ebft k\u1ebf \u0111\u1ebfn qu\u1ea3n l\u00fd, ph\u00f9 h\u1ee3p v\u1edbi c\u00e1c d\u1ef1 \u00e1n c\u1ea7n t\u00ednh c\u1ed9ng t\u00e1c cao v\u00e0 t\u1ed1i \u01b0u h\u00f3a quy tr\u00ecnh.<\/li>\n<li><strong>Autodesk<\/strong>: Cung c\u1ea5p c\u00e1c gi\u1ea3i ph\u00e1p chuy\u00ean bi\u1ec7t cho t\u1eebng giai \u0111o\u1ea1n c\u1ee7a d\u1ef1 \u00e1n nh\u01b0 thi\u1ebft k\u1ebf (Revit), qu\u1ea3n l\u00fd x\u00e2y d\u1ef1ng (Navisworks) v\u00e0 b\u1ea3n v\u1ebd k\u1ef9 thu\u1eadt (AutoCAD).<\/li>\n<\/ul>\n<\/li>\n<li><strong>Kh\u1ea3 n\u0103ng c\u1ed9ng t\u00e1c<\/strong>:\n<ul>\n<li><strong>Snaptrude<\/strong>: Cho ph\u00e9p c\u1ed9ng t\u00e1c th\u1eddi gian th\u1ef1c v\u1edbi nhi\u1ec1u ng\u01b0\u1eddi d\u00f9ng, gi\u00fap tr\u00e1nh xung \u0111\u1ed9t d\u1eef li\u1ec7u.<\/li>\n<li><strong>Autodesk<\/strong>: Cung c\u1ea5p c\u00e1c c\u00f4ng c\u1ee5 c\u1ed9ng t\u00e1c nh\u01b0ng vi\u1ec7c \u0111\u1ed3ng b\u1ed9 d\u1eef li\u1ec7u v\u00e0 l\u00e0m vi\u1ec7c c\u00f9ng l\u00fac c\u00f3 th\u1ec3 ph\u1ee9c t\u1ea1p h\u01a1n.<\/li>\n<\/ul>\n<\/li>\n<li><strong>Giao di\u1ec7n v\u00e0 tr\u1ea3i nghi\u1ec7m ng\u01b0\u1eddi d\u00f9ng<\/strong>:\n<ul>\n<li><strong>Snaptrude<\/strong>: Giao di\u1ec7n th\u00e2n thi\u1ec7n, d\u1ec5 s\u1eed d\u1ee5ng, \u0111\u1eb7c bi\u1ec7t cho ng\u01b0\u1eddi m\u1edbi b\u1eaft \u0111\u1ea7u.<\/li>\n<li><strong>Autodesk<\/strong>: Giao di\u1ec7n chuy\u00ean nghi\u1ec7p, nh\u01b0ng c\u00f3 th\u1ec3 ph\u1ee9c t\u1ea1p h\u01a1n \u0111\u1ed1i v\u1edbi ng\u01b0\u1eddi d\u00f9ng m\u1edbi.<\/li>\n<\/ul>\n<\/li>\n<li><strong>T\u00ednh n\u0103ng m\u00f4 ph\u1ecfng v\u00e0 ph\u00e2n t\u00edch<\/strong>:\n<ul>\n<li><strong>Snaptrude<\/strong>: Cung c\u1ea5p c\u00e1c c\u00f4ng c\u1ee5 m\u00f4 ph\u1ecfng v\u00e0 ph\u00e2n t\u00edch ti\u00ean ti\u1ebfn, \u0111\u1eb7c bi\u1ec7t trong vi\u1ec7c t\u1ed1i \u01b0u h\u00f3a quy tr\u00ecnh x\u00e2y d\u1ef1ng.<\/li>\n<li><strong>Autodesk<\/strong>: C\u00f3 nhi\u1ec1u c\u00f4ng c\u1ee5 m\u1ea1nh m\u1ebd nh\u01b0ng \u0111\u00f2i h\u1ecfi ng\u01b0\u1eddi d\u00f9ng ph\u1ea3i c\u00f3 k\u1ef9 n\u0103ng cao \u0111\u1ec3 khai th\u00e1c h\u1ebft t\u00ednh n\u0103ng.<\/li>\n<\/ul>\n<\/li>\n<\/ol>\n<p>C\u1ea3 hai s\u1ea3n ph\u1ea9m BIM c\u1ee7a Snaptrude v\u00e0 Autodesk \u0111\u1ec1u c\u00f3 nh\u1eefng \u01b0u \u0111i\u1ec3m ri\u00eang. Snaptrude n\u1ed5i b\u1eadt v\u1edbi kh\u1ea3 n\u0103ng t\u00edch h\u1ee3p v\u00e0 c\u1ed9ng t\u00e1c m\u1ea1nh m\u1ebd, c\u00f9ng giao di\u1ec7n th\u00e2n thi\u1ec7n. Trong khi \u0111\u00f3, Autodesk cung c\u1ea5p m\u1ed9t h\u1ec7 sinh th\u00e1i \u0111a d\u1ea1ng v\u00e0 chuy\u00ean s\u00e2u cho t\u1eebng giai \u0111o\u1ea1n c\u1ee7a d\u1ef1 \u00e1n. Vi\u1ec7c l\u1ef1a ch\u1ecdn s\u1ea3n ph\u1ea9m ph\u1ee5 thu\u1ed9c v\u00e0o nhu c\u1ea7u c\u1ee5 th\u1ec3 c\u1ee7a d\u1ef1 \u00e1n v\u00e0 k\u1ef9 n\u0103ng c\u1ee7a \u0111\u1ed9i ng\u0169 s\u1eed d\u1ee5ng.<\/p>\n","protected":false},"excerpt":{"rendered":"<div class=\"flex-shrink-0 flex flex-col relative items-end\">\n<div>\n<div class=\"pt-0\">\n<div class=\"gizmo-bot-avatar flex h-8 w-8 items-center justify-center overflow-hidden rounded-full\">\n<div class=\"relative p-1 rounded-sm flex items-center justify-center bg-token-main-surface-primary text-token-text-primary h-8 w-8\"><span style=\"color: #555555;\">Snaptrude l\u00e0 m\u1ed9t ph\u1ea7n m\u1ec1m thi\u1ebft k\u1ebf v\u00e0 d\u1ef1ng h\u00ecnh 3D \u0111\u01b0\u1ee3c ph\u00e1t tri\u1ec3n \u0111\u1ec3 h\u1ed7 tr\u1ee3 c\u00e1c ki\u1ebfn tr\u00fac s\u01b0, nh\u00e0 thi\u1ebft k\u1ebf n\u1ed9i th\u1ea5t, v\u00e0 c\u00e1c chuy\u00ean gia x\u00e2y d\u1ef1ng. Snaptrude c\u00f3 giao di\u1ec7n ng\u01b0\u1eddi d\u00f9ng th\u00e2n thi\u1ec7n, gi\u00fap ng\u01b0\u1eddi d\u00f9ng d\u1ec5 d\u00e0ng l\u00e0m quen v\u00e0 thao t\u00e1c. C\u00e1c c\u00f4ng c\u1ee5 v\u00e0 t\u00ednh n\u0103ng \u0111\u01b0\u1ee3c b\u1ed1 tr\u00ed h\u1ee3p l\u00fd, h\u1ed7 tr\u1ee3 ng\u01b0\u1eddi d\u00f9ng t\u00ecm ki\u1ebfm v\u00e0 s\u1eed d\u1ee5ng m\u1ed9t c\u00e1ch nhanh ch\u00f3ng.<\/span><\/div>\n<\/div>\n<\/div>\n<\/div>\n<\/div>\n","protected":false},"featured_media":383,"comment_status":"open","ping_status":"closed","template":"","meta":{"_monsterinsights_skip_tracking":false,"_monsterinsights_sitenote_active":false,"_monsterinsights_sitenote_note":"","_monsterinsights_sitenote_category":0},"product_cat":[19],"product_tag":[],"_links":{"self":[{"href":"https:\/\/banquyen.karogroup.vn\/index.php?rest_route=\/wp\/v2\/product\/380"}],"collection":[{"href":"https:\/\/banquyen.karogroup.vn\/index.php?rest_route=\/wp\/v2\/product"}],"about":[{"href":"https:\/\/banquyen.karogroup.vn\/index.php?rest_route=\/wp\/v2\/types\/product"}],"replies":[{"embeddable":true,"href":"https:\/\/banquyen.karogroup.vn\/index.php?rest_route=%2Fwp%2Fv2%2Fcomments&post=380"}],"wp:featuredmedia":[{"embeddable":true,"href":"https:\/\/banquyen.karogroup.vn\/index.php?rest_route=\/wp\/v2\/media\/383"}],"wp:attachment":[{"href":"https:\/\/banquyen.karogroup.vn\/index.php?rest_route=%2Fwp%2Fv2%2Fmedia&parent=380"}],"wp:term":[{"taxonomy":"product_cat","embeddable":true,"href":"https:\/\/banquyen.karogroup.vn\/index.php?rest_route=%2Fwp%2Fv2%2Fproduct_cat&post=380"},{"taxonomy":"product_tag","embeddable":true,"href":"https:\/\/banquyen.karogroup.vn\/index.php?rest_route=%2Fwp%2Fv2%2Fproduct_tag&post=380"}],"curies":[{"name":"wp","href":"https:\/\/api.w.org\/{rel}","templated":true}]}}