{"id":359,"date":"2024-07-30T15:50:25","date_gmt":"2024-07-30T15:50:25","guid":{"rendered":"https:\/\/banquyen.karogroup.vn\/?post_type=product&#038;p=359"},"modified":"2024-07-30T15:50:25","modified_gmt":"2024-07-30T15:50:25","slug":"win-home-fpp-11-64-bit-eng-intl-usb","status":"publish","type":"product","link":"https:\/\/banquyen.karogroup.vn\/?product=win-home-fpp-11-64-bit-eng-intl-usb","title":{"rendered":"WIN HOME FPP 11 64-bit Eng Intl USB"},"content":{"rendered":"<p><strong>Windows 11 Home FPP (Full Package Product)<\/strong> l\u00e0 phi\u00ean b\u1ea3n h\u1ec7 \u0111i\u1ec1u h\u00e0nh m\u1edbi nh\u1ea5t c\u1ee7a Microsoft d\u00e0nh cho ng\u01b0\u1eddi d\u00f9ng c\u00e1 nh\u00e2n. \u0110\u01b0\u1ee3c thi\u1ebft k\u1ebf \u0111\u1ec3 mang l\u1ea1i tr\u1ea3i nghi\u1ec7m t\u1ed1t nh\u1ea5t v\u1edbi giao di\u1ec7n hi\u1ec7n \u0111\u1ea1i, t\u00ednh n\u0103ng b\u1ea3o m\u1eadt cao v\u00e0 hi\u1ec7u su\u1ea5t t\u1ed1i \u01b0u. Phi\u00ean b\u1ea3n n\u00e0y h\u1ed7 tr\u1ee3 64-bit v\u00e0 \u0111i k\u00e8m v\u1edbi USB c\u00e0i \u0111\u1eb7t, ph\u00f9 h\u1ee3p cho ng\u01b0\u1eddi d\u00f9ng qu\u1ed1c t\u1ebf.<\/p>\n<h3>C\u00e1c t\u00ednh n\u0103ng ch\u00ednh:<\/h3>\n<ol>\n<li><strong>Giao di\u1ec7n ng\u01b0\u1eddi d\u00f9ng m\u1edbi:<\/strong> Windows 11 c\u00f3 giao di\u1ec7n tr\u1ef1c quan, hi\u1ec7n \u0111\u1ea1i v\u00e0 th\u00e2n thi\u1ec7n v\u1edbi ng\u01b0\u1eddi d\u00f9ng, v\u1edbi thanh Taskbar v\u00e0 Menu Start \u0111\u01b0\u1ee3c thi\u1ebft k\u1ebf l\u1ea1i.<\/li>\n<li><strong>Hi\u1ec7u su\u1ea5t cao:<\/strong> T\u1ed1i \u01b0u h\u00f3a hi\u1ec7u su\u1ea5t h\u1ec7 th\u1ed1ng \u0111\u1ec3 mang l\u1ea1i tr\u1ea3i nghi\u1ec7m m\u01b0\u1ee3t m\u00e0 v\u00e0 nhanh ch\u00f3ng.<\/li>\n<li><strong>H\u1ed7 tr\u1ee3 \u0111a nhi\u1ec7m:<\/strong> C\u00e1c t\u00ednh n\u0103ng nh\u01b0 Snap Layouts v\u00e0 Desktops gi\u00fap b\u1ea1n t\u1ed5 ch\u1ee9c v\u00e0 qu\u1ea3n l\u00fd c\u00e1c c\u1eeda s\u1ed5 l\u00e0m vi\u1ec7c m\u1ed9t c\u00e1ch hi\u1ec7u qu\u1ea3.<\/li>\n<li><strong>T\u00edch h\u1ee3p Microsoft Teams:<\/strong> Giao ti\u1ebfp d\u1ec5 d\u00e0ng v\u1edbi b\u1ea1n b\u00e8 v\u00e0 gia \u0111\u00ecnh th\u00f4ng qua Microsoft Teams \u0111\u01b0\u1ee3c t\u00edch h\u1ee3p s\u1eb5n.<\/li>\n<li><strong>Ch\u1ea1y \u1ee9ng d\u1ee5ng Android:<\/strong> Kh\u1ea3 n\u0103ng ch\u1ea1y c\u00e1c \u1ee9ng d\u1ee5ng Android tr\u1ef1c ti\u1ebfp tr\u00ean Windows 11 th\u00f4ng qua Microsoft Store.<\/li>\n<li><strong>Windows Widgets:<\/strong> Ti\u1ec7n \u00edch cung c\u1ea5p th\u00f4ng tin c\u00e1 nh\u00e2n h\u00f3a v\u1ec1 th\u1eddi ti\u1ebft, tin t\u1ee9c, l\u1ecbch v\u00e0 nhi\u1ec1u th\u00f4ng tin kh\u00e1c ngay tr\u00ean m\u00e0n h\u00ecnh ch\u00ednh.<\/li>\n<\/ol>\n<h3>\u0110\u1eb7c \u0111i\u1ec3m n\u1ed5i b\u1eadt:<\/h3>\n<ul>\n<li><strong>B\u1ea3n quy\u1ec1n v\u0129nh vi\u1ec5n:<\/strong> Mua m\u1ed9t l\u1ea7n v\u00e0 s\u1eed d\u1ee5ng m\u00e3i m\u00e3i m\u00e0 kh\u00f4ng c\u1ea7n gia h\u1ea1n.<\/li>\n<li><strong>C\u00e0i \u0111\u1eb7t qua USB:<\/strong> D\u1ec5 d\u00e0ng c\u00e0i \u0111\u1eb7t h\u1ec7 \u0111i\u1ec1u h\u00e0nh t\u1eeb USB, thu\u1eadn ti\u1ec7n v\u00e0 nhanh ch\u00f3ng.<\/li>\n<li><strong>Kh\u00f4ng y\u00eau c\u1ea7u \u0111\u0129a v\u1eadt l\u00fd:<\/strong> Ho\u00e0n to\u00e0n kh\u00f4ng c\u1ea7n \u0111\u0129a c\u00e0i \u0111\u1eb7t, gi\u00fap b\u1ea3o v\u1ec7 m\u00f4i tr\u01b0\u1eddng v\u00e0 ti\u1ec7n l\u1ee3i trong vi\u1ec7c s\u1eed d\u1ee5ng.<\/li>\n<li><strong>H\u1ed7 tr\u1ee3 \u0111a ng\u00f4n ng\u1eef:<\/strong> Phi\u00ean b\u1ea3n qu\u1ed1c t\u1ebf h\u1ed7 tr\u1ee3 ng\u00f4n ng\u1eef ti\u1ebfng Anh v\u00e0 nhi\u1ec1u ng\u00f4n ng\u1eef kh\u00e1c, th\u00edch h\u1ee3p cho m\u00f4i tr\u01b0\u1eddng s\u1eed d\u1ee5ng to\u00e0n c\u1ea7u.<\/li>\n<li><strong>Ph\u00f9 h\u1ee3p cho c\u00e1 nh\u00e2n:<\/strong> Cung c\u1ea5p c\u00e1c t\u00ednh n\u0103ng gi\u1ea3i tr\u00ed v\u00e0 qu\u1ea3n l\u00fd c\u00f4ng vi\u1ec7c c\u00e1 nh\u00e2n m\u1ed9t c\u00e1ch hi\u1ec7u qu\u1ea3.<\/li>\n<\/ul>\n<h3>Y\u00eau c\u1ea7u h\u1ec7 th\u1ed1ng:<\/h3>\n<ul>\n<li><strong>B\u1ed9 x\u1eed l\u00fd:<\/strong> 1 GHz ho\u1eb7c nhanh h\u01a1n, v\u1edbi \u00edt nh\u1ea5t 2 l\u00f5i tr\u00ean b\u1ed9 x\u1eed l\u00fd 64-bit t\u01b0\u01a1ng th\u00edch ho\u1eb7c h\u1ec7 th\u1ed1ng tr\u00ean chip (SoC).<\/li>\n<li><strong>RAM:<\/strong> 4 GB tr\u1edf l\u00ean<\/li>\n<li><strong>Dung l\u01b0\u1ee3ng \u1ed5 c\u1ee9ng:<\/strong> 64 GB ho\u1eb7c l\u1edbn h\u01a1n<\/li>\n<li><strong>Firmware h\u1ec7 th\u1ed1ng:<\/strong> UEFI, c\u00f3 kh\u1ea3 n\u0103ng Kh\u1edfi \u0111\u1ed9ng an to\u00e0n<\/li>\n<li><strong>TPM:<\/strong> Trusted Platform Module (TPM) phi\u00ean b\u1ea3n 2.0<\/li>\n<li><strong>\u0110\u1ed3 h\u1ecda:<\/strong> T\u01b0\u01a1ng th\u00edch v\u1edbi DirectX 12 ho\u1eb7c m\u1edbi h\u01a1n v\u1edbi tr\u00ecnh \u0111i\u1ec1u khi\u1ec3n WDDM 2.x<\/li>\n<li><strong>M\u00e0n h\u00ecnh:<\/strong> M\u00e0n h\u00ecnh HD v\u1edbi \u0111\u1ed9 ph\u00e2n gi\u1ea3i t\u1ed1i thi\u1ec3u 720p, l\u1edbn h\u01a1n 9\u201d theo \u0111\u01b0\u1eddng ch\u00e9o, 8 bit m\u1ed7i k\u00eanh m\u00e0u<\/li>\n<\/ul>\n<p>Windows 11 Home FPP 64-bit l\u00e0 l\u1ef1a ch\u1ecdn ho\u00e0n h\u1ea3o cho ng\u01b0\u1eddi d\u00f9ng c\u00e1 nh\u00e2n c\u1ea7n m\u1ed9t h\u1ec7 \u0111i\u1ec1u h\u00e0nh m\u1ea1nh m\u1ebd, an to\u00e0n v\u00e0 d\u1ec5 s\u1eed d\u1ee5ng. V\u1edbi giao di\u1ec7n m\u1edbi, hi\u1ec7u su\u1ea5t cao v\u00e0 c\u00e1c t\u00ednh n\u0103ng \u0111a nhi\u1ec7m ti\u00ean ti\u1ebfn, s\u1ea3n ph\u1ea9m n\u00e0y s\u1ebd mang l\u1ea1i tr\u1ea3i nghi\u1ec7m s\u1eed d\u1ee5ng tuy\u1ec7t v\u1eddi cho m\u1ecdi nhu c\u1ea7u c\u00e1 nh\u00e2n c\u1ee7a b\u1ea1n.<\/p>\n","protected":false},"excerpt":{"rendered":"<p><strong>Windows 11 Home FPP (Full Package Product)<\/strong> l\u00e0 phi\u00ean b\u1ea3n h\u1ec7 \u0111i\u1ec1u h\u00e0nh m\u1edbi nh\u1ea5t c\u1ee7a Microsoft d\u00e0nh cho ng\u01b0\u1eddi d\u00f9ng c\u00e1 nh\u00e2n. \u0110\u01b0\u1ee3c thi\u1ebft k\u1ebf \u0111\u1ec3 mang l\u1ea1i tr\u1ea3i nghi\u1ec7m t\u1ed1t nh\u1ea5t v\u1edbi giao di\u1ec7n hi\u1ec7n \u0111\u1ea1i, t\u00ednh n\u0103ng b\u1ea3o m\u1eadt cao v\u00e0 hi\u1ec7u su\u1ea5t t\u1ed1i \u01b0u. Phi\u00ean b\u1ea3n n\u00e0y h\u1ed7 tr\u1ee3 64-bit v\u00e0 \u0111i k\u00e8m v\u1edbi USB c\u00e0i \u0111\u1eb7t, ph\u00f9 h\u1ee3p cho ng\u01b0\u1eddi d\u00f9ng qu\u1ed1c t\u1ebf.<\/p>\n","protected":false},"featured_media":353,"comment_status":"open","ping_status":"closed","template":"","meta":{"_monsterinsights_skip_tracking":false,"_monsterinsights_sitenote_active":false,"_monsterinsights_sitenote_note":"","_monsterinsights_sitenote_category":0},"product_cat":[17],"product_tag":[],"_links":{"self":[{"href":"https:\/\/banquyen.karogroup.vn\/index.php?rest_route=\/wp\/v2\/product\/359"}],"collection":[{"href":"https:\/\/banquyen.karogroup.vn\/index.php?rest_route=\/wp\/v2\/product"}],"about":[{"href":"https:\/\/banquyen.karogroup.vn\/index.php?rest_route=\/wp\/v2\/types\/product"}],"replies":[{"embeddable":true,"href":"https:\/\/banquyen.karogroup.vn\/index.php?rest_route=%2Fwp%2Fv2%2Fcomments&post=359"}],"wp:featuredmedia":[{"embeddable":true,"href":"https:\/\/banquyen.karogroup.vn\/index.php?rest_route=\/wp\/v2\/media\/353"}],"wp:attachment":[{"href":"https:\/\/banquyen.karogroup.vn\/index.php?rest_route=%2Fwp%2Fv2%2Fmedia&parent=359"}],"wp:term":[{"taxonomy":"product_cat","embeddable":true,"href":"https:\/\/banquyen.karogroup.vn\/index.php?rest_route=%2Fwp%2Fv2%2Fproduct_cat&post=359"},{"taxonomy":"product_tag","embeddable":true,"href":"https:\/\/banquyen.karogroup.vn\/index.php?rest_route=%2Fwp%2Fv2%2Fproduct_tag&post=359"}],"curies":[{"name":"wp","href":"https:\/\/api.w.org\/{rel}","templated":true}]}}