{"id":338,"date":"2024-07-30T14:27:44","date_gmt":"2024-07-30T14:27:44","guid":{"rendered":"https:\/\/banquyen.karogroup.vn\/?post_type=product&#038;p=338"},"modified":"2024-07-30T14:27:44","modified_gmt":"2024-07-30T14:27:44","slug":"visio-pro-2021-win-all-lng-pk-lic-online-dwnld-c2r-nr","status":"publish","type":"product","link":"https:\/\/banquyen.karogroup.vn\/?product=visio-pro-2021-win-all-lng-pk-lic-online-dwnld-c2r-nr","title":{"rendered":"Visio Pro 2021 Win All Lng PK Lic Online DwnLd C2R NR"},"content":{"rendered":"<p><strong>Visio Professional 2021<\/strong> l\u00e0 phi\u00ean b\u1ea3n n\u00e2ng cao c\u1ee7a ph\u1ea7n m\u1ec1m v\u1ebd s\u01a1 \u0111\u1ed3 v\u00e0 bi\u1ec3u \u0111\u1ed3 chuy\u00ean nghi\u1ec7p Microsoft Visio, cung c\u1ea5p c\u00e1c c\u00f4ng c\u1ee5 m\u1ea1nh m\u1ebd v\u00e0 t\u00ednh n\u0103ng n\u00e2ng cao \u0111\u1ec3 t\u1ea1o ra c\u00e1c s\u01a1 \u0111\u1ed3 ph\u1ee9c t\u1ea1p v\u00e0 chi ti\u1ebft. Phi\u00ean b\u1ea3n n\u00e0y h\u1ed7 tr\u1ee3 nhi\u1ec1u ng\u00f4n ng\u1eef v\u00e0 \u0111\u01b0\u1ee3c thi\u1ebft k\u1ebf cho h\u1ec7 \u0111i\u1ec1u h\u00e0nh Windows, ph\u00f9 h\u1ee3p cho c\u00e1c doanh nghi\u1ec7p v\u00e0 chuy\u00ean gia c\u1ea7n t\u1ea1o v\u00e0 chia s\u1ebb s\u01a1 \u0111\u1ed3 chuy\u00ean nghi\u1ec7p.<\/p>\n<h3>C\u00e1c t\u00ednh n\u0103ng ch\u00ednh:<\/h3>\n<ol>\n<li><strong>C\u00f4ng c\u1ee5 v\u1ebd s\u01a1 \u0111\u1ed3 n\u00e2ng cao:<\/strong> Cung c\u1ea5p h\u00e0ng lo\u1ea1t c\u00e1c c\u00f4ng c\u1ee5 v\u00e0 m\u1eabu \u0111\u1ec3 t\u1ea1o c\u00e1c lo\u1ea1i s\u01a1 \u0111\u1ed3 ph\u1ee9c t\u1ea1p nh\u01b0 s\u01a1 \u0111\u1ed3 t\u1ed5 ch\u1ee9c, s\u01a1 \u0111\u1ed3 m\u1ea1ng, l\u01b0u \u0111\u1ed3, v\u00e0 s\u01a1 \u0111\u1ed3 quy tr\u00ecnh.<\/li>\n<li><strong>H\u1ee3p t\u00e1c v\u00e0 chia s\u1ebb:<\/strong> Cho ph\u00e9p nhi\u1ec1u ng\u01b0\u1eddi d\u00f9ng c\u00f9ng l\u00e0m vi\u1ec7c tr\u00ean m\u1ed9t s\u01a1 \u0111\u1ed3 \u0111\u1ed3ng th\u1eddi, t\u0103ng hi\u1ec7u qu\u1ea3 l\u00e0m vi\u1ec7c nh\u00f3m v\u00e0 chia s\u1ebb th\u00f4ng tin d\u1ec5 d\u00e0ng.<\/li>\n<li><strong>Li\u00ean k\u1ebft d\u1eef li\u1ec7u tr\u1ef1c ti\u1ebfp:<\/strong> K\u1ebft n\u1ed1i s\u01a1 \u0111\u1ed3 v\u1edbi d\u1eef li\u1ec7u t\u1eeb nhi\u1ec1u ngu\u1ed3n kh\u00e1c nhau nh\u01b0 Excel, Access, SQL Server, v\u00e0 c\u00e1c d\u1ecbch v\u1ee5 kh\u00e1c \u0111\u1ec3 t\u1ef1 \u0111\u1ed9ng h\u00f3a v\u00e0 c\u1eadp nh\u1eadt d\u1eef li\u1ec7u trong s\u01a1 \u0111\u1ed3.<\/li>\n<li><strong>M\u1eabu v\u00e0 h\u00ecnh d\u1ea1ng \u0111a d\u1ea1ng:<\/strong> Cung c\u1ea5p h\u00e0ng ngh\u00ecn m\u1eabu v\u00e0 h\u00ecnh d\u1ea1ng s\u1eb5n c\u00f3, gi\u00fap b\u1ea1n d\u1ec5 d\u00e0ng b\u1eaft \u0111\u1ea7u v\u00e0 t\u00f9y ch\u1ec9nh s\u01a1 \u0111\u1ed3 theo nhu c\u1ea7u c\u1ee5 th\u1ec3.<\/li>\n<li><strong>X\u00e1c th\u1ef1c s\u01a1 \u0111\u1ed3:<\/strong> Ki\u1ec3m tra t\u00ednh ch\u00ednh x\u00e1c c\u1ee7a s\u01a1 \u0111\u1ed3 v\u00e0 tu\u00e2n th\u1ee7 c\u00e1c ti\u00eau chu\u1ea9n ng\u00e0nh, gi\u00fap \u0111\u1ea3m b\u1ea3o ch\u1ea5t l\u01b0\u1ee3ng v\u00e0 \u0111\u1ed9 tin c\u1eady c\u1ee7a th\u00f4ng tin.<\/li>\n<\/ol>\n<h3>\u0110\u1eb7c \u0111i\u1ec3m n\u1ed5i b\u1eadt:<\/h3>\n<ul>\n<li><strong>B\u1ea3n quy\u1ec1n v\u0129nh vi\u1ec5n:<\/strong> Mua m\u1ed9t l\u1ea7n v\u00e0 s\u1eed d\u1ee5ng m\u00e3i m\u00e3i m\u00e0 kh\u00f4ng c\u1ea7n gia h\u1ea1n.<\/li>\n<li><strong>T\u1ea3i xu\u1ed1ng tr\u1ef1c tuy\u1ebfn:<\/strong> D\u1ec5 d\u00e0ng t\u1ea3i v\u00e0 c\u00e0i \u0111\u1eb7t tr\u1ef1c ti\u1ebfp t\u1eeb internet, ti\u1ebft ki\u1ec7m th\u1eddi gian v\u00e0 c\u00f4ng s\u1ee9c.<\/li>\n<li><strong>Kh\u00f4ng y\u00eau c\u1ea7u \u0111\u0129a v\u1eadt l\u00fd:<\/strong> Ho\u00e0n to\u00e0n kh\u00f4ng c\u1ea7n \u0111\u0129a c\u00e0i \u0111\u1eb7t, gi\u00fap b\u1ea3o v\u1ec7 m\u00f4i tr\u01b0\u1eddng v\u00e0 ti\u1ec7n l\u1ee3i trong vi\u1ec7c s\u1eed d\u1ee5ng.<\/li>\n<li><strong>H\u1ed7 tr\u1ee3 \u0111a ng\u00f4n ng\u1eef:<\/strong> Ph\u00f9 h\u1ee3p v\u1edbi nhi\u1ec1u ng\u00f4n ng\u1eef, th\u00edch h\u1ee3p cho m\u00f4i tr\u01b0\u1eddng l\u00e0m vi\u1ec7c qu\u1ed1c t\u1ebf.<\/li>\n<li><strong>Giao di\u1ec7n th\u00e2n thi\u1ec7n:<\/strong> Giao di\u1ec7n ng\u01b0\u1eddi d\u00f9ng tr\u1ef1c quan v\u00e0 d\u1ec5 s\u1eed d\u1ee5ng, gi\u00fap ng\u01b0\u1eddi d\u00f9ng m\u1edbi d\u1ec5 d\u00e0ng l\u00e0m quen.<\/li>\n<\/ul>\n<h3>Y\u00eau c\u1ea7u h\u1ec7 th\u1ed1ng:<\/h3>\n<ul>\n<li>H\u1ec7 \u0111i\u1ec1u h\u00e0nh: Windows 10 ho\u1eb7c Windows 11<\/li>\n<li>B\u1ed9 x\u1eed l\u00fd: 1.6 GHz ho\u1eb7c nhanh h\u01a1n, 2 l\u00f5i<\/li>\n<li>RAM: 4 GB tr\u1edf l\u00ean<\/li>\n<li>Dung l\u01b0\u1ee3ng \u1ed5 c\u1ee9ng: 4 GB kh\u00f4ng gian tr\u1ed1ng<\/li>\n<li>\u0110\u1ed9 ph\u00e2n gi\u1ea3i m\u00e0n h\u00ecnh: 1280 x 768 tr\u1edf l\u00ean<\/li>\n<\/ul>\n<p>Visio Professional 2021 l\u00e0 l\u1ef1a ch\u1ecdn ho\u00e0n h\u1ea3o cho c\u00e1c doanh nghi\u1ec7p v\u00e0 chuy\u00ean gia c\u1ea7n m\u1ed9t c\u00f4ng c\u1ee5 v\u1ebd s\u01a1 \u0111\u1ed3 v\u00e0 bi\u1ec3u \u0111\u1ed3 m\u1ea1nh m\u1ebd v\u00e0 linh ho\u1ea1t. V\u1edbi c\u00e1c t\u00ednh n\u0103ng n\u00e2ng cao v\u00e0 kh\u1ea3 n\u0103ng h\u1ee3p t\u00e1c hi\u1ec7u qu\u1ea3, s\u1ea3n ph\u1ea9m n\u00e0y s\u1ebd gi\u00fap b\u1ea1n t\u1ea1o ra c\u00e1c s\u01a1 \u0111\u1ed3 chuy\u00ean nghi\u1ec7p, tr\u1ef1c quan v\u00e0 d\u1ec5 hi\u1ec3u, \u0111\u00e1p \u1ee9ng m\u1ecdi nhu c\u1ea7u c\u00f4ng vi\u1ec7c c\u1ee7a b\u1ea1n.<\/p>\n","protected":false},"excerpt":{"rendered":"<p><strong>Visio Professional 2021<\/strong> l\u00e0 phi\u00ean b\u1ea3n n\u00e2ng cao c\u1ee7a ph\u1ea7n m\u1ec1m v\u1ebd s\u01a1 \u0111\u1ed3 v\u00e0 bi\u1ec3u \u0111\u1ed3 chuy\u00ean nghi\u1ec7p Microsoft Visio, cung c\u1ea5p c\u00e1c c\u00f4ng c\u1ee5 m\u1ea1nh m\u1ebd v\u00e0 t\u00ednh n\u0103ng n\u00e2ng cao \u0111\u1ec3 t\u1ea1o ra c\u00e1c s\u01a1 \u0111\u1ed3 ph\u1ee9c t\u1ea1p v\u00e0 chi ti\u1ebft. Phi\u00ean b\u1ea3n n\u00e0y h\u1ed7 tr\u1ee3 nhi\u1ec1u ng\u00f4n ng\u1eef v\u00e0 \u0111\u01b0\u1ee3c thi\u1ebft k\u1ebf cho h\u1ec7 \u0111i\u1ec1u h\u00e0nh Windows, ph\u00f9 h\u1ee3p cho c\u00e1c doanh nghi\u1ec7p v\u00e0 chuy\u00ean gia c\u1ea7n t\u1ea1o v\u00e0 chia s\u1ebb s\u01a1 \u0111\u1ed3 chuy\u00ean nghi\u1ec7p.<\/p>\n","protected":false},"featured_media":339,"comment_status":"open","ping_status":"closed","template":"","meta":{"_monsterinsights_skip_tracking":false,"_monsterinsights_sitenote_active":false,"_monsterinsights_sitenote_note":"","_monsterinsights_sitenote_category":0},"product_cat":[18],"product_tag":[],"_links":{"self":[{"href":"https:\/\/banquyen.karogroup.vn\/index.php?rest_route=\/wp\/v2\/product\/338"}],"collection":[{"href":"https:\/\/banquyen.karogroup.vn\/index.php?rest_route=\/wp\/v2\/product"}],"about":[{"href":"https:\/\/banquyen.karogroup.vn\/index.php?rest_route=\/wp\/v2\/types\/product"}],"replies":[{"embeddable":true,"href":"https:\/\/banquyen.karogroup.vn\/index.php?rest_route=%2Fwp%2Fv2%2Fcomments&post=338"}],"wp:featuredmedia":[{"embeddable":true,"href":"https:\/\/banquyen.karogroup.vn\/index.php?rest_route=\/wp\/v2\/media\/339"}],"wp:attachment":[{"href":"https:\/\/banquyen.karogroup.vn\/index.php?rest_route=%2Fwp%2Fv2%2Fmedia&parent=338"}],"wp:term":[{"taxonomy":"product_cat","embeddable":true,"href":"https:\/\/banquyen.karogroup.vn\/index.php?rest_route=%2Fwp%2Fv2%2Fproduct_cat&post=338"},{"taxonomy":"product_tag","embeddable":true,"href":"https:\/\/banquyen.karogroup.vn\/index.php?rest_route=%2Fwp%2Fv2%2Fproduct_tag&post=338"}],"curies":[{"name":"wp","href":"https:\/\/api.w.org\/{rel}","templated":true}]}}