{"id":312,"date":"2024-07-30T10:17:13","date_gmt":"2024-07-30T10:17:13","guid":{"rendered":"https:\/\/banquyen.karogroup.vn\/?post_type=product&#038;p=312"},"modified":"2024-07-30T13:49:11","modified_gmt":"2024-07-30T13:49:11","slug":"office-home-and-student-2021-all-lng-apac-em-pk-lic-online-dwnld-nr","status":"publish","type":"product","link":"https:\/\/banquyen.karogroup.vn\/?product=office-home-and-student-2021-all-lng-apac-em-pk-lic-online-dwnld-nr","title":{"rendered":"Office Home and Student 2021 All Lng APAC EM PK Lic Online DwnLd NR"},"content":{"rendered":"<div class=\"flex flex-grow flex-col max-w-full\">\n<div class=\"min-h-[20px] text-message flex w-full flex-col items-end gap-2 whitespace-pre-wrap break-words [.text-message+&amp;]:mt-5 overflow-x-auto\" dir=\"auto\" data-message-author-role=\"assistant\" data-message-id=\"8b80e4ff-02d0-445b-b30e-fddc579232a3\">\n<div class=\"flex w-full flex-col gap-1 empty:hidden first:pt-[3px]\">\n<div class=\"markdown prose w-full break-words dark:prose-invert light\">\n<p>Office Home and Student 2021 l\u00e0 b\u1ed9 \u1ee9ng d\u1ee5ng v\u0103n ph\u00f2ng m\u1edbi nh\u1ea5t t\u1eeb Microsoft, \u0111\u01b0\u1ee3c thi\u1ebft k\u1ebf d\u00e0nh ri\u00eang cho h\u1ecdc sinh, sinh vi\u00ean v\u00e0 gia \u0111\u00ecnh. S\u1ea3n ph\u1ea9m cung c\u1ea5p c\u00e1c c\u00f4ng c\u1ee5 c\u1ea7n thi\u1ebft \u0111\u1ec3 h\u1ecdc t\u1eadp, l\u00e0m vi\u1ec7c v\u00e0 qu\u1ea3n l\u00fd cu\u1ed9c s\u1ed1ng h\u00e0ng ng\u00e0y. \u0110\u00e2y l\u00e0 g\u00f3i mua m\u1ed9t l\u1ea7n v\u1edbi c\u00e1c \u1ee9ng d\u1ee5ng c\u01a1 b\u1ea3n, d\u1ec5 d\u00e0ng c\u00e0i \u0111\u1eb7t v\u00e0 s\u1eed d\u1ee5ng tr\u00ean m\u00e1y t\u00ednh c\u00e1 nh\u00e2n.<\/p>\n<p><strong>T\u00ednh n\u0103ng ch\u00ednh:<\/strong><\/p>\n<ol>\n<li><strong>\u1ee8ng d\u1ee5ng Office:<\/strong>\n<ul>\n<li>Bao g\u1ed3m c\u00e1c \u1ee9ng d\u1ee5ng quen thu\u1ed9c nh\u01b0 Microsoft Word, Excel, PowerPoint v\u00e0 OneNote.<\/li>\n<li>Phi\u00ean b\u1ea3n c\u00e0i \u0111\u1eb7t \u0111\u1ea7y \u0111\u1ee7, kh\u00f4ng c\u1ea7n k\u1ebft n\u1ed1i internet \u0111\u1ec3 s\u1eed d\u1ee5ng.<\/li>\n<\/ul>\n<\/li>\n<li><strong>Microsoft Word:<\/strong>\n<ul>\n<li>T\u1ea1o v\u00e0 ch\u1ec9nh s\u1eeda v\u0103n b\u1ea3n m\u1ed9t c\u00e1ch chuy\u00ean nghi\u1ec7p.<\/li>\n<li>C\u00e1c c\u00f4ng c\u1ee5 ki\u1ec3m tra ng\u1eef ph\u00e1p, ch\u00ednh t\u1ea3 v\u00e0 g\u1ee3i \u00fd vi\u1ebft gi\u00fap c\u1ea3i thi\u1ec7n ch\u1ea5t l\u01b0\u1ee3ng t\u00e0i li\u1ec7u.<\/li>\n<\/ul>\n<\/li>\n<li><strong>Microsoft Excel:<\/strong>\n<ul>\n<li>Qu\u1ea3n l\u00fd d\u1eef li\u1ec7u v\u00e0 th\u1ef1c hi\u1ec7n c\u00e1c ph\u00e2n t\u00edch s\u1ed1 li\u1ec7u m\u1ea1nh m\u1ebd.<\/li>\n<li>C\u00e1c bi\u1ec3u \u0111\u1ed3 v\u00e0 c\u00f4ng c\u1ee5 ph\u00e2n t\u00edch d\u1eef li\u1ec7u gi\u00fap tr\u1ef1c quan h\u00f3a th\u00f4ng tin d\u1ec5 d\u00e0ng.<\/li>\n<\/ul>\n<\/li>\n<li><strong>Microsoft PowerPoint:<\/strong>\n<ul>\n<li>T\u1ea1o c\u00e1c b\u00e0i thuy\u1ebft tr\u00ecnh chuy\u00ean nghi\u1ec7p v\u00e0 h\u1ea5p d\u1eabn.<\/li>\n<li>C\u00e1c m\u1eabu v\u00e0 c\u00f4ng c\u1ee5 thi\u1ebft k\u1ebf gi\u00fap b\u1ea1n t\u1ea1o ra c\u00e1c b\u00e0i tr\u00ecnh chi\u1ebfu \u1ea5n t\u01b0\u1ee3ng.<\/li>\n<\/ul>\n<\/li>\n<li><strong>Microsoft OneNote:<\/strong>\n<ul>\n<li>Ghi ch\u00fa, t\u1ed5 ch\u1ee9c \u00fd t\u01b0\u1edfng v\u00e0 chia s\u1ebb th\u00f4ng tin m\u1ed9t c\u00e1ch d\u1ec5 d\u00e0ng.<\/li>\n<li>H\u1ed7 tr\u1ee3 vi\u1ebft tay, v\u1ebd v\u00e0 ch\u00e8n c\u00e1c lo\u1ea1i n\u1ed9i dung \u0111a ph\u01b0\u01a1ng ti\u1ec7n.<\/li>\n<\/ul>\n<\/li>\n<\/ol>\n<p><strong>\u0110\u1eb7c \u0111i\u1ec3m v\u00e0 Gi\u1ea5y ph\u00e9p:<\/strong><\/p>\n<ul>\n<li>Phi\u00ean b\u1ea3n mua m\u1ed9t l\u1ea7n, kh\u00f4ng c\u1ea7n gia h\u1ea1n h\u00e0ng n\u0103m.<\/li>\n<li>H\u1ed7 tr\u1ee3 t\u1ea5t c\u1ea3 c\u00e1c ng\u00f4n ng\u1eef, l\u00fd t\u01b0\u1edfng cho ng\u01b0\u1eddi d\u00f9ng \u0111a ng\u00f4n ng\u1eef.<\/li>\n<li>D\u00e0nh ri\u00eang cho khu v\u1ef1c APAC (Ch\u00e2u \u00c1 &#8211; Th\u00e1i B\u00ecnh D\u01b0\u01a1ng).<\/li>\n<li>Gi\u1ea5y ph\u00e9p cho m\u1ed9t PC ho\u1eb7c Mac.<\/li>\n<li>T\u1ea3i xu\u1ed1ng tr\u1ef1c tuy\u1ebfn d\u1ec5 d\u00e0ng v\u00e0 c\u00e0i \u0111\u1eb7t nhanh ch\u00f3ng.<\/li>\n<\/ul>\n<p><strong>L\u1ee3i \u00edch:<\/strong><\/p>\n<ul>\n<li>S\u1edf h\u1eefu v\u0129nh vi\u1ec5n c\u00e1c \u1ee9ng d\u1ee5ng Office c\u01a1 b\u1ea3n m\u00e0 kh\u00f4ng c\u1ea7n ph\u1ea3i tr\u1ea3 ph\u00ed h\u00e0ng n\u0103m.<\/li>\n<li>T\u0103ng c\u01b0\u1eddng n\u0103ng su\u1ea5t h\u1ecdc t\u1eadp v\u00e0 l\u00e0m vi\u1ec7c v\u1edbi c\u00e1c c\u00f4ng c\u1ee5 m\u1ea1nh m\u1ebd v\u00e0 d\u1ec5 s\u1eed d\u1ee5ng.<\/li>\n<li>D\u1ec5 d\u00e0ng c\u00e0i \u0111\u1eb7t v\u00e0 s\u1eed d\u1ee5ng m\u00e0 kh\u00f4ng c\u1ea7n k\u1ebft n\u1ed1i internet li\u00ean t\u1ee5c.<\/li>\n<li>H\u1ed7 tr\u1ee3 h\u1ecdc t\u1eadp v\u00e0 l\u00e0m vi\u1ec7c hi\u1ec7u qu\u1ea3 h\u01a1n v\u1edbi c\u00e1c t\u00ednh n\u0103ng n\u00e2ng cao v\u00e0 giao di\u1ec7n th\u00e2n thi\u1ec7n.<\/li>\n<\/ul>\n<p><strong>L\u00fd t\u01b0\u1edfng cho:<\/strong><\/p>\n<ul>\n<li>H\u1ecdc sinh, sinh vi\u00ean v\u00e0 gia \u0111\u00ecnh c\u1ea7n m\u1ed9t b\u1ed9 \u1ee9ng d\u1ee5ng v\u0103n ph\u00f2ng c\u01a1 b\u1ea3n \u0111\u1ec3 h\u1ed7 tr\u1ee3 h\u1ecdc t\u1eadp v\u00e0 l\u00e0m vi\u1ec7c.<\/li>\n<li>Ng\u01b0\u1eddi d\u00f9ng mu\u1ed1n s\u1edf h\u1eefu v\u0129nh vi\u1ec5n c\u00e1c \u1ee9ng d\u1ee5ng Office m\u00e0 kh\u00f4ng c\u1ea7n ph\u1ea3i tr\u1ea3 ph\u00ed gia h\u1ea1n h\u00e0ng n\u0103m.<\/li>\n<\/ul>\n<p>Office Home and Student 2021 mang \u0111\u1ebfn gi\u1ea3i ph\u00e1p to\u00e0n di\u1ec7n v\u00e0 hi\u1ec7u qu\u1ea3 cho nhu c\u1ea7u h\u1ecdc t\u1eadp v\u00e0 l\u00e0m vi\u1ec7c h\u00e0ng ng\u00e0y c\u1ee7a b\u1ea1n.<\/p>\n<\/div>\n<\/div>\n<\/div>\n<\/div>\n<div class=\"mt-1 flex gap-3 empty:hidden -ml-2\">\n<div class=\"items-center justify-start rounded-xl p-1 flex\">\n<div class=\"flex items-center\"><button class=\"rounded-lg text-token-text-secondary hover:bg-token-main-surface-secondary\">\u00a0<\/button><\/div>\n<\/div>\n<\/div>\n","protected":false},"excerpt":{"rendered":"<p>Office Home and Student 2021 l\u00e0 b\u1ed9 \u1ee9ng d\u1ee5ng v\u0103n ph\u00f2ng m\u1edbi nh\u1ea5t t\u1eeb Microsoft, \u0111\u01b0\u1ee3c thi\u1ebft k\u1ebf d\u00e0nh ri\u00eang cho h\u1ecdc sinh, sinh vi\u00ean v\u00e0 gia \u0111\u00ecnh. S\u1ea3n ph\u1ea9m cung c\u1ea5p c\u00e1c c\u00f4ng c\u1ee5 c\u1ea7n thi\u1ebft \u0111\u1ec3 h\u1ecdc t\u1eadp, l\u00e0m vi\u1ec7c v\u00e0 qu\u1ea3n l\u00fd cu\u1ed9c s\u1ed1ng h\u00e0ng ng\u00e0y. \u0110\u00e2y l\u00e0 g\u00f3i mua m\u1ed9t l\u1ea7n v\u1edbi c\u00e1c \u1ee9ng d\u1ee5ng c\u01a1 b\u1ea3n, d\u1ec5 d\u00e0ng c\u00e0i \u0111\u1eb7t v\u00e0 s\u1eed d\u1ee5ng tr\u00ean m\u00e1y t\u00ednh c\u00e1 nh\u00e2n.<\/p>\n","protected":false},"featured_media":330,"comment_status":"open","ping_status":"closed","template":"","meta":{"_monsterinsights_skip_tracking":false,"_monsterinsights_sitenote_active":false,"_monsterinsights_sitenote_note":"","_monsterinsights_sitenote_category":0},"product_cat":[18],"product_tag":[],"_links":{"self":[{"href":"https:\/\/banquyen.karogroup.vn\/index.php?rest_route=\/wp\/v2\/product\/312"}],"collection":[{"href":"https:\/\/banquyen.karogroup.vn\/index.php?rest_route=\/wp\/v2\/product"}],"about":[{"href":"https:\/\/banquyen.karogroup.vn\/index.php?rest_route=\/wp\/v2\/types\/product"}],"replies":[{"embeddable":true,"href":"https:\/\/banquyen.karogroup.vn\/index.php?rest_route=%2Fwp%2Fv2%2Fcomments&post=312"}],"wp:featuredmedia":[{"embeddable":true,"href":"https:\/\/banquyen.karogroup.vn\/index.php?rest_route=\/wp\/v2\/media\/330"}],"wp:attachment":[{"href":"https:\/\/banquyen.karogroup.vn\/index.php?rest_route=%2Fwp%2Fv2%2Fmedia&parent=312"}],"wp:term":[{"taxonomy":"product_cat","embeddable":true,"href":"https:\/\/banquyen.karogroup.vn\/index.php?rest_route=%2Fwp%2Fv2%2Fproduct_cat&post=312"},{"taxonomy":"product_tag","embeddable":true,"href":"https:\/\/banquyen.karogroup.vn\/index.php?rest_route=%2Fwp%2Fv2%2Fproduct_tag&post=312"}],"curies":[{"name":"wp","href":"https:\/\/api.w.org\/{rel}","templated":true}]}}