{"id":309,"date":"2024-07-30T10:08:31","date_gmt":"2024-07-30T10:08:31","guid":{"rendered":"https:\/\/banquyen.karogroup.vn\/?post_type=product&#038;p=309"},"modified":"2024-07-30T15:45:17","modified_gmt":"2024-07-30T15:45:17","slug":"microsoft365-personal-alllng-sub-pklic-1yr-online-apac-em-c2r-nr","status":"publish","type":"product","link":"https:\/\/banquyen.karogroup.vn\/?product=microsoft365-personal-alllng-sub-pklic-1yr-online-apac-em-c2r-nr","title":{"rendered":"Microsoft\u00ae365 Personal All Lng Sub PKLic 1YR Online APAC EM C2R NR"},"content":{"rendered":"<p>Microsoft 365 Personal l\u00e0 g\u00f3i \u0111\u0103ng k\u00fd h\u00e0ng n\u0103m d\u00e0nh cho c\u00e1 nh\u00e2n, cung c\u1ea5p c\u00e1c \u1ee9ng d\u1ee5ng Office quen thu\u1ed9c v\u00e0 c\u00e1c d\u1ecbch v\u1ee5 \u0111\u00e1m m\u00e2y m\u1ea1nh m\u1ebd \u0111\u1ec3 h\u1ed7 tr\u1ee3 h\u1ecdc t\u1eadp, l\u00e0m vi\u1ec7c v\u00e0 qu\u1ea3n l\u00fd cu\u1ed9c s\u1ed1ng h\u00e0ng ng\u00e0y. V\u1edbi kh\u1ea3 n\u0103ng c\u00e0i \u0111\u1eb7t tr\u00ean nhi\u1ec1u thi\u1ebft b\u1ecb v\u00e0 h\u1ed7 tr\u1ee3 nhi\u1ec1u ng\u00f4n ng\u1eef, g\u00f3i n\u00e0y mang l\u1ea1i s\u1ef1 linh ho\u1ea1t v\u00e0 ti\u1ec7n \u00edch cho ng\u01b0\u1eddi d\u00f9ng c\u00e1 nh\u00e2n.<\/p>\n<p><strong>T\u00ednh n\u0103ng ch\u00ednh:<\/strong><\/p>\n<ol>\n<li><strong>\u1ee8ng d\u1ee5ng Office:<\/strong>\n<ul>\n<li>Truy c\u1eadp v\u00e0o c\u00e1c phi\u00ean b\u1ea3n m\u1edbi nh\u1ea5t c\u1ee7a Word, Excel, PowerPoint, Outlook, v\u00e0 OneNote.<\/li>\n<li>C\u00e0i \u0111\u1eb7t tr\u00ean t\u1ed1i \u0111a 5 thi\u1ebft b\u1ecb bao g\u1ed3m PC, Mac, m\u00e1y t\u00ednh b\u1ea3ng v\u00e0 \u0111i\u1ec7n tho\u1ea1i.<\/li>\n<\/ul>\n<\/li>\n<li><strong>Email v\u00e0 L\u1ecbch:<\/strong>\n<ul>\n<li>Email chuy\u00ean nghi\u1ec7p v\u00e0 t\u00edch h\u1ee3p l\u1ecbch qua Outlook.<\/li>\n<li>Qu\u1ea3n l\u00fd th\u1eddi gian v\u00e0 l\u00ean l\u1ecbch d\u1ec5 d\u00e0ng v\u1edbi c\u00e1c c\u00f4ng c\u1ee5 l\u1ecbch ti\u00ean ti\u1ebfn.<\/li>\n<\/ul>\n<\/li>\n<li><strong>L\u01b0u tr\u1eef \u0111\u00e1m m\u00e2y:<\/strong>\n<ul>\n<li>1TB dung l\u01b0\u1ee3ng l\u01b0u tr\u1eef OneDrive.<\/li>\n<li>L\u01b0u tr\u1eef, chia s\u1ebb v\u00e0 truy c\u1eadp t\u1ec7p tin an to\u00e0n t\u1eeb b\u1ea5t k\u1ef3 \u0111\u00e2u.<\/li>\n<li>\u0110\u1ed3ng b\u1ed9 h\u00f3a t\u1ec7p tin v\u00e0 th\u01b0 m\u1ee5c tr\u00ean c\u00e1c thi\u1ebft b\u1ecb.<\/li>\n<\/ul>\n<\/li>\n<li><strong>C\u00f4ng c\u1ee5 C\u1ed9ng t\u00e1c:<\/strong>\n<ul>\n<li>Microsoft Teams cho nh\u1eafn tin, g\u1ecdi video v\u00e0 c\u1ed9ng t\u00e1c nh\u00f3m.<\/li>\n<li>Chia s\u1ebb t\u00e0i li\u1ec7u v\u00e0 l\u00e0m vi\u1ec7c c\u00f9ng nhau trong th\u1eddi gian th\u1ef1c.<\/li>\n<\/ul>\n<\/li>\n<li><strong>B\u1ea3o m\u1eadt v\u00e0 Quy\u1ec1n ri\u00eang t\u01b0:<\/strong>\n<ul>\n<li>B\u1ea3o v\u1ec7 d\u1eef li\u1ec7u v\u00e0 thi\u1ebft b\u1ecb v\u1edbi c\u00e1c c\u00f4ng c\u1ee5 b\u1ea3o m\u1eadt ti\u00ean ti\u1ebfn.<\/li>\n<li>Ki\u1ec3m so\u00e1t quy\u1ec1n truy c\u1eadp v\u00e0 b\u1ea3o m\u1eadt th\u00f4ng tin c\u00e1 nh\u00e2n.<\/li>\n<\/ul>\n<\/li>\n<li><strong>\u1ee8ng d\u1ee5ng Kinh doanh:<\/strong>\n<ul>\n<li>Microsoft Family Safety \u0111\u1ec3 qu\u1ea3n l\u00fd th\u1eddi gian s\u1eed d\u1ee5ng thi\u1ebft b\u1ecb v\u00e0 \u0111\u1ea3m b\u1ea3o an to\u00e0n cho gia \u0111\u00ecnh.<\/li>\n<li>\u1ee8ng d\u1ee5ng Office tr\u00ean n\u1ec1n t\u1ea3ng web v\u00e0 di \u0111\u1ed9ng \u0111\u1ec3 l\u00e0m vi\u1ec7c t\u1eeb b\u1ea5t c\u1ee9 \u0111\u00e2u.<\/li>\n<\/ul>\n<\/li>\n<\/ol>\n<p><strong>\u0110\u0103ng k\u00fd v\u00e0 Gi\u1ea5y ph\u00e9p:<\/strong><\/p>\n<ul>\n<li>\u0110\u0103ng k\u00fd m\u1ed9t n\u0103m.<\/li>\n<li>H\u1ed7 tr\u1ee3 t\u1ea5t c\u1ea3 c\u00e1c ng\u00f4n ng\u1eef, l\u00fd t\u01b0\u1edfng cho ng\u01b0\u1eddi d\u00f9ng c\u00e1 nh\u00e2n \u0111a ng\u00f4n ng\u1eef.<\/li>\n<li>Phi\u00ean b\u1ea3n tr\u1ef1c tuy\u1ebfn cho khu v\u1ef1c APAC (Ch\u00e2u \u00c1 &#8211; Th\u00e1i B\u00ecnh D\u01b0\u01a1ng).<\/li>\n<\/ul>\n<p><strong>L\u1ee3i \u00edch:<\/strong><\/p>\n<ul>\n<li>N\u00e2ng cao n\u0103ng su\u1ea5t v\u00e0 c\u1ed9ng t\u00e1c c\u00e1 nh\u00e2n v\u1edbi c\u00e1c \u1ee9ng d\u1ee5ng Office m\u1ea1nh m\u1ebd.<\/li>\n<li>\u0110\u1ea3m b\u1ea3o d\u1eef li\u1ec7u v\u00e0 th\u00f4ng tin c\u00e1 nh\u00e2n lu\u00f4n an to\u00e0n.<\/li>\n<li>H\u1ed7 tr\u1ee3 h\u1ecdc t\u1eadp v\u00e0 l\u00e0m vi\u1ec7c t\u1eeb xa v\u1edbi c\u00e1c c\u00f4ng c\u1ee5 \u0111\u00e1m m\u00e2y ti\u00ean ti\u1ebfn.<\/li>\n<li>Linh ho\u1ea1t l\u00e0m vi\u1ec7c tr\u00ean nhi\u1ec1u thi\u1ebft b\u1ecb v\u00e0 n\u1ec1n t\u1ea3ng.<\/li>\n<\/ul>\n<p><strong>L\u00fd t\u01b0\u1edfng cho:<\/strong><\/p>\n<ul>\n<li>Ng\u01b0\u1eddi d\u00f9ng c\u00e1 nh\u00e2n c\u1ea7n m\u1ed9t gi\u1ea3i ph\u00e1p to\u00e0n di\u1ec7n \u0111\u1ec3 h\u1ed7 tr\u1ee3 h\u1ecdc t\u1eadp, l\u00e0m vi\u1ec7c v\u00e0 qu\u1ea3n l\u00fd cu\u1ed9c s\u1ed1ng h\u00e0ng ng\u00e0y.<\/li>\n<li>Ng\u01b0\u1eddi d\u00f9ng \u0111a ng\u00f4n ng\u1eef c\u1ea7n c\u00e1c c\u00f4ng c\u1ee5 h\u1ed7 tr\u1ee3 nhi\u1ec1u ng\u00f4n ng\u1eef v\u00e0 l\u00e0m vi\u1ec7c tr\u00ean nhi\u1ec1u thi\u1ebft b\u1ecb.<\/li>\n<\/ul>\n<p>Microsoft 365 Personal mang \u0111\u1ebfn s\u1ef1 ti\u1ec7n \u00edch v\u00e0 b\u1ea3o m\u1eadt cho b\u1ea1n, gi\u00fap b\u1ea1n h\u1ecdc t\u1eadp, l\u00e0m vi\u1ec7c v\u00e0 t\u1eadn h\u01b0\u1edfng cu\u1ed9c s\u1ed1ng s\u1ed1 m\u1ed9t c\u00e1ch d\u1ec5 d\u00e0ng v\u00e0 hi\u1ec7u qu\u1ea3.<\/p>\n","protected":false},"excerpt":{"rendered":"<p>Microsoft 365 Personal l\u00e0 g\u00f3i \u0111\u0103ng k\u00fd h\u00e0ng n\u0103m d\u00e0nh cho c\u00e1 nh\u00e2n, cung c\u1ea5p c\u00e1c \u1ee9ng d\u1ee5ng Office quen thu\u1ed9c v\u00e0 c\u00e1c d\u1ecbch v\u1ee5 \u0111\u00e1m m\u00e2y m\u1ea1nh m\u1ebd \u0111\u1ec3 h\u1ed7 tr\u1ee3 h\u1ecdc t\u1eadp, l\u00e0m vi\u1ec7c v\u00e0 qu\u1ea3n l\u00fd cu\u1ed9c s\u1ed1ng h\u00e0ng ng\u00e0y. V\u1edbi kh\u1ea3 n\u0103ng c\u00e0i \u0111\u1eb7t tr\u00ean nhi\u1ec1u thi\u1ebft b\u1ecb v\u00e0 h\u1ed7 tr\u1ee3 nhi\u1ec1u ng\u00f4n ng\u1eef, g\u00f3i n\u00e0y mang l\u1ea1i s\u1ef1 linh ho\u1ea1t v\u00e0 ti\u1ec7n \u00edch cho ng\u01b0\u1eddi d\u00f9ng c\u00e1 nh\u00e2n.<\/p>\n","protected":false},"featured_media":324,"comment_status":"open","ping_status":"closed","template":"","meta":{"_monsterinsights_skip_tracking":false,"_monsterinsights_sitenote_active":false,"_monsterinsights_sitenote_note":"","_monsterinsights_sitenote_category":0},"product_cat":[18],"product_tag":[],"_links":{"self":[{"href":"https:\/\/banquyen.karogroup.vn\/index.php?rest_route=\/wp\/v2\/product\/309"}],"collection":[{"href":"https:\/\/banquyen.karogroup.vn\/index.php?rest_route=\/wp\/v2\/product"}],"about":[{"href":"https:\/\/banquyen.karogroup.vn\/index.php?rest_route=\/wp\/v2\/types\/product"}],"replies":[{"embeddable":true,"href":"https:\/\/banquyen.karogroup.vn\/index.php?rest_route=%2Fwp%2Fv2%2Fcomments&post=309"}],"wp:featuredmedia":[{"embeddable":true,"href":"https:\/\/banquyen.karogroup.vn\/index.php?rest_route=\/wp\/v2\/media\/324"}],"wp:attachment":[{"href":"https:\/\/banquyen.karogroup.vn\/index.php?rest_route=%2Fwp%2Fv2%2Fmedia&parent=309"}],"wp:term":[{"taxonomy":"product_cat","embeddable":true,"href":"https:\/\/banquyen.karogroup.vn\/index.php?rest_route=%2Fwp%2Fv2%2Fproduct_cat&post=309"},{"taxonomy":"product_tag","embeddable":true,"href":"https:\/\/banquyen.karogroup.vn\/index.php?rest_route=%2Fwp%2Fv2%2Fproduct_tag&post=309"}],"curies":[{"name":"wp","href":"https:\/\/api.w.org\/{rel}","templated":true}]}}