{"id":287,"date":"2024-07-24T08:26:09","date_gmt":"2024-07-24T08:26:09","guid":{"rendered":"https:\/\/banquyen.karogroup.vn\/?post_type=product&#038;p=287"},"modified":"2024-07-31T04:12:13","modified_gmt":"2024-07-31T04:12:13","slug":"adobe-premiere-pro-sao-chep","status":"publish","type":"product","link":"https:\/\/banquyen.karogroup.vn\/?product=adobe-premiere-pro-sao-chep","title":{"rendered":"Adobe Lightroom"},"content":{"rendered":"<p><strong>Adobe Lightroom<\/strong> l\u00e0 c\u00f4ng c\u1ee5 to\u00e0n di\u1ec7n d\u00e0nh cho c\u00e1c nhi\u1ebfp \u1ea3nh gia v\u00e0 ng\u01b0\u1eddi \u0111am m\u00ea ch\u1ec9nh s\u1eeda \u1ea3nh. N\u00f3 cung c\u1ea5p c\u00e1c ch\u1ee9c n\u0103ng m\u1ea1nh m\u1ebd \u0111\u1ec3 ch\u1ec9nh s\u1eeda, t\u1ed5 ch\u1ee9c, l\u01b0u tr\u1eef v\u00e0 chia s\u1ebb h\u00ecnh \u1ea3nh.<\/p>\n<h3>T\u00ednh n\u0103ng n\u1ed5i b\u1eadt:<\/h3>\n<ol>\n<li><strong>Ch\u1ec9nh s\u1eeda \u1ea3nh kh\u00f4ng ph\u00e1 h\u1ee7y<\/strong>: Lightroom cho ph\u00e9p b\u1ea1n ch\u1ec9nh s\u1eeda \u1ea3nh m\u00e0 kh\u00f4ng l\u00e0m thay \u0111\u1ed5i t\u1ec7p g\u1ed1c. B\u1ea1n c\u00f3 th\u1ec3 th\u1ef1c hi\u1ec7n c\u00e1c ch\u1ec9nh s\u1eeda ph\u1ee9c t\u1ea1p v\u00e0 d\u1ec5 d\u00e0ng quay l\u1ea1i c\u00e1c phi\u00ean b\u1ea3n tr\u01b0\u1edbc n\u1ebfu c\u1ea7n.<\/li>\n<li><strong>C\u00f4ng c\u1ee5 ch\u1ec9nh s\u1eeda m\u1ea1nh m\u1ebd<\/strong>: Lightroom cung c\u1ea5p c\u00e1c c\u00f4ng c\u1ee5 ch\u1ec9nh s\u1eeda \u1ea3nh ti\u00ean ti\u1ebfn nh\u01b0 \u0111i\u1ec1u ch\u1ec9nh \u0111\u1ed9 s\u00e1ng, t\u01b0\u01a1ng ph\u1ea3n, m\u00e0u s\u1eafc, \u0111\u1ed9 n\u00e9t, v\u00e0 gi\u1ea3m nhi\u1ec5u. N\u00f3 c\u0169ng bao g\u1ed3m c\u00e1c c\u00f4ng c\u1ee5 c\u1eaft, xoay, v\u00e0 ch\u1ec9nh th\u1eb3ng h\u00ecnh \u1ea3nh.<\/li>\n<li><strong>Qu\u1ea3n l\u00fd th\u01b0 vi\u1ec7n \u1ea3nh<\/strong>: Lightroom gi\u00fap b\u1ea1n d\u1ec5 d\u00e0ng qu\u1ea3n l\u00fd h\u00e0ng ng\u00e0n b\u1ee9c \u1ea3nh v\u1edbi kh\u1ea3 n\u0103ng g\u1eafn th\u1ebb, ph\u00e2n lo\u1ea1i, v\u00e0 t\u00ecm ki\u1ebfm nhanh ch\u00f3ng. B\u1ea1n c\u00f3 th\u1ec3 t\u1ea1o c\u00e1c b\u1ed9 s\u01b0u t\u1eadp, album v\u00e0 g\u1eafn t\u1eeb kh\u00f3a cho \u1ea3nh.<\/li>\n<li><strong>Preset v\u00e0 Profile<\/strong>: Lightroom \u0111i k\u00e8m v\u1edbi c\u00e1c preset v\u00e0 profile s\u1eb5n c\u00f3 gi\u00fap b\u1ea1n \u00e1p d\u1ee5ng c\u00e1c hi\u1ec7u \u1ee9ng ch\u1ec9nh s\u1eeda \u1ea3nh m\u1ed9t c\u00e1ch nhanh ch\u00f3ng. B\u1ea1n c\u0169ng c\u00f3 th\u1ec3 t\u1ea1o v\u00e0 l\u01b0u c\u00e1c preset ri\u00eang c\u1ee7a m\u00ecnh.<\/li>\n<li><strong>\u0110\u1ed3ng b\u1ed9 \u0111\u00e1m m\u00e2y<\/strong>: V\u1edbi Adobe Creative Cloud, b\u1ea1n c\u00f3 th\u1ec3 \u0111\u1ed3ng b\u1ed9 h\u00f3a \u1ea3nh v\u00e0 ch\u1ec9nh s\u1eeda c\u1ee7a m\u00ecnh tr\u00ean nhi\u1ec1u thi\u1ebft b\u1ecb. \u0110i\u1ec1u n\u00e0y cho ph\u00e9p b\u1ea1n l\u00e0m vi\u1ec7c tr\u00ean \u1ea3nh t\u1eeb m\u00e1y t\u00ednh \u0111\u1ec3 b\u00e0n, laptop, m\u00e1y t\u00ednh b\u1ea3ng v\u00e0 \u0111i\u1ec7n tho\u1ea1i di \u0111\u1ed9ng.<\/li>\n<li><strong>Chia s\u1ebb v\u00e0 xu\u1ea5t b\u1ea3n<\/strong>: Lightroom cung c\u1ea5p c\u00e1c t\u00f9y ch\u1ecdn \u0111\u1ec3 xu\u1ea5t \u1ea3nh v\u1edbi nhi\u1ec1u \u0111\u1ecbnh d\u1ea1ng kh\u00e1c nhau v\u00e0 chia s\u1ebb tr\u1ef1c ti\u1ebfp l\u00ean c\u00e1c m\u1ea1ng x\u00e3 h\u1ed9i ho\u1eb7c in \u1ea5n.<\/li>\n<li><strong>B\u1ed9 l\u1ecdc v\u00e0 c\u00f4ng c\u1ee5 ch\u1ec9nh m\u00e0u<\/strong>: Lightroom cung c\u1ea5p c\u00e1c b\u1ed9 l\u1ecdc v\u00e0 c\u00f4ng c\u1ee5 ch\u1ec9nh m\u00e0u chuy\u00ean s\u00e2u gi\u00fap b\u1ea1n tinh ch\u1ec9nh m\u00e0u s\u1eafc v\u00e0 t\u00f4ng m\u00e0u c\u1ee7a \u1ea3nh m\u1ed9t c\u00e1ch chi ti\u1ebft.<\/li>\n<li><strong>B\u1ed9 c\u00f4ng c\u1ee5 \u0111i\u1ec1u ch\u1ec9nh c\u1ee5c b\u1ed9<\/strong>: Bao g\u1ed3m c\u00e1c c\u00f4ng c\u1ee5 Brush, Radial Filter, v\u00e0 Graduated Filter \u0111\u1ec3 \u0111i\u1ec1u ch\u1ec9nh c\u00e1c khu v\u1ef1c c\u1ee5 th\u1ec3 tr\u00ean \u1ea3nh m\u00e0 kh\u00f4ng \u1ea3nh h\u01b0\u1edfng \u0111\u1ebfn to\u00e0n b\u1ed9 b\u1ee9c \u1ea3nh.<\/li>\n<\/ol>\n<h3>L\u1ee3i \u00edch:<\/h3>\n<ul>\n<li><strong>Ti\u1ebft ki\u1ec7m th\u1eddi gian<\/strong>: V\u1edbi c\u00e1c preset v\u00e0 c\u00f4ng c\u1ee5 ch\u1ec9nh s\u1eeda m\u1ea1nh m\u1ebd, b\u1ea1n c\u00f3 th\u1ec3 ch\u1ec9nh s\u1eeda h\u00e0ng lo\u1ea1t \u1ea3nh nhanh ch\u00f3ng v\u00e0 hi\u1ec7u qu\u1ea3.<\/li>\n<li><strong>D\u1ec5 s\u1eed d\u1ee5ng<\/strong>: Giao di\u1ec7n ng\u01b0\u1eddi d\u00f9ng th\u00e2n thi\u1ec7n v\u00e0 tr\u1ef1c quan, ph\u00f9 h\u1ee3p v\u1edbi c\u1ea3 ng\u01b0\u1eddi m\u1edbi b\u1eaft \u0111\u1ea7u v\u00e0 c\u00e1c nhi\u1ebfp \u1ea3nh gia chuy\u00ean nghi\u1ec7p.<\/li>\n<li><strong>T\u00ednh linh ho\u1ea1t<\/strong>: C\u00f3 th\u1ec3 l\u00e0m vi\u1ec7c tr\u00ean nhi\u1ec1u thi\u1ebft b\u1ecb v\u00e0 \u0111\u1ed3ng b\u1ed9 h\u00f3a th\u00f4ng qua \u0111\u00e1m m\u00e2y.<\/li>\n<\/ul>\n<p><strong>Adobe Lightroom<\/strong> l\u00e0 m\u1ed9t c\u00f4ng c\u1ee5 kh\u00f4ng th\u1ec3 thi\u1ebfu \u0111\u1ed1i v\u1edbi c\u00e1c nhi\u1ebfp \u1ea3nh gia v\u00e0 ng\u01b0\u1eddi \u0111am m\u00ea ch\u1ec9nh s\u1eeda \u1ea3nh. V\u1edbi c\u00e1c t\u00ednh n\u0103ng m\u1ea1nh m\u1ebd v\u00e0 kh\u1ea3 n\u0103ng qu\u1ea3n l\u00fd \u1ea3nh xu\u1ea5t s\u1eafc, Lightroom gi\u00fap b\u1ea1n n\u00e2ng cao ch\u1ea5t l\u01b0\u1ee3ng \u1ea3nh v\u00e0 t\u1ed1i \u01b0u h\u00f3a quy tr\u00ecnh l\u00e0m vi\u1ec7c c\u1ee7a m\u00ecnh.<\/p>\n<p><strong style=\"color: #333333;\">*C\u00e0i \u0111\u1eb7t:<\/strong><\/p>\n<p>\u2013 \u0110\u1ec3 c\u00e0i \u0111\u1eb7t <strong>Adobe Lightroom<\/strong>\u00a0b\u1ea3n quy\u1ec1n, b\u1ea1n v\u00e0o Download <a href=\"https:\/\/www.adobe.com\/vn_vi\/products\/photoshop-lightroom.html#mini-plans-web-cta-photoshop-lightroom-card\"><strong>T\u1ea0I \u0110\u00c2Y<\/strong><\/a><\/p>\n<h4><strong>*Giao h\u00e0ng:<\/strong><\/h4>\n<p>\u2013 M\u00e3 Key s\u1ebd \u0111\u01b0\u1ee3c g\u1eedi v\u00e0o email c\u1ee7a kh\u00e1ch h\u00e0ng <strong>trong v\u00f2ng 5 ph\u00fat<\/strong> sau khi thanh to\u00e1n th\u00e0nh c\u00f4ng.<\/p>\n<h4><strong>*Ho\u00e0n ti\u1ec1n:<\/strong><\/h4>\n<p>\u2013 Ho\u00e0n ti\u1ec1n <strong>100%<\/strong> n\u1ebfu Key l\u1ed7i, kh\u00f4ng ho\u1ea1t \u0111\u1ed9ng.<\/p>\n<p><i>Kh\u00e1ch th\u01b0\u1eddng mua key <strong>Adobe Lightroom v\u1edbi <a href=\"https:\/\/banquyen.karogroup.vn\/?product=project-standard-2018-sao-chep\">Adobe Photoshop<\/a><\/strong> v\u00e0 <a href=\"https:\/\/banquyen.karogroup.vn\/?product=illustrator\"><strong>Adobe Illustrator<\/strong><\/a><\/i><\/p>\n","protected":false},"excerpt":{"rendered":"<p>T\u1eadp trung v\u00e0o hi\u1ec7n t\u1ea1i v\u1edbi AI t\u1ea1o sinh trong Lightroom v\u00ec bi\u1ebft r\u1eb1ng b\u1ea1n c\u00f3 th\u1ec3 t\u1ea1o ra nh\u1eefng b\u1ee9c \u1ea3nh theo \u0111\u00fang mong mu\u1ed1n c\u1ee7a m\u00ecnh. X\u00f3a m\u1ecdi th\u1ee9 ch\u1ec9 b\u1eb1ng m\u1ed9t c\u00fa nh\u1ea5p chu\u1ed9t b\u1eb1ng t\u00ednh n\u0103ng Generative Remove m\u1edbi m\u00e0 kh\u00f4ng \u0111\u1ec3 l\u1ea1i d\u1ea5u v\u1ebft.<\/p>\n<ul>\n<li>Cho d\u00f9 b\u1ea1n \u0111ang s\u1eed d\u1ee5ng Lightroom tr\u00ean m\u00e1y t\u00ednh, thi\u1ebft b\u1ecb di \u0111\u1ed9ng hay web, b\u1ea1n \u0111\u1ec1u c\u00f3 th\u1ec3 th\u1ef1c hi\u1ec7n c\u00e1c ch\u1ec9nh s\u1eeda c\u01a1 b\u1ea3n v\u1ec1 \u0111\u1ed9 s\u00e1ng, \u0111\u1ed9 t\u01b0\u01a1ng ph\u1ea3n, v.v. &#8211; nh\u1edd v\u1eady b\u1ea1n s\u1ebd c\u00f3 nh\u1eefng b\u1ee9c \u1ea3nh ho\u00e0n h\u1ea3o \u0111\u1ec3 chia s\u1ebb v\u1edbi b\u1ea1n b\u00e8 v\u00e0 gia \u0111\u00ecnh.<\/li>\n<li>Th\u00eam ngay hi\u1ec7u \u1ee9ng l\u00e0m m\u1edd v\u1edbi t\u00ednh n\u0103ng Lens Blur \u0111\u01b0\u1ee3c c\u1ea3i ti\u1ebfn m\u1edbi, do AI h\u1ed7 tr\u1ee3. C\u00e1c thi\u1ebft l\u1eadp s\u1eb5n m\u1edbi gi\u00fap b\u1ea1n d\u1ec5 d\u00e0ng l\u00e0m n\u1ed5i b\u1eadt ch\u1ee7 th\u1ec3 v\u00e0 l\u00e0m m\u1edd ph\u1ea7n c\u00f2n l\u1ea1i.<\/li>\n<li>Ti\u1ebfp t\u1ee5c \u1edf n\u01a1i b\u1ea1n \u0111\u00e3 d\u1eebng l\u1ea1i v\u1edbi Lightroom tr\u00ean thi\u1ebft b\u1ecb di \u0111\u1ed9ng, m\u00e1y t\u00ednh ho\u1eb7c trang web \u2014 c\u00e1c d\u1ef1 \u00e1n c\u1ee7a b\u1ea1n s\u1ebd t\u1ef1 \u0111\u1ed9ng \u0111\u1ed3ng b\u1ed9 h\u00f3a \u0111\u1ec3 b\u1ea1n lu\u00f4n c\u00f3 \u0111\u01b0\u1ee3c c\u00e1c ch\u1ec9nh s\u1eeda m\u1edbi nh\u1ea5t c\u1ee7a m\u00ecnh.<\/li>\n<\/ul>\n","protected":false},"featured_media":288,"comment_status":"open","ping_status":"closed","template":"","meta":{"_monsterinsights_skip_tracking":false,"_monsterinsights_sitenote_active":false,"_monsterinsights_sitenote_note":"","_monsterinsights_sitenote_category":0},"product_cat":[20],"product_tag":[39,40],"_links":{"self":[{"href":"https:\/\/banquyen.karogroup.vn\/index.php?rest_route=\/wp\/v2\/product\/287"}],"collection":[{"href":"https:\/\/banquyen.karogroup.vn\/index.php?rest_route=\/wp\/v2\/product"}],"about":[{"href":"https:\/\/banquyen.karogroup.vn\/index.php?rest_route=\/wp\/v2\/types\/product"}],"replies":[{"embeddable":true,"href":"https:\/\/banquyen.karogroup.vn\/index.php?rest_route=%2Fwp%2Fv2%2Fcomments&post=287"}],"wp:featuredmedia":[{"embeddable":true,"href":"https:\/\/banquyen.karogroup.vn\/index.php?rest_route=\/wp\/v2\/media\/288"}],"wp:attachment":[{"href":"https:\/\/banquyen.karogroup.vn\/index.php?rest_route=%2Fwp%2Fv2%2Fmedia&parent=287"}],"wp:term":[{"taxonomy":"product_cat","embeddable":true,"href":"https:\/\/banquyen.karogroup.vn\/index.php?rest_route=%2Fwp%2Fv2%2Fproduct_cat&post=287"},{"taxonomy":"product_tag","embeddable":true,"href":"https:\/\/banquyen.karogroup.vn\/index.php?rest_route=%2Fwp%2Fv2%2Fproduct_tag&post=287"}],"curies":[{"name":"wp","href":"https:\/\/api.w.org\/{rel}","templated":true}]}}