{"id":243,"date":"2024-07-23T09:52:05","date_gmt":"2024-07-23T09:52:05","guid":{"rendered":"https:\/\/banquyen.karogroup.vn\/?post_type=product&#038;p=243"},"modified":"2024-07-23T10:02:41","modified_gmt":"2024-07-23T10:02:41","slug":"autodesk-bim-collaborate-pro","status":"publish","type":"product","link":"https:\/\/banquyen.karogroup.vn\/?product=autodesk-bim-collaborate-pro","title":{"rendered":"Autodesk BIM Collaborate Pro"},"content":{"rendered":"<p><strong>Autodesk BIM Collaborate Pro 2025<\/strong> l\u00e0 ph\u1ea7n m\u1ec1m qu\u1ea3n l\u00fd v\u00e0 ph\u1ed1i h\u1ee3p d\u1ef1 \u00e1n x\u00e2y d\u1ef1ng to\u00e0n di\u1ec7n, \u0111\u01b0\u1ee3c thi\u1ebft k\u1ebf \u0111\u1ec3 h\u1ed7 tr\u1ee3 c\u00e1c nh\u00f3m l\u00e0m vi\u1ec7c trong l\u0129nh v\u1ef1c ki\u1ebfn tr\u00fac, k\u1ef9 thu\u1eadt v\u00e0 x\u00e2y d\u1ef1ng (AEC). V\u1edbi c\u00e1c t\u00ednh n\u0103ng m\u1ea1nh m\u1ebd, BIM Collaborate Pro 2025 gi\u00fap c\u1ea3i thi\u1ec7n quy tr\u00ecnh l\u00e0m vi\u1ec7c, t\u0103ng c\u01b0\u1eddng s\u1ef1 c\u1ed9ng t\u00e1c v\u00e0 gi\u1ea3m thi\u1ec3u r\u1ee7i ro trong su\u1ed1t v\u00f2ng \u0111\u1eddi c\u1ee7a d\u1ef1 \u00e1n.<\/p>\n<h4><strong>T\u00ednh n\u0103ng n\u1ed5i b\u1eadt:<\/strong><\/h4>\n<ol>\n<li><strong>Qu\u1ea3n l\u00fd d\u1ef1 \u00e1n v\u00e0 ph\u1ed1i h\u1ee3p<\/strong>:\n<ul>\n<li><strong>Qu\u1ea3n l\u00fd m\u00f4 h\u00ecnh<\/strong>: Cung c\u1ea5p c\u00e1c c\u00f4ng c\u1ee5 \u0111\u1ec3 qu\u1ea3n l\u00fd c\u00e1c m\u00f4 h\u00ecnh BIM, bao g\u1ed3m l\u01b0u tr\u1eef, theo d\u00f5i v\u00e0 chia s\u1ebb m\u00f4 h\u00ecnh gi\u1eefa c\u00e1c b\u00ean li\u00ean quan trong d\u1ef1 \u00e1n.<\/li>\n<li><strong>Qu\u1ea3n l\u00fd thay \u0111\u1ed5i<\/strong>: Theo d\u00f5i c\u00e1c thay \u0111\u1ed5i trong m\u00f4 h\u00ecnh, gi\u00fap \u0111\u1ea3m b\u1ea3o r\u1eb1ng t\u1ea5t c\u1ea3 c\u00e1c b\u00ean \u0111\u1ec1u c\u1eadp nh\u1eadt v\u00e0 gi\u1ea3m thi\u1ec3u xung \u0111\u1ed9t.<\/li>\n<\/ul>\n<\/li>\n<li><strong>Ph\u1ed1i h\u1ee3p v\u00e0 c\u1ed9ng t\u00e1c trong th\u1eddi gian th\u1ef1c<\/strong>:\n<ul>\n<li><strong>C\u1ed9ng t\u00e1c tr\u1ef1c tuy\u1ebfn<\/strong>: Cho ph\u00e9p c\u00e1c th\u00e0nh vi\u00ean trong nh\u00f3m l\u00e0m vi\u1ec7c tr\u00ean c\u00f9ng m\u1ed9t m\u00f4 h\u00ecnh t\u1eeb b\u1ea5t k\u1ef3 \u0111\u00e2u, \u0111\u1ed3ng b\u1ed9 h\u00f3a thay \u0111\u1ed5i trong th\u1eddi gian th\u1ef1c.<\/li>\n<li><strong>Ph\u00e2n t\u00edch v\u00e0 \u0111\u00e1nh gi\u00e1 m\u00f4 h\u00ecnh<\/strong>: Cung c\u1ea5p c\u00e1c c\u00f4ng c\u1ee5 \u0111\u1ec3 ph\u00e2n t\u00edch v\u00e0 \u0111\u00e1nh gi\u00e1 m\u00f4 h\u00ecnh, bao g\u1ed3m ki\u1ec3m tra xung \u0111\u1ed9t v\u00e0 ph\u00e2n t\u00edch hi\u1ec7u su\u1ea5t.<\/li>\n<\/ul>\n<\/li>\n<li><strong>Qu\u1ea3n l\u00fd d\u1eef li\u1ec7u v\u00e0 t\u00e0i li\u1ec7u<\/strong>:\n<ul>\n<li><strong>L\u01b0u tr\u1eef \u0111\u00e1m m\u00e2y an to\u00e0n<\/strong>: \u0110\u1ea3m b\u1ea3o r\u1eb1ng d\u1eef li\u1ec7u d\u1ef1 \u00e1n \u0111\u01b0\u1ee3c l\u01b0u tr\u1eef an to\u00e0n v\u00e0 c\u00f3 th\u1ec3 truy c\u1eadp t\u1eeb m\u1ecdi n\u01a1i.<\/li>\n<li><strong>Qu\u1ea3n l\u00fd t\u00e0i li\u1ec7u<\/strong>: H\u1ed7 tr\u1ee3 l\u01b0u tr\u1eef, t\u1ed5 ch\u1ee9c v\u00e0 truy xu\u1ea5t t\u00e0i li\u1ec7u d\u1ef1 \u00e1n m\u1ed9t c\u00e1ch hi\u1ec7u qu\u1ea3.<\/li>\n<\/ul>\n<\/li>\n<li><strong>Giao ti\u1ebfp v\u00e0 b\u00e1o c\u00e1o<\/strong>:\n<ul>\n<li><strong>C\u00f4ng c\u1ee5 giao ti\u1ebfp<\/strong>: T\u00edch h\u1ee3p c\u00e1c c\u00f4ng c\u1ee5 giao ti\u1ebfp nh\u01b0 chat, ghi ch\u00fa v\u00e0 th\u00f4ng b\u00e1o, gi\u00fap c\u00e1c th\u00e0nh vi\u00ean trong nh\u00f3m d\u1ec5 d\u00e0ng trao \u0111\u1ed5i th\u00f4ng tin.<\/li>\n<li><strong>B\u00e1o c\u00e1o v\u00e0 dashboard<\/strong>: Cung c\u1ea5p c\u00e1c c\u00f4ng c\u1ee5 b\u00e1o c\u00e1o v\u00e0 dashboard \u0111\u1ec3 theo d\u00f5i ti\u1ebfn \u0111\u1ed9 d\u1ef1 \u00e1n, \u0111\u00e1nh gi\u00e1 hi\u1ec7u su\u1ea5t v\u00e0 ra quy\u1ebft \u0111\u1ecbnh d\u1ef1a tr\u00ean d\u1eef li\u1ec7u th\u1ef1c.<\/li>\n<\/ul>\n<\/li>\n<li><strong>Ki\u1ec3m tra xung \u0111\u1ed9t v\u00e0 ph\u00e2n t\u00edch<\/strong>:\n<ul>\n<li><strong>Ki\u1ec3m tra xung \u0111\u1ed9t t\u1ef1 \u0111\u1ed9ng<\/strong>: T\u1ef1 \u0111\u1ed9ng ki\u1ec3m tra v\u00e0 ph\u00e1t hi\u1ec7n xung \u0111\u1ed9t gi\u1eefa c\u00e1c th\u00e0nh ph\u1ea7n trong m\u00f4 h\u00ecnh, gi\u00fap gi\u1ea3i quy\u1ebft v\u1ea5n \u0111\u1ec1 s\u1edbm v\u00e0 gi\u1ea3m thi\u1ec3u r\u1ee7i ro.<\/li>\n<li><strong>Ph\u00e2n t\u00edch hi\u1ec7u su\u1ea5t<\/strong>: Cung c\u1ea5p c\u00e1c c\u00f4ng c\u1ee5 ph\u00e2n t\u00edch \u0111\u1ec3 \u0111\u00e1nh gi\u00e1 hi\u1ec7u su\u1ea5t c\u1ee7a m\u00f4 h\u00ecnh v\u00e0 \u0111\u1ea3m b\u1ea3o t\u00ednh kh\u1ea3 thi c\u1ee7a thi\u1ebft k\u1ebf.<\/li>\n<\/ul>\n<\/li>\n<li><strong>T\u00edch h\u1ee3p v\u00e0 m\u1edf r\u1ed9ng<\/strong>:\n<ul>\n<li><strong>T\u00edch h\u1ee3p v\u1edbi c\u00e1c ph\u1ea7n m\u1ec1m kh\u00e1c<\/strong>: D\u1ec5 d\u00e0ng t\u00edch h\u1ee3p v\u1edbi c\u00e1c ph\u1ea7n m\u1ec1m kh\u00e1c trong h\u1ec7 sinh th\u00e1i Autodesk nh\u01b0 Revit, AutoCAD, v\u00e0 Civil 3D.<\/li>\n<li><strong>API v\u00e0 plugin<\/strong>: H\u1ed7 tr\u1ee3 API v\u00e0 plugin \u0111\u1ec3 m\u1edf r\u1ed9ng t\u00ednh n\u0103ng v\u00e0 t\u00f9y bi\u1ebfn ph\u1ea7n m\u1ec1m theo nhu c\u1ea7u c\u1ee5 th\u1ec3 c\u1ee7a ng\u01b0\u1eddi d\u00f9ng.<\/li>\n<\/ul>\n<\/li>\n<li><strong>Giao di\u1ec7n ng\u01b0\u1eddi d\u00f9ng th\u00e2n thi\u1ec7n<\/strong>:\n<ul>\n<li><strong>Giao di\u1ec7n tr\u1ef1c quan<\/strong>: Giao di\u1ec7n ng\u01b0\u1eddi d\u00f9ng \u0111\u01b0\u1ee3c thi\u1ebft k\u1ebf tr\u1ef1c quan v\u00e0 d\u1ec5 s\u1eed d\u1ee5ng, gi\u00fap gi\u1ea3m thi\u1ec3u th\u1eddi gian h\u1ecdc t\u1eadp v\u00e0 t\u0103ng c\u01b0\u1eddng hi\u1ec7u su\u1ea5t l\u00e0m vi\u1ec7c.<\/li>\n<li><strong>T\u00f9y ch\u1ec9nh giao di\u1ec7n<\/strong>: Cho ph\u00e9p ng\u01b0\u1eddi d\u00f9ng t\u00f9y ch\u1ec9nh giao di\u1ec7n l\u00e0m vi\u1ec7c theo s\u1edf th\u00edch c\u00e1 nh\u00e2n v\u00e0 nhu c\u1ea7u c\u00f4ng vi\u1ec7c.<\/li>\n<\/ul>\n<\/li>\n<\/ol>\n<h4><strong>\u1ee8ng d\u1ee5ng:<\/strong><\/h4>\n<ul>\n<li><strong>Ki\u1ebfn tr\u00fac<\/strong>: Qu\u1ea3n l\u00fd v\u00e0 ph\u1ed1i h\u1ee3p c\u00e1c d\u1ef1 \u00e1n ki\u1ebfn tr\u00fac t\u1eeb giai \u0111o\u1ea1n thi\u1ebft k\u1ebf \u0111\u1ebfn ho\u00e0n th\u00e0nh.<\/li>\n<li><strong>K\u1ef9 thu\u1eadt x\u00e2y d\u1ef1ng<\/strong>: Gi\u00fap c\u00e1c k\u1ef9 s\u01b0 x\u00e2y d\u1ef1ng qu\u1ea3n l\u00fd c\u00e1c d\u1ef1 \u00e1n h\u1ea1 t\u1ea7ng ph\u1ee9c t\u1ea1p v\u00e0 ph\u1ed1i h\u1ee3p gi\u1eefa c\u00e1c nh\u00f3m k\u1ef9 thu\u1eadt.<\/li>\n<li><strong>Qu\u1ea3n l\u00fd x\u00e2y d\u1ef1ng<\/strong>: H\u1ed7 tr\u1ee3 c\u00e1c nh\u00e0 qu\u1ea3n l\u00fd x\u00e2y d\u1ef1ng theo d\u00f5i ti\u1ebfn \u0111\u1ed9 d\u1ef1 \u00e1n, ph\u00e2n t\u00edch hi\u1ec7u su\u1ea5t v\u00e0 \u0111\u1ea3m b\u1ea3o ch\u1ea5t l\u01b0\u1ee3ng c\u00f4ng tr\u00ecnh.<\/li>\n<li><strong>Ph\u00e1t tri\u1ec3n b\u1ea5t \u0111\u1ed9ng s\u1ea3n<\/strong>: T\u0103ng c\u01b0\u1eddng s\u1ef1 ph\u1ed1i h\u1ee3p v\u00e0 giao ti\u1ebfp gi\u1eefa c\u00e1c b\u00ean li\u00ean quan trong c\u00e1c d\u1ef1 \u00e1n ph\u00e1t tri\u1ec3n b\u1ea5t \u0111\u1ed9ng s\u1ea3n.<\/li>\n<\/ul>\n<p>Autodesk BIM Collaborate Pro 2025 l\u00e0 c\u00f4ng c\u1ee5 kh\u00f4ng th\u1ec3 thi\u1ebfu cho c\u00e1c chuy\u00ean gia AEC, gi\u00fap t\u1ed1i \u01b0u h\u00f3a quy tr\u00ecnh l\u00e0m vi\u1ec7c, t\u0103ng c\u01b0\u1eddng s\u1ef1 c\u1ed9ng t\u00e1c v\u00e0 \u0111\u1ea3m b\u1ea3o th\u00e0nh c\u00f4ng c\u1ee7a d\u1ef1 \u00e1n.<\/p>\n<p><strong style=\"color: #333333;\">*C\u00e0i \u0111\u1eb7t:<\/strong><\/p>\n<p>\u2013 \u0110\u1ec3 c\u00e0i \u0111\u1eb7t <strong>AutoCAD LT 2025<\/strong> b\u1ea3n quy\u1ec1n, b\u1ea1n v\u00e0o Download <a href=\"https:\/\/www.autodesk.com\/products\/bim-collaborate\/trial-intake\"><strong>T\u1ea0I \u0110\u00c2Y<\/strong><\/a><\/p>\n<h4><strong>*Giao h\u00e0ng:<\/strong><\/h4>\n<p>\u2013 M\u00e3 Key s\u1ebd \u0111\u01b0\u1ee3c g\u1eedi v\u00e0o email c\u1ee7a kh\u00e1ch h\u00e0ng <strong>trong v\u00f2ng 5 ph\u00fat<\/strong> sau khi thanh to\u00e1n th\u00e0nh c\u00f4ng.<\/p>\n<h4><strong>*Ho\u00e0n ti\u1ec1n:<\/strong><\/h4>\n<p>\u2013 Ho\u00e0n ti\u1ec1n <strong>100%<\/strong> n\u1ebfu Key l\u1ed7i, kh\u00f4ng ho\u1ea1t \u0111\u1ed9ng.<\/p>\n<p><i>Kh\u00e1ch th\u01b0\u1eddng mua key <strong>Autodesk BIM Collaborate Pro 2025<\/strong>\u00a0v\u1edbi <a href=\"https:\/\/banquyen.karogroup.vn\/?product=autodesk-revit-bim-software\"><strong>Autodesk Revit 2025<\/strong><\/a><\/i><\/p>\n<hr \/>\n<h3><span id=\"Lien_he_mua_key_Windows_11_Pro_ban_quyen_gia_re\"><strong>Li\u00ean h\u1ec7 mua key Autodesk BIM Collaborate Pro 2025 b\u1ea3n quy\u1ec1n<\/strong><\/span><\/h3>\n<p>\u0110\u1ec3 \u0111\u01b0\u1ee3c h\u1ed7 tr\u1ee3 nhanh h\u01a1n v\u00e0 gi\u00e1 t\u1ed1t h\u01a1n, c\u00e1c b\u1ea1n c\u00f3 th\u1ec3 mua key <strong>AutoCAD LT 2025<\/strong> b\u1eb1ng c\u00e1c g\u1ecdi \u0111i\u1ec7n ho\u1eb7c nh\u1eafc tin qua Zalo <strong>0912502068<\/strong><\/p>\n<h3><strong>B\u1ea3ng gi\u00e1 key Autodesk BIM Collaborate Pro 2025 <\/strong><span id=\"Bang_gia_mua_key_ban_quyen_Windows_11_Gia_re_Home_Pro_Edu\"><strong>b\u1ea3n quy\u1ec1n (Gi\u00e1 ni\u00eam y\u1ebft C\u1eadp nh\u1eadt th\u00e1ng 7\/2024)<\/strong><\/span><span id=\"Bang_gia_mua_key_ban_quyen_Windows_11_Gia_re_Home_Pro_Edu\"><strong><br \/>\n<\/strong><\/span><\/h3>\n<p><img loading=\"lazy\" class=\"alignnone  wp-image-246\" src=\"https:\/\/banquyen.karogroup.vn\/wp-content\/uploads\/2024\/07\/BIM-Collaborate-Pro-Price-300x121.jpg\" alt=\"\" width=\"511\" height=\"206\" srcset=\"https:\/\/banquyen.karogroup.vn\/wp-content\/uploads\/2024\/07\/BIM-Collaborate-Pro-Price-300x121.jpg 300w, https:\/\/banquyen.karogroup.vn\/wp-content\/uploads\/2024\/07\/BIM-Collaborate-Pro-Price-600x242.jpg 600w, https:\/\/banquyen.karogroup.vn\/wp-content\/uploads\/2024\/07\/BIM-Collaborate-Pro-Price.jpg 688w\" sizes=\"(max-width: 511px) 100vw, 511px\" \/><\/p>\n<p><strong>L\u01b0u \u00fd:<\/strong><\/p>\n<p><em>\u2013 <strong>LI\u00caN H\u1ec6 \u0110\u1ec2 C\u00d3 GI\u00c1 T\u1ed0T NH\u1ea4T<\/strong><\/em><\/p>\n<p><em>\u2013 Trong qu\u00e1 tr\u00ecnh n\u00e2ng c\u1ea5p, n\u1ebfu c\u00f3 th\u00f4ng b\u00e1o l\u1ed7i th\u00ec vui l\u00f2ng th\u00f4ng b\u00e1o v\u1edbi ch\u00fang t\u00f4i th\u00f4ng qua s\u1ed1 Hotline.<\/em><\/p>\n","protected":false},"excerpt":{"rendered":"<div class=\"QFw9Te BLojaf\">\n<div data-grammarly-part=\"button\">\n<div class=\"amkYk\">\n<div class=\"ptGJG\">Autodesk BIM Collaboration Pro l\u00e0 ph\u1ea7n m\u1ec1m qu\u1ea3n l\u00fd thi\u1ebft k\u1ebf v\u00e0 c\u1ed9ng t\u00e1c thi\u1ebft k\u1ebf d\u1ef1a tr\u00ean \u0111\u00e1m m\u00e2y cho ph\u00e9p c\u00e1c nh\u00f3m:<\/div>\n<\/div>\n<\/div>\n<\/div>\n<div class=\"QcsUad BDJ8fb BLojaf sMVRZe hCXDsb wneUed\">\n<h3 class=\"oBOnKe\"><span class=\"jCAhz ChMk0b\" style=\"font-size: 14.4px;\"><span class=\"ryNqvb\">&#8211; S\u1eafp x\u1ebfp d\u1eef li\u1ec7u d\u1ef1 \u00e1n, d\u00e2n ch\u1ee7 h\u00f3a quy\u1ec1n truy c\u1eadp v\u00e0 k\u1ebft n\u1ed1i..<\/span><\/span><\/h3>\n<h3 class=\"oBOnKe\"><span class=\"jCAhz ChMk0b\" style=\"font-size: 14.4px;\"><span class=\"ryNqvb\">&#8211; C\u1ea3i thi\u1ec7n kh\u1ea3 n\u0103ng hi\u1ec3n th\u1ecb c\u1ee7a d\u1ef1 \u00e1n \u0111\u1ec3 giao h\u00e0ng \u0111\u00fang th\u1eddi h\u1ea1n.<\/span><\/span><\/h3>\n<h3 class=\"oBOnKe\"><span class=\"jCAhz ChMk0b\" style=\"font-size: 14.4px;\"><span class=\"ryNqvb\">&#8211; L\u00e0m vi\u1ec7c c\u00f9ng nhau tr\u00ean c\u00e1c d\u1ef1 \u00e1n ng\u00e0y c\u00e0ng ph\u1ee9c t\u1ea1p.<\/span><\/span><\/h3>\n<p>&#8211; \u0110\u1ed3ng t\u00e1c gi\u1ea3 trong Revit, Civil 3D ho\u1eb7c Plant 3D.<\/p>\n<\/div>\n","protected":false},"featured_media":244,"comment_status":"open","ping_status":"closed","template":"","meta":{"_monsterinsights_skip_tracking":false,"_monsterinsights_sitenote_active":false,"_monsterinsights_sitenote_note":"","_monsterinsights_sitenote_category":0},"product_cat":[19],"product_tag":[36,35],"_links":{"self":[{"href":"https:\/\/banquyen.karogroup.vn\/index.php?rest_route=\/wp\/v2\/product\/243"}],"collection":[{"href":"https:\/\/banquyen.karogroup.vn\/index.php?rest_route=\/wp\/v2\/product"}],"about":[{"href":"https:\/\/banquyen.karogroup.vn\/index.php?rest_route=\/wp\/v2\/types\/product"}],"replies":[{"embeddable":true,"href":"https:\/\/banquyen.karogroup.vn\/index.php?rest_route=%2Fwp%2Fv2%2Fcomments&post=243"}],"wp:featuredmedia":[{"embeddable":true,"href":"https:\/\/banquyen.karogroup.vn\/index.php?rest_route=\/wp\/v2\/media\/244"}],"wp:attachment":[{"href":"https:\/\/banquyen.karogroup.vn\/index.php?rest_route=%2Fwp%2Fv2%2Fmedia&parent=243"}],"wp:term":[{"taxonomy":"product_cat","embeddable":true,"href":"https:\/\/banquyen.karogroup.vn\/index.php?rest_route=%2Fwp%2Fv2%2Fproduct_cat&post=243"},{"taxonomy":"product_tag","embeddable":true,"href":"https:\/\/banquyen.karogroup.vn\/index.php?rest_route=%2Fwp%2Fv2%2Fproduct_tag&post=243"}],"curies":[{"name":"wp","href":"https:\/\/api.w.org\/{rel}","templated":true}]}}