{"id":232,"date":"2024-07-23T08:16:03","date_gmt":"2024-07-23T08:16:03","guid":{"rendered":"https:\/\/banquyen.karogroup.vn\/?post_type=product&#038;p=232"},"modified":"2024-07-30T15:55:42","modified_gmt":"2024-07-30T15:55:42","slug":"autodesk-3ds-max","status":"publish","type":"product","link":"https:\/\/banquyen.karogroup.vn\/?product=autodesk-3ds-max","title":{"rendered":"Autodesk 3ds Max"},"content":{"rendered":"<p><strong>Autodesk 3ds Max 2025<\/strong> l\u00e0 phi\u00ean b\u1ea3n m\u1edbi nh\u1ea5t c\u1ee7a ph\u1ea7n m\u1ec1m thi\u1ebft k\u1ebf 3D v\u00e0 ho\u1ea1t h\u00ecnh n\u1ed5i ti\u1ebfng c\u1ee7a Autodesk, \u0111\u01b0\u1ee3c s\u1eed d\u1ee5ng r\u1ed9ng r\u00e3i trong c\u00e1c l\u0129nh v\u1ef1c nh\u01b0 \u0111\u1ed3 h\u1ecda m\u00e1y t\u00ednh, ph\u00e1t tri\u1ec3n tr\u00f2 ch\u01a1i, phim \u1ea3nh, ki\u1ebfn tr\u00fac, v\u00e0 thi\u1ebft k\u1ebf n\u1ed9i th\u1ea5t. 3ds Max 2025 cung c\u1ea5p m\u1ed9t lo\u1ea1t c\u00e1c c\u00f4ng c\u1ee5 m\u1ea1nh m\u1ebd gi\u00fap c\u00e1c nh\u00e0 thi\u1ebft k\u1ebf v\u00e0 ngh\u1ec7 s\u0129 t\u1ea1o ra c\u00e1c m\u00f4 h\u00ecnh 3D, ho\u1ea1t h\u00ecnh, v\u00e0 h\u00ecnh \u1ea3nh ch\u1ea5t l\u01b0\u1ee3ng cao.<\/p>\n<h4>T\u00ednh n\u0103ng n\u1ed5i b\u1eadt:<\/h4>\n<ol>\n<li><strong>M\u00f4 h\u00ecnh h\u00f3a 3D n\u00e2ng cao<\/strong>:\n<ul>\n<li>Cung c\u1ea5p c\u00e1c c\u00f4ng c\u1ee5 m\u1ea1nh m\u1ebd \u0111\u1ec3 t\u1ea1o ra c\u00e1c m\u00f4 h\u00ecnh 3D ph\u1ee9c t\u1ea1p v\u00e0 chi ti\u1ebft, bao g\u1ed3m m\u00f4 h\u00ecnh \u0111a gi\u00e1c, NURBS v\u00e0 b\u1ec1 m\u1eb7t ph\u00e2n chia.<\/li>\n<li>H\u1ed7 tr\u1ee3 c\u00e1c c\u00f4ng c\u1ee5 sculpting v\u00e0 texturing ti\u00ean ti\u1ebfn gi\u00fap t\u1ed1i \u01b0u h\u00f3a qu\u00e1 tr\u00ecnh t\u1ea1o m\u00f4 h\u00ecnh v\u00e0 l\u00e0m cho m\u00f4 h\u00ecnh tr\u1edf n\u00ean s\u1ed1ng \u0111\u1ed9ng h\u01a1n.<\/li>\n<\/ul>\n<\/li>\n<li><strong>Ho\u1ea1t h\u00ecnh v\u00e0 Rigging<\/strong>:\n<ul>\n<li>C\u00e1c c\u00f4ng c\u1ee5 ho\u1ea1t h\u00ecnh m\u1ea1nh m\u1ebd cho ph\u00e9p t\u1ea1o ra c\u00e1c chuy\u1ec3n \u0111\u1ed9ng m\u01b0\u1ee3t m\u00e0 v\u00e0 t\u1ef1 nhi\u00ean, bao g\u1ed3m h\u1ec7 th\u1ed1ng bone v\u00e0 biped \u0111\u1ec3 d\u1ec5 d\u00e0ng rigging nh\u00e2n v\u1eadt.<\/li>\n<li>Kh\u1ea3 n\u0103ng t\u1ea1o v\u00e0 ch\u1ec9nh s\u1eeda c\u00e1c chuy\u1ec3n \u0111\u1ed9ng ph\u1ee9c t\u1ea1p v\u1edbi c\u00f4ng c\u1ee5 CAT (Character Animation Toolkit) v\u00e0 c\u00e1c c\u00f4ng c\u1ee5 animation kh\u00e1c.<\/li>\n<\/ul>\n<\/li>\n<li><strong>Render ch\u1ea5t l\u01b0\u1ee3ng cao<\/strong>:\n<ul>\n<li>T\u00edch h\u1ee3p c\u00e1c c\u00f4ng c\u1ee5 render m\u1ea1nh m\u1ebd nh\u01b0 Arnold Renderer, gi\u00fap t\u1ea1o ra h\u00ecnh \u1ea3nh ch\u1ea5t l\u01b0\u1ee3ng cao v\u1edbi \u00e1nh s\u00e1ng, b\u00f3ng, v\u00e0 hi\u1ec7u \u1ee9ng v\u1eadt li\u1ec7u ch\u00e2n th\u1ef1c.<\/li>\n<li>H\u1ed7 tr\u1ee3 c\u00e1c c\u00f4ng ngh\u1ec7 render ti\u00ean ti\u1ebfn nh\u01b0 Global Illumination v\u00e0 Ray Tracing, gi\u00fap n\u00e2ng cao ch\u1ea5t l\u01b0\u1ee3ng v\u00e0 hi\u1ec7n th\u1ef1c c\u1ee7a h\u00ecnh \u1ea3nh.<\/li>\n<\/ul>\n<\/li>\n<li><strong>Giao di\u1ec7n ng\u01b0\u1eddi d\u00f9ng tr\u1ef1c quan<\/strong>:\n<ul>\n<li>Giao di\u1ec7n ng\u01b0\u1eddi d\u00f9ng th\u00e2n thi\u1ec7n v\u00e0 c\u00f3 th\u1ec3 t\u00f9y ch\u1ec9nh, gi\u00fap t\u1ed1i \u01b0u h\u00f3a quy tr\u00ecnh l\u00e0m vi\u1ec7c v\u00e0 gi\u1ea3m thi\u1ec3u th\u1eddi gian h\u1ecdc t\u1eadp ph\u1ea7n m\u1ec1m.<\/li>\n<li>C\u00e1c b\u1ea3ng \u0111i\u1ec1u khi\u1ec3n v\u00e0 c\u00f4ng c\u1ee5 \u0111\u01b0\u1ee3c t\u1ed5 ch\u1ee9c m\u1ed9t c\u00e1ch logic v\u00e0 d\u1ec5 d\u00e0ng truy c\u1eadp.<\/li>\n<\/ul>\n<\/li>\n<li><strong>T\u00edch h\u1ee3p v\u00e0 h\u1ed7 tr\u1ee3 plugin<\/strong>:\n<ul>\n<li>T\u00edch h\u1ee3p d\u1ec5 d\u00e0ng v\u1edbi c\u00e1c ph\u1ea7n m\u1ec1m kh\u00e1c trong h\u1ec7 sinh th\u00e1i Autodesk nh\u01b0 AutoCAD, Revit, v\u00e0 Maya.<\/li>\n<li>H\u1ed7 tr\u1ee3 h\u00e0ng ng\u00e0n plugin b\u00ean th\u1ee9 ba, gi\u00fap m\u1edf r\u1ed9ng t\u00ednh n\u0103ng v\u00e0 t\u00f9y bi\u1ebfn ph\u1ea7n m\u1ec1m theo nhu c\u1ea7u c\u1ee5 th\u1ec3 c\u1ee7a ng\u01b0\u1eddi d\u00f9ng.<\/li>\n<\/ul>\n<\/li>\n<li><strong>Qu\u1ea3n l\u00fd d\u1ef1 \u00e1n v\u00e0 h\u1ee3p t\u00e1c<\/strong>:\n<ul>\n<li>C\u00e1c c\u00f4ng c\u1ee5 qu\u1ea3n l\u00fd d\u1ef1 \u00e1n v\u00e0 l\u00e0m vi\u1ec7c nh\u00f3m gi\u00fap ng\u01b0\u1eddi d\u00f9ng d\u1ec5 d\u00e0ng t\u1ed5 ch\u1ee9c, theo d\u00f5i v\u00e0 chia s\u1ebb c\u00f4ng vi\u1ec7c v\u1edbi \u0111\u1ed3ng \u0111\u1ed9i.<\/li>\n<li>T\u00edch h\u1ee3p v\u1edbi c\u00e1c n\u1ec1n t\u1ea3ng \u0111\u00e1m m\u00e2y \u0111\u1ec3 l\u01b0u tr\u1eef v\u00e0 truy c\u1eadp d\u1eef li\u1ec7u t\u1eeb b\u1ea5t c\u1ee9 \u0111\u00e2u.<\/li>\n<\/ul>\n<\/li>\n<li><strong>T\u0103ng c\u01b0\u1eddng hi\u1ec7u su\u1ea5t<\/strong>:\n<ul>\n<li>C\u00e1c c\u1ea3i ti\u1ebfn v\u1ec1 hi\u1ec7u su\u1ea5t gi\u00fap t\u0103ng t\u1ed1c \u0111\u1ed9 x\u1eed l\u00fd v\u00e0 gi\u1ea3m thi\u1ec3u th\u1eddi gian ch\u1edd, \u0111\u1eb7c bi\u1ec7t l\u00e0 khi l\u00e0m vi\u1ec7c v\u1edbi c\u00e1c m\u00f4 h\u00ecnh v\u00e0 c\u1ea3nh ph\u1ee9c t\u1ea1p.<\/li>\n<li>H\u1ed7 tr\u1ee3 c\u00e1c t\u00ednh n\u0103ng GPU-accelerated rendering v\u00e0 \u0111a lu\u1ed3ng \u0111\u1ec3 t\u1eadn d\u1ee5ng t\u1ed1i \u0111a kh\u1ea3 n\u0103ng ph\u1ea7n c\u1ee9ng.<\/li>\n<\/ul>\n<\/li>\n<\/ol>\n<h4>\u1ee8ng d\u1ee5ng:<\/h4>\n<ul>\n<li><strong>\u0110\u1ed3 h\u1ecda m\u00e1y t\u00ednh<\/strong>: T\u1ea1o c\u00e1c m\u00f4 h\u00ecnh 3D v\u00e0 ho\u1ea1t h\u00ecnh cho phim \u1ea3nh, truy\u1ec1n h\u00ecnh v\u00e0 video \u00e2m nh\u1ea1c.<\/li>\n<li><strong>Ph\u00e1t tri\u1ec3n tr\u00f2 ch\u01a1i<\/strong>: Thi\u1ebft k\u1ebf nh\u00e2n v\u1eadt, c\u1ea3nh quan v\u00e0 m\u00f4i tr\u01b0\u1eddng 3D cho tr\u00f2 ch\u01a1i \u0111i\u1ec7n t\u1eed.<\/li>\n<li><strong>Ki\u1ebfn tr\u00fac v\u00e0 thi\u1ebft k\u1ebf n\u1ed9i th\u1ea5t<\/strong>: T\u1ea1o c\u00e1c m\u00f4 h\u00ecnh 3D v\u00e0 h\u00ecnh \u1ea3nh minh h\u1ecda cho c\u00e1c d\u1ef1 \u00e1n ki\u1ebfn tr\u00fac v\u00e0 thi\u1ebft k\u1ebf n\u1ed9i th\u1ea5t.<\/li>\n<li><strong>Qu\u1ea3ng c\u00e1o v\u00e0 truy\u1ec1n th\u00f4ng<\/strong>: T\u1ea1o c\u00e1c h\u00ecnh \u1ea3nh v\u00e0 video 3D ch\u1ea5t l\u01b0\u1ee3ng cao cho c\u00e1c chi\u1ebfn d\u1ecbch qu\u1ea3ng c\u00e1o v\u00e0 truy\u1ec1n th\u00f4ng.<\/li>\n<\/ul>\n<p>Autodesk 3ds Max 2025 l\u00e0 m\u1ed9t c\u00f4ng c\u1ee5 kh\u00f4ng th\u1ec3 thi\u1ebfu cho c\u00e1c nh\u00e0 thi\u1ebft k\u1ebf 3D v\u00e0 ngh\u1ec7 s\u0129 ho\u1ea1t h\u00ecnh, gi\u00fap h\u1ecd t\u1ea1o ra c\u00e1c s\u1ea3n ph\u1ea9m s\u00e1ng t\u1ea1o v\u00e0 chuy\u00ean nghi\u1ec7p v\u1edbi ch\u1ea5t l\u01b0\u1ee3ng h\u00ecnh \u1ea3nh tuy\u1ec7t v\u1eddi v\u00e0 hi\u1ec7u qu\u1ea3 c\u00f4ng vi\u1ec7c cao.<\/p>\n<h4><strong>*C\u00e0i \u0111\u1eb7t:<\/strong><\/h4>\n<p>\u2013 \u0110\u1ec3 c\u00e0i \u0111\u1eb7t <strong>AutoCAD LT 2025<\/strong> b\u1ea3n quy\u1ec1n, b\u1ea1n v\u00e0o Download <a href=\"https:\/\/www.autodesk.com\/products\/3ds-max\/trial-intake\"><strong>T\u1ea0I \u0110\u00c2Y<\/strong><\/a><\/p>\n<h4><strong>*Giao h\u00e0ng:<\/strong><\/h4>\n<p>\u2013 M\u00e3 Key s\u1ebd \u0111\u01b0\u1ee3c g\u1eedi v\u00e0o email c\u1ee7a kh\u00e1ch h\u00e0ng <strong>trong v\u00f2ng 5 ph\u00fat<\/strong> sau khi thanh to\u00e1n th\u00e0nh c\u00f4ng.<\/p>\n<h4><strong>*Ho\u00e0n ti\u1ec1n:<\/strong><\/h4>\n<p>\u2013 Ho\u00e0n ti\u1ec1n <strong>100%<\/strong> n\u1ebfu Key l\u1ed7i, kh\u00f4ng ho\u1ea1t \u0111\u1ed9ng.<\/p>\n<p><i>Kh\u00e1ch th\u01b0\u1eddng mua key <strong>Autodesk 3ds Max 2025<\/strong>\u00a0v\u1edbi <a href=\"https:\/\/banquyen.karogroup.vn\/?product=autodesk-maya\"><strong>Autodesk Maya<\/strong><\/a><\/i><\/p>\n<hr \/>\n<h3><span id=\"Lien_he_mua_key_Windows_11_Pro_ban_quyen_gia_re\"><strong>Li\u00ean h\u1ec7 mua key Autodesk 3ds Max 2025 b\u1ea3n quy\u1ec1n<\/strong><\/span><\/h3>\n<p>\u0110\u1ec3 \u0111\u01b0\u1ee3c h\u1ed7 tr\u1ee3 nhanh h\u01a1n v\u00e0 gi\u00e1 t\u1ed1t h\u01a1n, c\u00e1c b\u1ea1n c\u00f3 th\u1ec3 mua key <strong>AutoCAD LT 2025<\/strong> b\u1eb1ng c\u00e1c g\u1ecdi \u0111i\u1ec7n ho\u1eb7c nh\u1eafc tin qua Zalo <strong>0912502068<\/strong><\/p>\n<h3><strong>B\u1ea3ng gi\u00e1 key Autodesk 3ds Max 2025 <\/strong><span id=\"Bang_gia_mua_key_ban_quyen_Windows_11_Gia_re_Home_Pro_Edu\"><strong>b\u1ea3n quy\u1ec1n (Gi\u00e1 ni\u00eam y\u1ebft C\u1eadp nh\u1eadt th\u00e1ng 7\/2024)<\/strong><\/span><span id=\"Bang_gia_mua_key_ban_quyen_Windows_11_Gia_re_Home_Pro_Edu\"><strong><br \/>\n<\/strong><\/span><\/h3>\n<p><img loading=\"lazy\" class=\"alignnone wp-image-234\" src=\"https:\/\/banquyen.karogroup.vn\/wp-content\/uploads\/2024\/07\/3ds-Max-Autodesk-2025-Price-300x123.jpg\" alt=\"\" width=\"451\" height=\"185\" srcset=\"https:\/\/banquyen.karogroup.vn\/wp-content\/uploads\/2024\/07\/3ds-Max-Autodesk-2025-Price-300x123.jpg 300w, https:\/\/banquyen.karogroup.vn\/wp-content\/uploads\/2024\/07\/3ds-Max-Autodesk-2025-Price-600x245.jpg 600w, https:\/\/banquyen.karogroup.vn\/wp-content\/uploads\/2024\/07\/3ds-Max-Autodesk-2025-Price.jpg 690w\" sizes=\"(max-width: 451px) 100vw, 451px\" \/><\/p>\n<p><strong>L\u01b0u \u00fd:<\/strong><\/p>\n<p><em>\u2013 <strong>LI\u00caN H\u1ec6 \u0110\u1ec2 C\u00d3 GI\u00c1 T\u1ed0T NH\u1ea4T<\/strong><\/em><\/p>\n<p><em>\u2013 Trong qu\u00e1 tr\u00ecnh n\u00e2ng c\u1ea5p, n\u1ebfu c\u00f3 th\u00f4ng b\u00e1o l\u1ed7i th\u00ec vui l\u00f2ng th\u00f4ng b\u00e1o v\u1edbi ch\u00fang t\u00f4i th\u00f4ng qua s\u1ed1 Hotline.<\/em><\/p>\n","protected":false},"excerpt":{"rendered":"<div class=\"QFw9Te BLojaf\">\n<div data-grammarly-part=\"button\">\n<div class=\"amkYk\">\n<div class=\"ptGJG\">Ph\u1ea7n m\u1ec1m t\u1ea1o m\u00f4 h\u00ecnh, k\u1ebft xu\u1ea5t v\u00e0 ho\u1ea1t h\u00ecnh 3D chuy\u00ean nghi\u1ec7p Autodesk 3ds Max cho ph\u00e9p b\u1ea1n t\u1ea1o ra c\u00e1c th\u1ebf gi\u1edbi m\u1edf r\u1ed9ng v\u00e0 c\u00e1c thi\u1ebft k\u1ebf cao c\u1ea5p.<\/div>\n<\/div>\n<\/div>\n<\/div>\n<div class=\"QcsUad BDJ8fb BLojaf sMVRZe hCXDsb wneUed\">\n<h3 class=\"oBOnKe\"><span class=\"jCAhz ChMk0b\" style=\"font-size: 14.4px;\"><span class=\"ryNqvb\">&#8211; Th\u1ed5i s\u1ee9c s\u1ed1ng v\u00e0o m\u00f4i tr\u01b0\u1eddng v\u00e0 c\u1ea3nh quan b\u1eb1ng c\u00e1c c\u00f4ng c\u1ee5 t\u1ea1o m\u00f4 h\u00ecnh m\u1ea1nh m\u1ebd.<\/span><\/span><\/h3>\n<h3 class=\"oBOnKe\"><span class=\"jCAhz ChMk0b\" style=\"font-size: 14.4px;\"><span class=\"ryNqvb\">&#8211; T\u1ea1o c\u00e1c thi\u1ebft k\u1ebf v\u00e0 \u0111\u1ea1o c\u1ee5 chi ti\u1ebft tinh x\u1ea3o b\u1eb1ng c\u00e1c c\u00f4ng c\u1ee5 t\u1ea1o h\u1ecda ti\u1ebft v\u00e0 t\u1ea1o b\u00f3ng tr\u1ef1c quan.<\/span><\/span><\/h3>\n<h3 class=\"oBOnKe\"><span class=\"jCAhz ChMk0b\" style=\"font-size: 14.4px;\"><span class=\"ryNqvb\">&#8211; L\u1eb7p l\u1ea1i v\u00e0 t\u1ea1o ra c\u00e1c k\u1ebft xu\u1ea5t c\u1ea5p chuy\u00ean nghi\u1ec7p v\u1edbi to\u00e0n quy\u1ec1n ki\u1ec3m so\u00e1t ngh\u1ec7 thu\u1eadt.<\/span><\/span><\/h3>\n<\/div>\n","protected":false},"featured_media":360,"comment_status":"open","ping_status":"closed","template":"","meta":{"_monsterinsights_skip_tracking":false,"_monsterinsights_sitenote_active":false,"_monsterinsights_sitenote_note":"","_monsterinsights_sitenote_category":0},"product_cat":[19],"product_tag":[37,36,35],"_links":{"self":[{"href":"https:\/\/banquyen.karogroup.vn\/index.php?rest_route=\/wp\/v2\/product\/232"}],"collection":[{"href":"https:\/\/banquyen.karogroup.vn\/index.php?rest_route=\/wp\/v2\/product"}],"about":[{"href":"https:\/\/banquyen.karogroup.vn\/index.php?rest_route=\/wp\/v2\/types\/product"}],"replies":[{"embeddable":true,"href":"https:\/\/banquyen.karogroup.vn\/index.php?rest_route=%2Fwp%2Fv2%2Fcomments&post=232"}],"wp:featuredmedia":[{"embeddable":true,"href":"https:\/\/banquyen.karogroup.vn\/index.php?rest_route=\/wp\/v2\/media\/360"}],"wp:attachment":[{"href":"https:\/\/banquyen.karogroup.vn\/index.php?rest_route=%2Fwp%2Fv2%2Fmedia&parent=232"}],"wp:term":[{"taxonomy":"product_cat","embeddable":true,"href":"https:\/\/banquyen.karogroup.vn\/index.php?rest_route=%2Fwp%2Fv2%2Fproduct_cat&post=232"},{"taxonomy":"product_tag","embeddable":true,"href":"https:\/\/banquyen.karogroup.vn\/index.php?rest_route=%2Fwp%2Fv2%2Fproduct_tag&post=232"}],"curies":[{"name":"wp","href":"https:\/\/api.w.org\/{rel}","templated":true}]}}