{"id":228,"date":"2024-07-23T07:51:41","date_gmt":"2024-07-23T07:51:41","guid":{"rendered":"https:\/\/banquyen.karogroup.vn\/?post_type=product&#038;p=228"},"modified":"2024-11-11T15:17:40","modified_gmt":"2024-11-11T15:17:40","slug":"autodesk-revit-bim-software","status":"publish","type":"product","link":"https:\/\/banquyen.karogroup.vn\/?product=autodesk-revit-bim-software","title":{"rendered":"Autodesk Revit (BIM software)"},"content":{"rendered":"<p><strong>Autodesk Revit 2025<\/strong> l\u00e0 phi\u00ean b\u1ea3n m\u1edbi nh\u1ea5t c\u1ee7a ph\u1ea7n m\u1ec1m thi\u1ebft k\u1ebf v\u00e0 t\u00e0i li\u1ec7u h\u00f3a x\u00e2y d\u1ef1ng h\u00e0ng \u0111\u1ea7u c\u1ee7a Autodesk, \u0111\u01b0\u1ee3c ph\u00e1t tri\u1ec3n d\u00e0nh ri\u00eang cho c\u00e1c chuy\u00ean gia trong l\u0129nh v\u1ef1c ki\u1ebfn tr\u00fac, k\u1ef9 thu\u1eadt, v\u00e0 x\u00e2y d\u1ef1ng (AEC). Revit 2025 cung c\u1ea5p m\u1ed9t lo\u1ea1t c\u00e1c c\u00f4ng c\u1ee5 m\u1ea1nh m\u1ebd \u0111\u1ec3 t\u1ea1o ra c\u00e1c m\u00f4 h\u00ecnh th\u00f4ng tin c\u00f4ng tr\u00ecnh (BIM), gi\u00fap t\u1ed1i \u01b0u h\u00f3a quy tr\u00ecnh thi\u1ebft k\u1ebf, x\u00e2y d\u1ef1ng v\u00e0 qu\u1ea3n l\u00fd d\u1ef1 \u00e1n.<\/p>\n<h4><strong>T\u00ednh n\u0103ng n\u1ed5i b\u1eadt:<\/strong><\/h4>\n<ol>\n<li><strong>M\u00f4 h\u00ecnh th\u00f4ng tin c\u00f4ng tr\u00ecnh (BIM) to\u00e0n di\u1ec7n<\/strong>:\n<ul>\n<li>T\u1ea1o v\u00e0 qu\u1ea3n l\u00fd c\u00e1c m\u00f4 h\u00ecnh 3D ch\u00ednh x\u00e1c v\u1ec1 ki\u1ebfn tr\u00fac, k\u1ebft c\u1ea5u, v\u00e0 h\u1ec7 th\u1ed1ng c\u01a1 \u0111i\u1ec7n (MEP).<\/li>\n<li>H\u1ed7 tr\u1ee3 ph\u1ed1i h\u1ee3p gi\u1eefa c\u00e1c b\u00ean li\u00ean quan th\u00f4ng qua c\u00e1c m\u00f4 h\u00ecnh BIM, gi\u00fap gi\u1ea3m thi\u1ec3u xung \u0111\u1ed9t v\u00e0 t\u1ed1i \u01b0u h\u00f3a quy tr\u00ecnh l\u00e0m vi\u1ec7c.<\/li>\n<\/ul>\n<\/li>\n<li><strong>Thi\u1ebft k\u1ebf v\u00e0 t\u00e0i li\u1ec7u h\u00f3a<\/strong>:\n<ul>\n<li>Cung c\u1ea5p c\u00e1c c\u00f4ng c\u1ee5 thi\u1ebft k\u1ebf ki\u1ebfn tr\u00fac chi ti\u1ebft, bao g\u1ed3m t\u01b0\u1eddng, s\u00e0n, c\u1eeda s\u1ed5, c\u1eeda ra v\u00e0o, v\u00e0 nhi\u1ec1u th\u00e0nh ph\u1ea7n ki\u1ebfn tr\u00fac kh\u00e1c.<\/li>\n<li>Kh\u1ea3 n\u0103ng t\u1ea1o t\u00e0i li\u1ec7u x\u00e2y d\u1ef1ng t\u1ef1 \u0111\u1ed9ng t\u1eeb c\u00e1c m\u00f4 h\u00ecnh 3D, bao g\u1ed3m b\u1ea3n v\u1ebd m\u1eb7t b\u1eb1ng, m\u1eb7t \u0111\u1ee9ng, m\u1eb7t c\u1eaft v\u00e0 c\u00e1c b\u1ea3n v\u1ebd chi ti\u1ebft.<\/li>\n<\/ul>\n<\/li>\n<li><strong>C\u00f4ng c\u1ee5 k\u1ebft c\u1ea5u v\u00e0 c\u01a1 \u0111i\u1ec7n (MEP)<\/strong>:\n<ul>\n<li>C\u00e1c c\u00f4ng c\u1ee5 d\u00e0nh ri\u00eang cho k\u1ef9 thu\u1eadt k\u1ebft c\u1ea5u v\u00e0 h\u1ec7 th\u1ed1ng c\u01a1 \u0111i\u1ec7n, bao g\u1ed3m thi\u1ebft k\u1ebf, ph\u00e2n t\u00edch v\u00e0 t\u00e0i li\u1ec7u h\u00f3a c\u00e1c h\u1ec7 th\u1ed1ng k\u1ebft c\u1ea5u v\u00e0 c\u01a1 \u0111i\u1ec7n ph\u1ee9c t\u1ea1p.<\/li>\n<\/ul>\n<\/li>\n<li><strong>H\u1ee3p t\u00e1c v\u00e0 qu\u1ea3n l\u00fd d\u1ef1 \u00e1n<\/strong>:\n<ul>\n<li>T\u00ednh n\u0103ng c\u1ed9ng t\u00e1c tr\u1ef1c tuy\u1ebfn gi\u00fap c\u00e1c nh\u00f3m l\u00e0m vi\u1ec7c c\u00f9ng nhau tr\u00ean m\u1ed9t m\u00f4 h\u00ecnh chung, \u0111\u1ed3ng b\u1ed9 h\u00f3a d\u1eef li\u1ec7u theo th\u1eddi gian th\u1ef1c.<\/li>\n<li>T\u00edch h\u1ee3p v\u1edbi Autodesk BIM 360 \u0111\u1ec3 qu\u1ea3n l\u00fd v\u00e0 chia s\u1ebb d\u1eef li\u1ec7u d\u1ef1 \u00e1n hi\u1ec7u qu\u1ea3 h\u01a1n.<\/li>\n<\/ul>\n<\/li>\n<li><strong>Ph\u00e2n t\u00edch v\u00e0 m\u00f4 ph\u1ecfng<\/strong>:\n<ul>\n<li>C\u00e1c c\u00f4ng c\u1ee5 ph\u00e2n t\u00edch n\u0103ng l\u01b0\u1ee3ng v\u00e0 chi\u1ebfu s\u00e1ng gi\u00fap \u0111\u00e1nh gi\u00e1 hi\u1ec7u su\u1ea5t c\u1ee7a c\u00e1c thi\u1ebft k\u1ebf.<\/li>\n<li>Kh\u1ea3 n\u0103ng m\u00f4 ph\u1ecfng x\u00e2y d\u1ef1ng \u0111\u1ec3 ki\u1ec3m tra c\u00e1c y\u1ebfu t\u1ed1 nh\u01b0 t\u1ea3i tr\u1ecdng, \u0111\u1ed9 b\u1ec1n v\u00e0 s\u1ef1 an to\u00e0n c\u1ee7a c\u00f4ng tr\u00ecnh.<\/li>\n<\/ul>\n<\/li>\n<li><strong>T\u0103ng c\u01b0\u1eddng hi\u1ec7u su\u1ea5t v\u00e0 t\u00ednh \u1ed5n \u0111\u1ecbnh<\/strong>:\n<ul>\n<li>C\u1ea3i ti\u1ebfn hi\u1ec7u su\u1ea5t \u0111\u1ec3 x\u1eed l\u00fd c\u00e1c m\u00f4 h\u00ecnh l\u1edbn v\u00e0 ph\u1ee9c t\u1ea1p m\u1ed9t c\u00e1ch m\u01b0\u1ee3t m\u00e0 v\u00e0 hi\u1ec7u qu\u1ea3.<\/li>\n<li>T\u0103ng c\u01b0\u1eddng \u0111\u1ed9 \u1ed5n \u0111\u1ecbnh c\u1ee7a ph\u1ea7n m\u1ec1m, gi\u1ea3m thi\u1ec3u c\u00e1c l\u1ed7i v\u00e0 s\u1ef1 c\u1ed1 trong qu\u00e1 tr\u00ecnh s\u1eed d\u1ee5ng.<\/li>\n<\/ul>\n<\/li>\n<li><strong>T\u00f9y bi\u1ebfn v\u00e0 t\u00edch h\u1ee3p<\/strong>:\n<ul>\n<li>H\u1ed7 tr\u1ee3 t\u1ea1o v\u00e0 s\u1eed d\u1ee5ng c\u00e1c l\u1ec7nh t\u00f9y ch\u1ec9nh v\u00e0 plugin \u0111\u1ec3 m\u1edf r\u1ed9ng t\u00ednh n\u0103ng c\u1ee7a Revit.<\/li>\n<li>T\u00edch h\u1ee3p d\u1ec5 d\u00e0ng v\u1edbi c\u00e1c ph\u1ea7n m\u1ec1m thi\u1ebft k\u1ebf v\u00e0 ph\u00e2n t\u00edch kh\u00e1c trong h\u1ec7 sinh th\u00e1i Autodesk, bao g\u1ed3m AutoCAD, Navisworks v\u00e0 3ds Max.<\/li>\n<\/ul>\n<\/li>\n<\/ol>\n<h4><strong>\u1ee8ng d\u1ee5ng:<\/strong><\/h4>\n<ul>\n<li><strong>Ki\u1ebfn tr\u00fac<\/strong>: Thi\u1ebft k\u1ebf v\u00e0 t\u00e0i li\u1ec7u h\u00f3a c\u00e1c c\u00f4ng tr\u00ecnh ki\u1ebfn tr\u00fac, n\u1ed9i th\u1ea5t v\u00e0 c\u1ea3nh quan.<\/li>\n<li><strong>K\u1ef9 thu\u1eadt x\u00e2y d\u1ef1ng<\/strong>: Thi\u1ebft k\u1ebf, ph\u00e2n t\u00edch v\u00e0 qu\u1ea3n l\u00fd c\u00e1c d\u1ef1 \u00e1n x\u00e2y d\u1ef1ng c\u01a1 s\u1edf h\u1ea1 t\u1ea7ng.<\/li>\n<li><strong>K\u1ef9 thu\u1eadt k\u1ebft c\u1ea5u<\/strong>: Thi\u1ebft k\u1ebf v\u00e0 ph\u00e2n t\u00edch k\u1ebft c\u1ea5u c\u00f4ng tr\u00ecnh, \u0111\u1ea3m b\u1ea3o t\u00ednh an to\u00e0n v\u00e0 b\u1ec1n v\u1eefng.<\/li>\n<li><strong>H\u1ec7 th\u1ed1ng c\u01a1 \u0111i\u1ec7n (MEP)<\/strong>: Thi\u1ebft k\u1ebf v\u00e0 qu\u1ea3n l\u00fd h\u1ec7 th\u1ed1ng c\u01a1 \u0111i\u1ec7n, bao g\u1ed3m \u0111i\u1ec7n, n\u01b0\u1edbc, \u0111i\u1ec1u h\u00f2a kh\u00f4ng kh\u00ed v\u00e0 c\u00e1c h\u1ec7 th\u1ed1ng kh\u00e1c.<\/li>\n<\/ul>\n<p>Autodesk Revit 2025 l\u00e0 c\u00f4ng c\u1ee5 kh\u00f4ng th\u1ec3 thi\u1ebfu cho c\u00e1c chuy\u00ean gia trong l\u0129nh v\u1ef1c AEC, gi\u00fap h\u1ecd t\u1ea1o ra c\u00e1c thi\u1ebft k\u1ebf ch\u00ednh x\u00e1c, t\u1ed1i \u01b0u h\u00f3a quy tr\u00ecnh l\u00e0m vi\u1ec7c v\u00e0 qu\u1ea3n l\u00fd d\u1ef1 \u00e1n hi\u1ec7u qu\u1ea3.<\/p>\n<h4><strong>*C\u00e0i \u0111\u1eb7t:<\/strong><\/h4>\n<p>\u2013 \u0110\u1ec3 c\u00e0i \u0111\u1eb7t <strong>AutoCAD LT 2025<\/strong> b\u1ea3n quy\u1ec1n, b\u1ea1n v\u00e0o Download <a href=\"https:\/\/www.autodesk.com\/products\/revit\/trial-intake\"><strong>T\u1ea0I \u0110\u00c2Y<\/strong><\/a><\/p>\n<h4><strong>*Giao h\u00e0ng:<\/strong><\/h4>\n<p>\u2013 M\u00e3 Key s\u1ebd \u0111\u01b0\u1ee3c g\u1eedi v\u00e0o email c\u1ee7a kh\u00e1ch h\u00e0ng <strong>trong v\u00f2ng 5 ph\u00fat<\/strong> sau khi thanh to\u00e1n th\u00e0nh c\u00f4ng.<\/p>\n<h4><strong>*Ho\u00e0n ti\u1ec1n:<\/strong><\/h4>\n<p>\u2013 Ho\u00e0n ti\u1ec1n <strong>100%<\/strong> n\u1ebfu Key l\u1ed7i, kh\u00f4ng ho\u1ea1t \u0111\u1ed9ng.<\/p>\n<p><i>Kh\u00e1ch th\u01b0\u1eddng mua key <strong>Autodesk Revit<\/strong><strong>\u00a02025<\/strong> v\u1edbi <a href=\"https:\/\/banquyen.karogroup.vn\/?product=key-microsoft-office-professional-plus-for-mac\"><strong>AutoCAD 2025 <\/strong><\/a>v\u00e0 <a href=\"https:\/\/banquyen.karogroup.vn\/?product=autodesk-bim-collaborate-pro\"><strong>Adobe Collaborate Pro<\/strong><\/a><\/i><\/p>\n<hr \/>\n<h3><span id=\"Lien_he_mua_key_Windows_11_Pro_ban_quyen_gia_re\"><strong>Li\u00ean h\u1ec7 mua key Autodesk Revit 2025 b\u1ea3n quy\u1ec1n<\/strong><\/span><\/h3>\n<p>\u0110\u1ec3 \u0111\u01b0\u1ee3c h\u1ed7 tr\u1ee3 nhanh h\u01a1n v\u00e0 gi\u00e1 t\u1ed1t h\u01a1n, c\u00e1c b\u1ea1n c\u00f3 th\u1ec3 mua key <strong>AutoCAD LT 2025<\/strong> b\u1eb1ng c\u00e1c g\u1ecdi \u0111i\u1ec7n ho\u1eb7c nh\u1eafc tin qua Zalo <strong>0912502068<\/strong><\/p>\n<h3><strong>B\u1ea3ng gi\u00e1 key Autodesk Revit 2025 <\/strong><span id=\"Bang_gia_mua_key_ban_quyen_Windows_11_Gia_re_Home_Pro_Edu\"><strong>b\u1ea3n quy\u1ec1n (Gi\u00e1 ni\u00eam y\u1ebft C\u1eadp nh\u1eadt th\u00e1ng 7\/2024)<\/strong><\/span><span id=\"Bang_gia_mua_key_ban_quyen_Windows_11_Gia_re_Home_Pro_Edu\"><strong><br \/>\n<\/strong><\/span><\/h3>\n<p><img loading=\"lazy\" class=\"alignnone wp-image-230\" src=\"https:\/\/banquyen.karogroup.vn\/wp-content\/uploads\/2024\/07\/Revit-Price-300x120.jpg\" alt=\"\" width=\"398\" height=\"159\" srcset=\"https:\/\/banquyen.karogroup.vn\/wp-content\/uploads\/2024\/07\/Revit-Price-300x120.jpg 300w, https:\/\/banquyen.karogroup.vn\/wp-content\/uploads\/2024\/07\/Revit-Price-600x239.jpg 600w, https:\/\/banquyen.karogroup.vn\/wp-content\/uploads\/2024\/07\/Revit-Price.jpg 674w\" sizes=\"(max-width: 398px) 100vw, 398px\" \/><\/p>\n<p><strong>L\u01b0u \u00fd:<\/strong><\/p>\n<p><em>\u2013 <strong>LI\u00caN H\u1ec6 \u0110\u1ec2 C\u00d3 GI\u00c1 T\u1ed0T NH\u1ea4T<\/strong><\/em><\/p>\n<p><em>\u2013 Trong qu\u00e1 tr\u00ecnh n\u00e2ng c\u1ea5p, n\u1ebfu c\u00f3 th\u00f4ng b\u00e1o l\u1ed7i th\u00ec vui l\u00f2ng th\u00f4ng b\u00e1o v\u1edbi ch\u00fang t\u00f4i th\u00f4ng qua s\u1ed1 Hotline.<\/em><\/p>\n","protected":false},"excerpt":{"rendered":"<div class=\"QFw9Te BLojaf\">\n<div data-grammarly-part=\"button\">\n<div class=\"amkYk\">\n<div class=\"ptGJG\">B\u1ea5t c\u1ee9 th\u1ee9 g\u00ec b\u1ea1n c\u00f3 th\u1ec3 t\u01b0\u1edfng t\u01b0\u1ee3ng \u0111\u01b0\u1ee3c th\u00ec b\u1ea1n c\u00f3 th\u1ec3 thi\u1ebft k\u1ebf n\u00f3 trong Autodesk Revit<br \/>\nAutodesk Revit cho ph\u00e9p c\u00e1c ki\u1ebfn \u200b\u200btr\u00fac s\u01b0, k\u1ef9 s\u01b0 v\u00e0 chuy\u00ean gia x\u00e2y d\u1ef1ng:<\/div>\n<\/div>\n<\/div>\n<\/div>\n<div class=\"QcsUad BDJ8fb BLojaf sMVRZe hCXDsb wneUed\">\n<h3 class=\"oBOnKe\"><span class=\"jCAhz ChMk0b\" style=\"font-size: 14.4px;\"><span class=\"ryNqvb\">&#8211; M\u00f4 h\u00ecnh h\u00f3a c\u00e1c h\u00ecnh d\u1ea1ng, c\u1ea5u tr\u00fac v\u00e0 h\u1ec7 th\u1ed1ng \u1edf d\u1ea1ng 3D v\u1edbi \u0111\u1ed9 ch\u00ednh x\u00e1c, ch\u00ednh x\u00e1c v\u00e0 d\u1ec5 d\u00e0ng v\u1ec1 m\u1eb7t tham s\u1ed1.<\/span><\/span><\/h3>\n<h3 class=\"oBOnKe\"><span class=\"jCAhz ChMk0b\" style=\"font-size: 14.4px;\"><span class=\"ryNqvb\">&#8211; H\u1ee3p l\u00fd h\u00f3a vi\u1ec7c qu\u1ea3n l\u00fd d\u1ef1 \u00e1n v\u1edbi c\u00e1c b\u1ea3n s\u1eeda \u0111\u1ed5i t\u1ee9c th\u1eddi v\u1ec1 k\u1ebf ho\u1ea1ch, \u0111\u1ed9 cao, l\u1ecbch tr\u00ecnh, ph\u1ea7n, trang t\u00ednh v\u00e0 h\u00ecnh \u1ea3nh 3D.<\/span><\/span><\/h3>\n<h3 class=\"oBOnKe\"><span class=\"jCAhz ChMk0b\" style=\"font-size: 14.4px;\"><span class=\"ryNqvb\">&#8211; \u0110o\u00e0n k\u1ebft c\u00e1c nh\u00f3m d\u1ef1 \u00e1n \u0111a ng\u00e0nh \u0111\u1ec3 \u0111\u1ea1t \u0111\u01b0\u1ee3c hi\u1ec7u qu\u1ea3, s\u1ef1 h\u1ee3p t\u00e1c v\u00e0 t\u00e1c \u0111\u1ed9ng cao h\u01a1n trong v\u0103n ph\u00f2ng ho\u1eb7c t\u1ea1i n\u01a1i l\u00e0m vi\u1ec7c.<\/span><\/span><\/h3>\n<\/div>\n","protected":false},"featured_media":231,"comment_status":"open","ping_status":"closed","template":"","meta":{"_monsterinsights_skip_tracking":false,"_monsterinsights_sitenote_active":false,"_monsterinsights_sitenote_note":"","_monsterinsights_sitenote_category":0},"product_cat":[19],"product_tag":[36,35],"_links":{"self":[{"href":"https:\/\/banquyen.karogroup.vn\/index.php?rest_route=\/wp\/v2\/product\/228"}],"collection":[{"href":"https:\/\/banquyen.karogroup.vn\/index.php?rest_route=\/wp\/v2\/product"}],"about":[{"href":"https:\/\/banquyen.karogroup.vn\/index.php?rest_route=\/wp\/v2\/types\/product"}],"replies":[{"embeddable":true,"href":"https:\/\/banquyen.karogroup.vn\/index.php?rest_route=%2Fwp%2Fv2%2Fcomments&post=228"}],"wp:featuredmedia":[{"embeddable":true,"href":"https:\/\/banquyen.karogroup.vn\/index.php?rest_route=\/wp\/v2\/media\/231"}],"wp:attachment":[{"href":"https:\/\/banquyen.karogroup.vn\/index.php?rest_route=%2Fwp%2Fv2%2Fmedia&parent=228"}],"wp:term":[{"taxonomy":"product_cat","embeddable":true,"href":"https:\/\/banquyen.karogroup.vn\/index.php?rest_route=%2Fwp%2Fv2%2Fproduct_cat&post=228"},{"taxonomy":"product_tag","embeddable":true,"href":"https:\/\/banquyen.karogroup.vn\/index.php?rest_route=%2Fwp%2Fv2%2Fproduct_tag&post=228"}],"curies":[{"name":"wp","href":"https:\/\/api.w.org\/{rel}","templated":true}]}}