{"id":109,"date":"2023-02-21T03:24:25","date_gmt":"2023-02-21T03:24:25","guid":{"rendered":"https:\/\/banquyen.karogroup.vn\/?post_type=product&#038;p=109"},"modified":"2024-07-31T04:13:15","modified_gmt":"2024-07-31T04:13:15","slug":"project-standard-2021","status":"publish","type":"product","link":"https:\/\/banquyen.karogroup.vn\/?product=project-standard-2021","title":{"rendered":"Project Standard 2021 Win All Lng PK Lic Online DwnLd C2R NR"},"content":{"rendered":"<p><strong>Microsoft Project Standard 2021<\/strong> l\u00e0 ph\u1ea7n m\u1ec1m qu\u1ea3n l\u00fd d\u1ef1 \u00e1n c\u1ee7a Microsoft, cung c\u1ea5p c\u00e1c c\u00f4ng c\u1ee5 c\u1ea7n thi\u1ebft \u0111\u1ec3 l\u1eadp k\u1ebf ho\u1ea1ch, qu\u1ea3n l\u00fd v\u00e0 th\u1ef1c hi\u1ec7n c\u00e1c d\u1ef1 \u00e1n m\u1ed9t c\u00e1ch hi\u1ec7u qu\u1ea3. Phi\u00ean b\u1ea3n n\u00e0y h\u1ed7 tr\u1ee3 nhi\u1ec1u ng\u00f4n ng\u1eef v\u00e0 \u0111\u01b0\u1ee3c thi\u1ebft k\u1ebf cho h\u1ec7 \u0111i\u1ec1u h\u00e0nh Windows, ph\u00f9 h\u1ee3p cho c\u00e1c doanh nghi\u1ec7p v\u00e0 chuy\u00ean gia c\u1ea7n qu\u1ea3n l\u00fd d\u1ef1 \u00e1n m\u1ed9t c\u00e1ch chuy\u00ean nghi\u1ec7p.<\/p>\n<h3>C\u00e1c t\u00ednh n\u0103ng ch\u00ednh:<\/h3>\n<ol>\n<li><strong>L\u1eadp k\u1ebf ho\u1ea1ch d\u1ef1 \u00e1n:<\/strong> Cung c\u1ea5p c\u00e1c c\u00f4ng c\u1ee5 m\u1ea1nh m\u1ebd \u0111\u1ec3 t\u1ea1o v\u00e0 qu\u1ea3n l\u00fd k\u1ebf ho\u1ea1ch d\u1ef1 \u00e1n, bao g\u1ed3m vi\u1ec7c x\u00e1c \u0111\u1ecbnh nhi\u1ec7m v\u1ee5, ph\u00e2n c\u00f4ng c\u00f4ng vi\u1ec7c, v\u00e0 thi\u1ebft l\u1eadp th\u1eddi gian ho\u00e0n th\u00e0nh.<\/li>\n<li><strong>Bi\u1ec3u \u0111\u1ed3 Gantt:<\/strong> D\u1ec5 d\u00e0ng t\u1ea1o v\u00e0 theo d\u00f5i bi\u1ec3u \u0111\u1ed3 Gantt, gi\u00fap b\u1ea1n qu\u1ea3n l\u00fd ti\u1ebfn \u0111\u1ed9 v\u00e0 th\u1eddi gian c\u1ee7a c\u00e1c nhi\u1ec7m v\u1ee5 trong d\u1ef1 \u00e1n.<\/li>\n<li><strong>Qu\u1ea3n l\u00fd t\u00e0i nguy\u00ean:<\/strong> Theo d\u00f5i v\u00e0 qu\u1ea3n l\u00fd t\u00e0i nguy\u00ean c\u1ee7a d\u1ef1 \u00e1n, bao g\u1ed3m nh\u00e2n l\u1ef1c, v\u1eadt li\u1ec7u, v\u00e0 chi ph\u00ed, gi\u00fap \u0111\u1ea3m b\u1ea3o s\u1eed d\u1ee5ng hi\u1ec7u qu\u1ea3 v\u00e0 tr\u00e1nh l\u00e3ng ph\u00ed.<\/li>\n<li><strong>B\u00e1o c\u00e1o d\u1ef1 \u00e1n:<\/strong> T\u1ea1o c\u00e1c b\u00e1o c\u00e1o chi ti\u1ebft v\u1ec1 ti\u1ebfn \u0111\u1ed9, hi\u1ec7u qu\u1ea3, v\u00e0 t\u00e0i nguy\u00ean c\u1ee7a d\u1ef1 \u00e1n, gi\u00fap b\u1ea1n d\u1ec5 d\u00e0ng theo d\u00f5i v\u00e0 \u0111\u00e1nh gi\u00e1 t\u00ecnh h\u00ecnh d\u1ef1 \u00e1n.<\/li>\n<li><strong>T\u00edch h\u1ee3p v\u1edbi Office:<\/strong> D\u1ec5 d\u00e0ng t\u00edch h\u1ee3p v\u1edbi c\u00e1c \u1ee9ng d\u1ee5ng kh\u00e1c c\u1ee7a Microsoft Office, gi\u00fap b\u1ea1n t\u1ed1i \u01b0u h\u00f3a quy tr\u00ecnh l\u00e0m vi\u1ec7c v\u00e0 qu\u1ea3n l\u00fd d\u1ef1 \u00e1n m\u1ed9t c\u00e1ch hi\u1ec7u qu\u1ea3.<\/li>\n<\/ol>\n<h3>\u0110\u1eb7c \u0111i\u1ec3m n\u1ed5i b\u1eadt:<\/h3>\n<ul>\n<li><strong>B\u1ea3n quy\u1ec1n v\u0129nh vi\u1ec5n:<\/strong> Mua m\u1ed9t l\u1ea7n v\u00e0 s\u1eed d\u1ee5ng m\u00e3i m\u00e3i m\u00e0 kh\u00f4ng c\u1ea7n gia h\u1ea1n.<\/li>\n<li><strong>T\u1ea3i xu\u1ed1ng tr\u1ef1c tuy\u1ebfn:<\/strong> D\u1ec5 d\u00e0ng t\u1ea3i v\u00e0 c\u00e0i \u0111\u1eb7t tr\u1ef1c ti\u1ebfp t\u1eeb internet, ti\u1ebft ki\u1ec7m th\u1eddi gian v\u00e0 c\u00f4ng s\u1ee9c.<\/li>\n<li><strong>Kh\u00f4ng y\u00eau c\u1ea7u \u0111\u0129a v\u1eadt l\u00fd:<\/strong> Ho\u00e0n to\u00e0n kh\u00f4ng c\u1ea7n \u0111\u0129a c\u00e0i \u0111\u1eb7t, gi\u00fap b\u1ea3o v\u1ec7 m\u00f4i tr\u01b0\u1eddng v\u00e0 ti\u1ec7n l\u1ee3i trong vi\u1ec7c s\u1eed d\u1ee5ng.<\/li>\n<li><strong>H\u1ed7 tr\u1ee3 \u0111a ng\u00f4n ng\u1eef:<\/strong> Ph\u00f9 h\u1ee3p v\u1edbi nhi\u1ec1u ng\u00f4n ng\u1eef, th\u00edch h\u1ee3p cho m\u00f4i tr\u01b0\u1eddng l\u00e0m vi\u1ec7c qu\u1ed1c t\u1ebf.<\/li>\n<li><strong>Giao di\u1ec7n th\u00e2n thi\u1ec7n:<\/strong> Giao di\u1ec7n ng\u01b0\u1eddi d\u00f9ng tr\u1ef1c quan v\u00e0 d\u1ec5 s\u1eed d\u1ee5ng, gi\u00fap ng\u01b0\u1eddi d\u00f9ng m\u1edbi d\u1ec5 d\u00e0ng l\u00e0m quen.<\/li>\n<\/ul>\n<h3>Y\u00eau c\u1ea7u h\u1ec7 th\u1ed1ng:<\/h3>\n<ul>\n<li>H\u1ec7 \u0111i\u1ec1u h\u00e0nh: Windows 10 ho\u1eb7c Windows 11<\/li>\n<li>B\u1ed9 x\u1eed l\u00fd: 1.6 GHz ho\u1eb7c nhanh h\u01a1n, 2 l\u00f5i<\/li>\n<li>RAM: 4 GB tr\u1edf l\u00ean<\/li>\n<li>Dung l\u01b0\u1ee3ng \u1ed5 c\u1ee9ng: 4 GB kh\u00f4ng gian tr\u1ed1ng<\/li>\n<li>\u0110\u1ed9 ph\u00e2n gi\u1ea3i m\u00e0n h\u00ecnh: 1280 x 768 tr\u1edf l\u00ean<\/li>\n<\/ul>\n<p><strong>Microsoft Project Standard 2021<\/strong> l\u00e0 c\u00f4ng c\u1ee5 qu\u1ea3n l\u00fd d\u1ef1 \u00e1n l\u00fd t\u01b0\u1edfng cho c\u00e1c doanh nghi\u1ec7p v\u00e0 chuy\u00ean gia. V\u1edbi c\u00e1c t\u00ednh n\u0103ng m\u1ea1nh m\u1ebd v\u00e0 h\u1ed7 tr\u1ee3 \u0111a ng\u00f4n ng\u1eef, s\u1ea3n ph\u1ea9m n\u00e0y s\u1ebd gi\u00fap b\u1ea1n l\u1eadp k\u1ebf ho\u1ea1ch, qu\u1ea3n l\u00fd v\u00e0 th\u1ef1c hi\u1ec7n c\u00e1c d\u1ef1 \u00e1n m\u1ed9t c\u00e1ch hi\u1ec7u qu\u1ea3 v\u00e0 chuy\u00ean nghi\u1ec7p, \u0111\u00e1p \u1ee9ng m\u1ecdi nhu c\u1ea7u c\u00f4ng vi\u1ec7c c\u1ee7a b\u1ea1n.<\/p>\n","protected":false},"excerpt":{"rendered":"<p><strong>Microsoft Project Standard 2021<\/strong> l\u00e0 ph\u1ea7n m\u1ec1m qu\u1ea3n l\u00fd d\u1ef1 \u00e1n c\u1ee7a Microsoft, cung c\u1ea5p c\u00e1c c\u00f4ng c\u1ee5 c\u1ea7n thi\u1ebft \u0111\u1ec3 l\u1eadp k\u1ebf ho\u1ea1ch, qu\u1ea3n l\u00fd v\u00e0 th\u1ef1c hi\u1ec7n c\u00e1c d\u1ef1 \u00e1n m\u1ed9t c\u00e1ch hi\u1ec7u qu\u1ea3. Phi\u00ean b\u1ea3n n\u00e0y h\u1ed7 tr\u1ee3 nhi\u1ec1u ng\u00f4n ng\u1eef v\u00e0 \u0111\u01b0\u1ee3c thi\u1ebft k\u1ebf cho h\u1ec7 \u0111i\u1ec1u h\u00e0nh Windows, ph\u00f9 h\u1ee3p cho c\u00e1c doanh nghi\u1ec7p v\u00e0 chuy\u00ean gia c\u1ea7n qu\u1ea3n l\u00fd d\u1ef1 \u00e1n m\u1ed9t c\u00e1ch chuy\u00ean nghi\u1ec7p.<\/p>\n","protected":false},"featured_media":342,"comment_status":"open","ping_status":"closed","template":"","meta":{"_monsterinsights_skip_tracking":false,"_monsterinsights_sitenote_active":false,"_monsterinsights_sitenote_note":"","_monsterinsights_sitenote_category":0},"product_cat":[18],"product_tag":[],"_links":{"self":[{"href":"https:\/\/banquyen.karogroup.vn\/index.php?rest_route=\/wp\/v2\/product\/109"}],"collection":[{"href":"https:\/\/banquyen.karogroup.vn\/index.php?rest_route=\/wp\/v2\/product"}],"about":[{"href":"https:\/\/banquyen.karogroup.vn\/index.php?rest_route=\/wp\/v2\/types\/product"}],"replies":[{"embeddable":true,"href":"https:\/\/banquyen.karogroup.vn\/index.php?rest_route=%2Fwp%2Fv2%2Fcomments&post=109"}],"wp:featuredmedia":[{"embeddable":true,"href":"https:\/\/banquyen.karogroup.vn\/index.php?rest_route=\/wp\/v2\/media\/342"}],"wp:attachment":[{"href":"https:\/\/banquyen.karogroup.vn\/index.php?rest_route=%2Fwp%2Fv2%2Fmedia&parent=109"}],"wp:term":[{"taxonomy":"product_cat","embeddable":true,"href":"https:\/\/banquyen.karogroup.vn\/index.php?rest_route=%2Fwp%2Fv2%2Fproduct_cat&post=109"},{"taxonomy":"product_tag","embeddable":true,"href":"https:\/\/banquyen.karogroup.vn\/index.php?rest_route=%2Fwp%2Fv2%2Fproduct_tag&post=109"}],"curies":[{"name":"wp","href":"https:\/\/api.w.org\/{rel}","templated":true}]}}