{"id":108,"date":"2023-02-21T03:22:29","date_gmt":"2023-02-21T03:22:29","guid":{"rendered":"https:\/\/banquyen.karogroup.vn\/?post_type=product&#038;p=108"},"modified":"2024-07-31T04:12:59","modified_gmt":"2024-07-31T04:12:59","slug":"key-microsoft-office-professional-plus-2020","status":"publish","type":"product","link":"https:\/\/banquyen.karogroup.vn\/?product=key-microsoft-office-professional-plus-2020","title":{"rendered":"Microsoft365 Bus Prem Retail All Lng APAC EM SubPKL 1YR"},"content":{"rendered":"<p>Microsoft 365 Business Standard l\u00e0 gi\u1ea3i ph\u00e1p to\u00e0n di\u1ec7n \u0111\u01b0\u1ee3c thi\u1ebft k\u1ebf \u0111\u1ec3 n\u00e2ng cao n\u0103ng su\u1ea5t v\u00e0 kh\u1ea3 n\u0103ng c\u1ed9ng t\u00e1c cho c\u00e1c doanh nghi\u1ec7p. N\u00f3 k\u1ebft h\u1ee3p c\u00e1c \u1ee9ng d\u1ee5ng Office t\u1ed1t nh\u1ea5t v\u1edbi c\u00e1c d\u1ecbch v\u1ee5 \u0111\u00e1m m\u00e2y m\u1ea1nh m\u1ebd, qu\u1ea3n l\u00fd thi\u1ebft b\u1ecb v\u00e0 b\u1ea3o m\u1eadt ti\u00ean ti\u1ebfn \u0111\u1ec3 gi\u00fap doanh nghi\u1ec7p ho\u1ea1t \u0111\u1ed9ng hi\u1ec7u qu\u1ea3 v\u00e0 an to\u00e0n h\u01a1n.<\/p>\n<p><strong>T\u00ednh n\u0103ng ch\u00ednh:<\/strong><\/p>\n<ol>\n<li><strong>\u1ee8ng d\u1ee5ng Office:<\/strong>\n<ul>\n<li>Truy c\u1eadp v\u00e0o c\u00e1c phi\u00ean b\u1ea3n m\u1edbi nh\u1ea5t c\u1ee7a Microsoft Word, Excel, PowerPoint, Outlook, Publisher (ch\u1ec9 d\u00e0nh cho PC) v\u00e0 Access (ch\u1ec9 d\u00e0nh cho PC).<\/li>\n<li>C\u00e0i \u0111\u1eb7t tr\u00ean t\u1ed1i \u0111a 5 PC ho\u1eb7c Mac, 5 m\u00e1y t\u00ednh b\u1ea3ng v\u00e0 5 thi\u1ebft b\u1ecb di \u0111\u1ed9ng cho m\u1ed7i ng\u01b0\u1eddi d\u00f9ng.<\/li>\n<\/ul>\n<\/li>\n<li><strong>Email v\u00e0 L\u1ecbch:<\/strong>\n<ul>\n<li>Email chuy\u00ean nghi\u1ec7p v\u1edbi h\u1ed9p th\u01b0 50GB cho m\u1ed7i ng\u01b0\u1eddi d\u00f9ng.<\/li>\n<li>\u0110\u1ecba ch\u1ec9 email theo t\u00ean mi\u1ec1n t\u00f9y ch\u1ec9nh.<\/li>\n<li>L\u1ecbch chia s\u1ebb v\u00e0 l\u00ean l\u1ecbch qua Outlook.<\/li>\n<\/ul>\n<\/li>\n<li><strong>L\u01b0u tr\u1eef \u0111\u00e1m m\u00e2y:<\/strong>\n<ul>\n<li>1TB dung l\u01b0\u1ee3ng OneDrive cho m\u1ed7i ng\u01b0\u1eddi d\u00f9ng.<\/li>\n<li>L\u01b0u tr\u1eef, truy c\u1eadp v\u00e0 chia s\u1ebb t\u1ec7p tin an to\u00e0n t\u1eeb b\u1ea5t c\u1ee9 \u0111\u00e2u.<\/li>\n<li>\u0110\u1ed3ng t\u00e1c gi\u1ea3 t\u00e0i li\u1ec7u theo th\u1eddi gian th\u1ef1c v\u1edbi \u0111\u1ed3ng nghi\u1ec7p.<\/li>\n<\/ul>\n<\/li>\n<li><strong>C\u00f4ng c\u1ee5 C\u1ed9ng t\u00e1c:<\/strong>\n<ul>\n<li>Microsoft Teams cho nh\u1eafn tin t\u1ee9c th\u1eddi, h\u1ed9i ngh\u1ecb video v\u00e0 c\u1ed9ng t\u00e1c nh\u00f3m.<\/li>\n<li>T\u1ed5 ch\u1ee9c c\u00e1c cu\u1ed9c h\u1ecdp tr\u1ef1c tuy\u1ebfn, tr\u00f2 chuy\u1ec7n v\u1edbi \u0111\u1ed3ng nghi\u1ec7p v\u00e0 chia s\u1ebb t\u1ec7p tin m\u1ed9t c\u00e1ch li\u1ec1n m\u1ea1ch.<\/li>\n<\/ul>\n<\/li>\n<li><strong>\u1ee8ng d\u1ee5ng Kinh doanh:<\/strong>\n<ul>\n<li>Microsoft Bookings \u0111\u1ec3 l\u00ean l\u1ecbch v\u00e0 qu\u1ea3n l\u00fd c\u00e1c cu\u1ed9c h\u1eb9n.<\/li>\n<li>Microsoft Planner \u0111\u1ec3 qu\u1ea3n l\u00fd c\u00f4ng vi\u1ec7c v\u00e0 l\u1eadp k\u1ebf ho\u1ea1ch nh\u00f3m.<\/li>\n<li>Microsoft Forms \u0111\u1ec3 t\u1ea1o kh\u1ea3o s\u00e1t, b\u00e0i ki\u1ec3m tra v\u00e0 th\u0103m d\u00f2 \u00fd ki\u1ebfn.<\/li>\n<\/ul>\n<\/li>\n<li><strong>B\u1ea3o m\u1eadt ti\u00ean ti\u1ebfn:<\/strong>\n<ul>\n<li>B\u1ea3o v\u1ec7 ch\u1ed1ng l\u1ea1i ph\u1ea7n m\u1ec1m \u0111\u1ed9c h\u1ea1i, l\u1eeba \u0111\u1ea3o v\u00e0 c\u00e1c m\u1ed1i \u0111e d\u1ecda kh\u00e1c v\u1edbi Office 365 Advanced Threat Protection.<\/li>\n<li>Kh\u1ea3 n\u0103ng qu\u1ea3n l\u00fd thi\u1ebft b\u1ecb \u0111\u1ec3 b\u1ea3o v\u1ec7 d\u1eef li\u1ec7u c\u00f4ng ty tr\u00ean c\u00e1c thi\u1ebft b\u1ecb.<\/li>\n<li>Ch\u00ednh s\u00e1ch ng\u0103n ng\u1eeba m\u1ea5t d\u1eef li\u1ec7u v\u00e0 b\u1ea3o v\u1ec7 th\u00f4ng tin.<\/li>\n<\/ul>\n<\/li>\n<li><strong>C\u00f4ng c\u1ee5 Qu\u1ea3n l\u00fd Kinh doanh:<\/strong>\n<ul>\n<li>C\u00e1c c\u00f4ng c\u1ee5 qu\u1ea3n l\u00fd quan h\u1ec7 kh\u00e1ch h\u00e0ng, l\u1eadp h\u00f3a \u0111\u01a1n v\u00e0 qu\u1ea3n l\u00fd d\u1ef1 \u00e1n.<\/li>\n<li>T\u00edch h\u1ee3p v\u1edbi c\u00e1c \u1ee9ng d\u1ee5ng v\u00e0 d\u1ecbch v\u1ee5 kinh doanh ph\u1ed5 bi\u1ebfn.<\/li>\n<\/ul>\n<\/li>\n<\/ol>\n<p><strong>\u0110\u0103ng k\u00fd v\u00e0 Gi\u1ea5y ph\u00e9p:<\/strong><\/p>\n<ul>\n<li>\u0110\u0103ng k\u00fd m\u1ed9t n\u0103m.<\/li>\n<li>Bao g\u1ed3m t\u1ea5t c\u1ea3 c\u00e1c ng\u00f4n ng\u1eef, l\u00fd t\u01b0\u1edfng cho c\u00e1c doanh nghi\u1ec7p to\u00e0n c\u1ea7u.<\/li>\n<li>Phi\u00ean b\u1ea3n b\u00e1n l\u1ebb v\u1edbi c\u00e0i \u0111\u1eb7t v\u00e0 k\u00edch ho\u1ea1t d\u1ec5 d\u00e0ng.<\/li>\n<\/ul>\n<p><strong>L\u1ee3i \u00edch:<\/strong><\/p>\n<ul>\n<li>N\u00e2ng cao n\u0103ng su\u1ea5t v\u1edbi c\u00e1c \u1ee9ng d\u1ee5ng Office lu\u00f4n \u0111\u01b0\u1ee3c c\u1eadp nh\u1eadt.<\/li>\n<li>T\u1ea1o \u0111i\u1ec1u ki\u1ec7n c\u1ed9ng t\u00e1c v\u00e0 giao ti\u1ebfp li\u1ec1n m\u1ea1ch trong nh\u00f3m.<\/li>\n<li>\u0110\u1ea3m b\u1ea3o li\u00ean t\u1ee5c kinh doanh v\u1edbi c\u00e1c c\u00f4ng c\u1ee5 b\u1ea3o m\u1eadt v\u00e0 tu\u00e2n th\u1ee7 m\u1ea1nh m\u1ebd.<\/li>\n<li>Linh ho\u1ea1t l\u00e0m vi\u1ec7c t\u1eeb b\u1ea5t c\u1ee9 \u0111\u00e2u v\u1edbi truy c\u1eadp v\u00e0o c\u00e1c d\u1ecbch v\u1ee5 \u0111\u00e1m m\u00e2y.<\/li>\n<\/ul>\n<p><strong>L\u00fd t\u01b0\u1edfng cho:<\/strong><\/p>\n<ul>\n<li>Doanh nghi\u1ec7p nh\u1ecf v\u00e0 v\u1eeba \u0111ang t\u00ecm ki\u1ebfm gi\u1ea3i ph\u00e1p to\u00e0n di\u1ec7n, t\u1ea5t c\u1ea3 trong m\u1ed9t cho n\u0103ng su\u1ea5t, c\u1ed9ng t\u00e1c v\u00e0 b\u1ea3o m\u1eadt.<\/li>\n<li>T\u1ed5 ch\u1ee9c v\u1edbi l\u1ef1c l\u01b0\u1ee3ng lao \u0111\u1ed9ng \u0111a d\u1ea1ng, \u0111a ng\u00f4n ng\u1eef c\u1ea7n c\u00e1c c\u00f4ng c\u1ee5 h\u1ed7 tr\u1ee3 nhi\u1ec1u ng\u00f4n ng\u1eef.<\/li>\n<\/ul>\n<p>V\u1edbi Microsoft 365 Business Standard, c\u00e1c doanh nghi\u1ec7p c\u00f3 th\u1ec3 tinh g\u1ecdn ho\u1ea1t \u0111\u1ed9ng, c\u1ea3i thi\u1ec7n n\u0103ng su\u1ea5t v\u00e0 duy tr\u00ec an to\u00e0n trong m\u00f4i tr\u01b0\u1eddng s\u1ed1 lu\u00f4n thay \u0111\u1ed5i.<\/p>\n<p><img loading=\"lazy\" class=\"alignnone wp-image-304\" src=\"https:\/\/banquyen.karogroup.vn\/wp-content\/uploads\/2023\/02\/MS365_business-premium-1-300x148.png\" alt=\"\" width=\"578\" height=\"285\" srcset=\"https:\/\/banquyen.karogroup.vn\/wp-content\/uploads\/2023\/02\/MS365_business-premium-1-300x148.png 300w, https:\/\/banquyen.karogroup.vn\/wp-content\/uploads\/2023\/02\/MS365_business-premium-1-768x379.png 768w, https:\/\/banquyen.karogroup.vn\/wp-content\/uploads\/2023\/02\/MS365_business-premium-1-600x296.png 600w, https:\/\/banquyen.karogroup.vn\/wp-content\/uploads\/2023\/02\/MS365_business-premium-1.png 949w\" sizes=\"(max-width: 578px) 100vw, 578px\" \/><\/p>\n","protected":false},"excerpt":{"rendered":"<p>\u1ee8ng d\u1ee5ng Word, Excel, PowerPoint, Outlook, OneNote, Microsoft Teams, 1TB OneDrive for Business cloud storage to back up files, nhi\u1ec1u \u1ee9ng d\u1ee5ng kh\u00e1c \u0111\u01b0\u1ee3c c\u00e0i \u0111\u1eb7t \u0111\u1ea7y \u0111\u1ee7.<\/p>\n","protected":false},"featured_media":328,"comment_status":"open","ping_status":"closed","template":"","meta":{"_monsterinsights_skip_tracking":false,"_monsterinsights_sitenote_active":false,"_monsterinsights_sitenote_note":"","_monsterinsights_sitenote_category":0},"product_cat":[18],"product_tag":[],"_links":{"self":[{"href":"https:\/\/banquyen.karogroup.vn\/index.php?rest_route=\/wp\/v2\/product\/108"}],"collection":[{"href":"https:\/\/banquyen.karogroup.vn\/index.php?rest_route=\/wp\/v2\/product"}],"about":[{"href":"https:\/\/banquyen.karogroup.vn\/index.php?rest_route=\/wp\/v2\/types\/product"}],"replies":[{"embeddable":true,"href":"https:\/\/banquyen.karogroup.vn\/index.php?rest_route=%2Fwp%2Fv2%2Fcomments&post=108"}],"wp:featuredmedia":[{"embeddable":true,"href":"https:\/\/banquyen.karogroup.vn\/index.php?rest_route=\/wp\/v2\/media\/328"}],"wp:attachment":[{"href":"https:\/\/banquyen.karogroup.vn\/index.php?rest_route=%2Fwp%2Fv2%2Fmedia&parent=108"}],"wp:term":[{"taxonomy":"product_cat","embeddable":true,"href":"https:\/\/banquyen.karogroup.vn\/index.php?rest_route=%2Fwp%2Fv2%2Fproduct_cat&post=108"},{"taxonomy":"product_tag","embeddable":true,"href":"https:\/\/banquyen.karogroup.vn\/index.php?rest_route=%2Fwp%2Fv2%2Fproduct_tag&post=108"}],"curies":[{"name":"wp","href":"https:\/\/api.w.org\/{rel}","templated":true}]}}