{"id":106,"date":"2023-02-21T03:21:32","date_gmt":"2023-02-21T03:21:32","guid":{"rendered":"https:\/\/banquyen.karogroup.vn\/?post_type=product&#038;p=106"},"modified":"2024-07-30T15:57:40","modified_gmt":"2024-07-30T15:57:40","slug":"key-microsoft-office-professional-plus-for-mac","status":"publish","type":"product","link":"https:\/\/banquyen.karogroup.vn\/?product=key-microsoft-office-professional-plus-for-mac","title":{"rendered":"Autodesk AutoCAD"},"content":{"rendered":"<p><strong>AutoCAD 2025<\/strong> l\u00e0 phi\u00ean b\u1ea3n m\u1edbi nh\u1ea5t c\u1ee7a ph\u1ea7n m\u1ec1m thi\u1ebft k\u1ebf CAD (Computer-Aided Design) h\u00e0ng \u0111\u1ea7u c\u1ee7a Autodesk, d\u00e0nh cho vi\u1ec7c t\u1ea1o, ch\u1ec9nh s\u1eeda v\u00e0 qu\u1ea3n l\u00fd c\u00e1c b\u1ea3n v\u1ebd k\u1ef9 thu\u1eadt 2D v\u00e0 3D. AutoCAD 2025 cung c\u1ea5p m\u1ed9t lo\u1ea1t c\u00e1c t\u00ednh n\u0103ng m\u1ea1nh m\u1ebd v\u00e0 linh ho\u1ea1t, \u0111\u00e1p \u1ee9ng nhu c\u1ea7u c\u1ee7a c\u00e1c k\u1ef9 s\u01b0, ki\u1ebfn tr\u00fac s\u01b0, nh\u00e0 thi\u1ebft k\u1ebf v\u00e0 c\u00e1c chuy\u00ean gia k\u1ef9 thu\u1eadt kh\u00e1c.<\/p>\n<h4>T\u00ednh n\u0103ng n\u1ed5i b\u1eadt:<\/h4>\n<ol>\n<li><strong>Thi\u1ebft k\u1ebf 2D v\u00e0 3D to\u00e0n di\u1ec7n<\/strong>: Cung c\u1ea5p c\u00e1c c\u00f4ng c\u1ee5 m\u1ea1nh m\u1ebd \u0111\u1ec3 t\u1ea1o ra c\u00e1c b\u1ea3n v\u1ebd 2D chi ti\u1ebft c\u0169ng nh\u01b0 m\u00f4 h\u00ecnh 3D ph\u1ee9c t\u1ea1p, gi\u00fap ng\u01b0\u1eddi d\u00f9ng h\u00ecnh dung v\u00e0 ph\u00e1t tri\u1ec3n \u00fd t\u01b0\u1edfng thi\u1ebft k\u1ebf m\u1ed9t c\u00e1ch to\u00e0n di\u1ec7n.<\/li>\n<li><strong>Giao di\u1ec7n ng\u01b0\u1eddi d\u00f9ng hi\u1ec7n \u0111\u1ea1i<\/strong>: Giao di\u1ec7n ng\u01b0\u1eddi d\u00f9ng \u0111\u01b0\u1ee3c c\u1ea3i ti\u1ebfn v\u1edbi c\u00e1c c\u00f4ng c\u1ee5 tr\u1ef1c quan, d\u1ec5 s\u1eed d\u1ee5ng, gi\u00fap t\u1ed1i \u01b0u h\u00f3a qu\u00e1 tr\u00ecnh l\u00e0m vi\u1ec7c v\u00e0 gi\u1ea3m th\u1eddi gian h\u1ecdc t\u1eadp ph\u1ea7n m\u1ec1m.<\/li>\n<li><strong>C\u00f4ng c\u1ee5 v\u1ebd v\u00e0 ch\u1ec9nh s\u1eeda n\u00e2ng cao<\/strong>: Bao g\u1ed3m c\u00e1c c\u00f4ng c\u1ee5 t\u1ea1o h\u00ecnh h\u1ecdc ch\u00ednh x\u00e1c, ch\u1ec9nh s\u1eeda \u0111\u1ed1i t\u01b0\u1ee3ng linh ho\u1ea1t, v\u00e0 kh\u1ea3 n\u0103ng t\u1ea1o c\u00e1c ki\u1ec3u d\u00e1ng, b\u1ed1 c\u1ee5c ph\u1ee9c t\u1ea1p.<\/li>\n<li><strong>T\u00edch h\u1ee3p \u0111\u00e1m m\u00e2y v\u00e0 c\u1ed9ng t\u00e1c<\/strong>: T\u00ednh n\u0103ng c\u1ed9ng t\u00e1c qua \u0111\u00e1m m\u00e2y gi\u00fap ng\u01b0\u1eddi d\u00f9ng d\u1ec5 d\u00e0ng chia s\u1ebb b\u1ea3n v\u1ebd v\u00e0 l\u00e0m vi\u1ec7c c\u00f9ng nhau tr\u00ean c\u00e1c d\u1ef1 \u00e1n, \u0111\u1ed3ng b\u1ed9 h\u00f3a d\u1eef li\u1ec7u nhanh ch\u00f3ng v\u00e0 an to\u00e0n.<\/li>\n<li><strong>T\u0103ng c\u01b0\u1eddng hi\u1ec7u su\u1ea5t v\u00e0 \u0111\u1ed9 \u1ed5n \u0111\u1ecbnh<\/strong>: C\u1ea3i thi\u1ec7n hi\u1ec7u su\u1ea5t x\u1eed l\u00fd, gi\u1ea3m thi\u1ec3u th\u1eddi gian ch\u1edd \u0111\u1ee3i, v\u00e0 \u0111\u1ea3m b\u1ea3o t\u00ednh \u1ed5n \u0111\u1ecbnh cao trong su\u1ed1t qu\u00e1 tr\u00ecnh l\u00e0m vi\u1ec7c, ngay c\u1ea3 v\u1edbi c\u00e1c b\u1ea3n v\u1ebd ph\u1ee9c t\u1ea1p v\u00e0 dung l\u01b0\u1ee3ng l\u1edbn.<\/li>\n<li><strong>T\u00f9y bi\u1ebfn v\u00e0 t\u1ef1 \u0111\u1ed9ng h\u00f3a<\/strong>: H\u1ed7 tr\u1ee3 t\u1ea1o v\u00e0 s\u1eed d\u1ee5ng c\u00e1c l\u1ec7nh t\u00f9y ch\u1ec9nh, t\u00edch h\u1ee3p c\u00e1c plugin v\u00e0 API \u0111\u1ec3 t\u1ef1 \u0111\u1ed9ng h\u00f3a c\u00e1c quy tr\u00ecnh c\u00f4ng vi\u1ec7c, t\u0103ng c\u01b0\u1eddng hi\u1ec7u qu\u1ea3 v\u00e0 ti\u1ebft ki\u1ec7m th\u1eddi gian.<\/li>\n<li><strong>Qu\u1ea3n l\u00fd d\u1eef li\u1ec7u m\u1ea1nh m\u1ebd<\/strong>: C\u00e1c c\u00f4ng c\u1ee5 qu\u1ea3n l\u00fd d\u1eef li\u1ec7u gi\u00fap ng\u01b0\u1eddi d\u00f9ng d\u1ec5 d\u00e0ng t\u1ed5 ch\u1ee9c, l\u01b0u tr\u1eef v\u00e0 truy xu\u1ea5t c\u00e1c b\u1ea3n v\u1ebd v\u00e0 t\u00e0i li\u1ec7u li\u00ean quan m\u1ed9t c\u00e1ch hi\u1ec7u qu\u1ea3.<\/li>\n<li><strong>T\u00ednh n\u0103ng th\u1ef1c t\u1ebf \u1ea3o (VR) v\u00e0 th\u1ef1c t\u1ebf t\u0103ng c\u01b0\u1eddng (AR)<\/strong>: H\u1ed7 tr\u1ee3 xem v\u00e0 ch\u1ec9nh s\u1eeda c\u00e1c m\u00f4 h\u00ecnh 3D trong m\u00f4i tr\u01b0\u1eddng th\u1ef1c t\u1ebf \u1ea3o v\u00e0 th\u1ef1c t\u1ebf t\u0103ng c\u01b0\u1eddng, gi\u00fap c\u1ea3i thi\u1ec7n qu\u00e1 tr\u00ecnh thi\u1ebft k\u1ebf v\u00e0 \u0111\u00e1nh gi\u00e1 d\u1ef1 \u00e1n.<\/li>\n<li><strong>H\u1ed7 tr\u1ee3 \u0111a n\u1ec1n t\u1ea3ng<\/strong>: C\u00f3 th\u1ec3 s\u1eed d\u1ee5ng tr\u00ean nhi\u1ec1u n\u1ec1n t\u1ea3ng kh\u00e1c nhau bao g\u1ed3m Windows, macOS, v\u00e0 c\u00e1c thi\u1ebft b\u1ecb di \u0111\u1ed9ng, gi\u00fap ng\u01b0\u1eddi d\u00f9ng l\u00e0m vi\u1ec7c m\u1ecdi l\u00fac, m\u1ecdi n\u01a1i.<\/li>\n<\/ol>\n<h4>\u1ee8ng d\u1ee5ng:<\/h4>\n<ul>\n<li><strong>Ki\u1ebfn tr\u00fac<\/strong>: Thi\u1ebft k\u1ebf v\u00e0 l\u1eadp k\u1ebf ho\u1ea1ch c\u00e1c c\u00f4ng tr\u00ecnh ki\u1ebfn tr\u00fac, n\u1ed9i th\u1ea5t v\u00e0 c\u1ea3nh quan.<\/li>\n<li><strong>K\u1ef9 thu\u1eadt x\u00e2y d\u1ef1ng<\/strong>: Thi\u1ebft k\u1ebf v\u00e0 l\u1eadp k\u1ebf ho\u1ea1ch c\u00e1c d\u1ef1 \u00e1n x\u00e2y d\u1ef1ng c\u01a1 s\u1edf h\u1ea1 t\u1ea7ng nh\u01b0 c\u1ea7u \u0111\u01b0\u1eddng, nh\u00e0 m\u00e1y v\u00e0 khu d\u00e2n c\u01b0.<\/li>\n<li><strong>C\u01a1 kh\u00ed<\/strong>: T\u1ea1o c\u00e1c b\u1ea3n v\u1ebd chi ti\u1ebft m\u00e1y m\u00f3c, thi\u1ebft b\u1ecb v\u00e0 h\u1ec7 th\u1ed1ng c\u01a1 kh\u00ed.<\/li>\n<li><strong>Thi\u1ebft k\u1ebf s\u1ea3n ph\u1ea9m<\/strong>: Ph\u00e1t tri\u1ec3n c\u00e1c s\u1ea3n ph\u1ea9m c\u00f4ng nghi\u1ec7p v\u00e0 ti\u00eau d\u00f9ng v\u1edbi c\u00e1c m\u00f4 h\u00ecnh 3D chi ti\u1ebft.<\/li>\n<\/ul>\n<p><strong>AutoCAD 2025<\/strong> l\u00e0 c\u00f4ng c\u1ee5 kh\u00f4ng th\u1ec3 thi\u1ebfu cho c\u00e1c chuy\u00ean gia thi\u1ebft k\u1ebf v\u00e0 k\u1ef9 thu\u1eadt, gi\u00fap h\u1ecd hi\u1ec7n th\u1ef1c h\u00f3a c\u00e1c \u00fd t\u01b0\u1edfng s\u00e1ng t\u1ea1o, n\u00e2ng cao hi\u1ec7u su\u1ea5t c\u00f4ng vi\u1ec7c v\u00e0 t\u1ea1o ra c\u00e1c s\u1ea3n ph\u1ea9m ch\u1ea5t l\u01b0\u1ee3ng cao.<\/p>\n<h4><strong>*C\u00e0i \u0111\u1eb7t:<\/strong><\/h4>\n<p>\u2013 \u0110\u1ec3 c\u00e0i \u0111\u1eb7t <strong>AutoCAD 2025<\/strong> b\u1ea3n quy\u1ec1n, b\u1ea1n v\u00e0o Download <a href=\"https:\/\/www.autodesk.com\/products\/autocad\/trial-intake\"><strong>T\u1ea0I \u0110\u00c2Y<\/strong><\/a><\/p>\n<h4><strong>*Giao h\u00e0ng:<\/strong><\/h4>\n<p>\u2013 M\u00e3 Key s\u1ebd \u0111\u01b0\u1ee3c g\u1eedi v\u00e0o email c\u1ee7a kh\u00e1ch h\u00e0ng <strong>trong v\u00f2ng 5 ph\u00fat<\/strong> sau khi thanh to\u00e1n th\u00e0nh c\u00f4ng.<\/p>\n<h4><strong>*Ho\u00e0n ti\u1ec1n:<\/strong><\/h4>\n<p>\u2013 Ho\u00e0n ti\u1ec1n <strong>100%<\/strong> n\u1ebfu Key l\u1ed7i, kh\u00f4ng ho\u1ea1t \u0111\u1ed9ng.<\/p>\n<p><i>Kh\u00e1ch th\u01b0\u1eddng mua key <strong>AutoCAD 2025<\/strong> v\u1edbi <a href=\"https:\/\/keyso1.com\/product\/ban-quyen-office-365-dung-cho-5-may-tinh\/\" target=\"_blank\" rel=\"noopener noreferrer\">Office 365<\/a> ho\u1eb7c <a href=\"https:\/\/keyso1.com\/product\/office-2019-professional-plus\/\" target=\"_blank\" rel=\"noopener\">Office 2019 ProPlus<\/a><\/i><\/p>\n<p>&nbsp;<\/p>\n<hr \/>\n<h3><span id=\"Lien_he_mua_key_Windows_11_Pro_ban_quyen_gia_re\"><strong>Li\u00ean h\u1ec7 mua key AutoCAD 2025 b\u1ea3n quy\u1ec1n<\/strong><\/span><\/h3>\n<p>\u0110\u1ec3 \u0111\u01b0\u1ee3c h\u1ed7 tr\u1ee3 nhanh h\u01a1n v\u00e0 gi\u00e1 t\u1ed1t h\u01a1n, c\u00e1c b\u1ea1n c\u00f3 th\u1ec3 mua key <strong>AutoCAD 2025<\/strong> b\u1eb1ng c\u00e1c g\u1ecdi \u0111i\u1ec7n ho\u1eb7c nh\u1eafc tin qua Zalo <strong>0912502068<\/strong><\/p>\n<h3><strong>B\u1ea3ng gi\u00e1 key AutoCAD 2025 <\/strong><span id=\"Bang_gia_mua_key_ban_quyen_Windows_11_Gia_re_Home_Pro_Edu\"><strong>b\u1ea3n quy\u1ec1n (Gi\u00e1 ni\u00eam y\u1ebft C\u1eadp nh\u1eadt th\u00e1ng 7\/2024)<\/strong><\/span><span id=\"Bang_gia_mua_key_ban_quyen_Windows_11_Gia_re_Home_Pro_Edu\"><strong><br \/>\n<\/strong><\/span><\/h3>\n<p><img loading=\"lazy\" class=\"alignnone wp-image-226\" src=\"https:\/\/banquyen.karogroup.vn\/wp-content\/uploads\/2023\/02\/AutoCAD-Price-300x113.jpg\" alt=\"\" width=\"436\" height=\"164\" srcset=\"https:\/\/banquyen.karogroup.vn\/wp-content\/uploads\/2023\/02\/AutoCAD-Price-300x113.jpg 300w, https:\/\/banquyen.karogroup.vn\/wp-content\/uploads\/2023\/02\/AutoCAD-Price-600x225.jpg 600w, https:\/\/banquyen.karogroup.vn\/wp-content\/uploads\/2023\/02\/AutoCAD-Price.jpg 668w\" sizes=\"(max-width: 436px) 100vw, 436px\" \/><\/p>\n<p><strong>L\u01b0u \u00fd:<\/strong><\/p>\n<p><em>\u2013 <strong>LI\u00caN H\u1ec6 \u0110\u1ec2 C\u00d3 GI\u00c1 T\u1ed0T NH\u1ea4T<\/strong><\/em><\/p>\n<p><em>\u2013 Trong qu\u00e1 tr\u00ecnh n\u00e2ng c\u1ea5p, n\u1ebfu c\u00f3 th\u00f4ng b\u00e1o l\u1ed7i th\u00ec vui l\u00f2ng th\u00f4ng b\u00e1o v\u1edbi ch\u00fang t\u00f4i th\u00f4ng qua s\u1ed1 Hotline.<\/em><\/p>\n","protected":false},"excerpt":{"rendered":"<p>Autodesk AutoCAD trang b\u1ecb cho c\u00e1c k\u1ef9 s\u01b0 c\u01a1 kh\u00ed, nh\u00e0 thi\u1ebft k\u1ebf \u0111i\u1ec7n v\u00e0 chuy\u00ean gia s\u1ea3n xu\u1ea5t c\u00e1c c\u00f4ng c\u1ee5 ch\u00ednh x\u00e1c \u0111\u1ec3:<\/p>\n<ul>\n<li>Thi\u1ebft k\u1ebf v\u00e0 ch\u00fa th\u00edch s\u01a1 \u0111\u1ed3 2D v\u00e0 m\u00f4 h\u00ecnh 3D v\u1edbi c\u00e1c v\u1eadt th\u1ec3 r\u1eafn, b\u1ec1 m\u1eb7t v\u00e0 l\u01b0\u1edbi<\/li>\n<li>T\u1ef1 \u0111\u1ed9ng h\u00f3a c\u00e1c t\u00e1c v\u1ee5 so\u1ea1n th\u1ea3o \u0111\u1ec3 \u0111\u1eb7t c\u00e1c \u0111\u1ed1i t\u01b0\u1ee3ng b\u1eb1ng AI, so s\u00e1nh c\u00e1c k\u1ebf ho\u1ea1ch, t\u1ea1o b\u1ea3ng k\u00ea v\u1eadt li\u1ec7u (BOM), xu\u1ea5t b\u1ea3n trang t\u00ednh, v.v.<\/li>\n<li>T\u1ed1i \u0111a h\u00f3a n\u0103ng su\u1ea5t v\u1edbi c\u00e1c b\u1ed9 ph\u1eadn, ti\u00eau chu\u1ea9n v\u00e0 \u1ee9ng d\u1ee5ng d\u00e0nh ri\u00eang cho ng\u00e0nh<\/li>\n<\/ul>\n","protected":false},"featured_media":361,"comment_status":"open","ping_status":"closed","template":"","meta":{"_monsterinsights_skip_tracking":false,"_monsterinsights_sitenote_active":false,"_monsterinsights_sitenote_note":"","_monsterinsights_sitenote_category":0},"product_cat":[19],"product_tag":[33,34],"_links":{"self":[{"href":"https:\/\/banquyen.karogroup.vn\/index.php?rest_route=\/wp\/v2\/product\/106"}],"collection":[{"href":"https:\/\/banquyen.karogroup.vn\/index.php?rest_route=\/wp\/v2\/product"}],"about":[{"href":"https:\/\/banquyen.karogroup.vn\/index.php?rest_route=\/wp\/v2\/types\/product"}],"replies":[{"embeddable":true,"href":"https:\/\/banquyen.karogroup.vn\/index.php?rest_route=%2Fwp%2Fv2%2Fcomments&post=106"}],"wp:featuredmedia":[{"embeddable":true,"href":"https:\/\/banquyen.karogroup.vn\/index.php?rest_route=\/wp\/v2\/media\/361"}],"wp:attachment":[{"href":"https:\/\/banquyen.karogroup.vn\/index.php?rest_route=%2Fwp%2Fv2%2Fmedia&parent=106"}],"wp:term":[{"taxonomy":"product_cat","embeddable":true,"href":"https:\/\/banquyen.karogroup.vn\/index.php?rest_route=%2Fwp%2Fv2%2Fproduct_cat&post=106"},{"taxonomy":"product_tag","embeddable":true,"href":"https:\/\/banquyen.karogroup.vn\/index.php?rest_route=%2Fwp%2Fv2%2Fproduct_tag&post=106"}],"curies":[{"name":"wp","href":"https:\/\/api.w.org\/{rel}","templated":true}]}}